{"id":692,"date":"2020-08-16T16:18:36","date_gmt":"2020-08-16T14:18:36","guid":{"rendered":"https:\/\/msc-schnaitheim.de\/wordpress\/?page_id=692"},"modified":"2022-04-12T08:35:24","modified_gmt":"2022-04-12T06:35:24","slug":"gastfahrer-anmeldung-2","status":"publish","type":"page","link":"https:\/\/msc-schnaitheim.de\/wordpress\/gastfahrer-anmeldung-2\/","title":{"rendered":"Gastfahrer Anmeldung"},"content":{"rendered":"\n<p>Aktuell m\u00fcsst ihr euch f\u00fcr das Gastfahrertraining am Mittwoch (17 &#8211; 20Uhr) im Voraus hier anmelden.<\/p>\n\n\n\n<p><!--<p>Du willst zu uns zum Trainieren kommen?<br>Dann f\u00fcll schnell die Anmeldung hier aus und wir werden sie dir baldm\u00f6glichst best\u00e4tigen.<\/p>--><\/p>\n\n\n\n\n\n<div class=\"wpforms-container wpforms-container-full wpforms-block\" id=\"wpforms-690\"><form id=\"wpforms-form-690\" class=\"wpforms-validate wpforms-form\" data-formid=\"690\" method=\"post\" enctype=\"multipart\/form-data\" action=\"\/wordpress\/wp-json\/wp\/v2\/pages\/692\" data-token=\"9a0b269f5da607d0bdf39ad1cfbac8fe\" data-token-time=\"1775252185\"><noscript class=\"wpforms-error-noscript\">Bitte aktiviere JavaScript in deinem Browser, um dieses Formular fertigzustellen.<\/noscript><div class=\"wpforms-field-container\"><div id=\"wpforms-690-field_0-container\" class=\"wpforms-field wpforms-field-name\" data-field-id=\"0\"><label class=\"wpforms-field-label\">Name <span class=\"wpforms-required-label\">*<\/span><\/label><div class=\"wpforms-field-row wpforms-field-medium\"><div class=\"wpforms-field-row-block wpforms-first wpforms-one-half\"><input type=\"text\" id=\"wpforms-690-field_0\" class=\"wpforms-field-name-first wpforms-field-required\" name=\"wpforms[fields][0][first]\" required><label for=\"wpforms-690-field_0\" class=\"wpforms-field-sublabel after\">Vorname<\/label><\/div><div class=\"wpforms-field-row-block wpforms-one-half\"><input type=\"text\" id=\"wpforms-690-field_0-last\" class=\"wpforms-field-name-last wpforms-field-required\" name=\"wpforms[fields][0][last]\" required><label for=\"wpforms-690-field_0-last\" class=\"wpforms-field-sublabel after\">Nachname<\/label><\/div><\/div><\/div><div id=\"wpforms-690-field_1-container\" class=\"wpforms-field wpforms-field-email\" data-field-id=\"1\"><label class=\"wpforms-field-label\" for=\"wpforms-690-field_1\">E-Mail <span class=\"wpforms-required-label\">*<\/span><\/label><input type=\"email\" id=\"wpforms-690-field_1\" class=\"wpforms-field-medium wpforms-field-required\" name=\"wpforms[fields][1]\" spellcheck=\"false\" required><\/div><div id=\"wpforms-690-field_6-container\" class=\"wpforms-field wpforms-field-date-time\" data-field-id=\"6\"><label class=\"wpforms-field-label\" for=\"wpforms-690-field_6\">Trainings-Datum <span class=\"wpforms-required-label\">*<\/span><\/label><div class=\"wpforms-datepicker-wrap\"><input type=\"text\" id=\"wpforms-690-field_6\" class=\"wpforms-field-date-time-date wpforms-datepicker wpforms-field-required wpforms-field-medium\" data-date-format=\"d\/m\/Y\" data-limit-days=\"wed\" data-disable-past-dates=\"1\" data-disable-todays-date=\"0\" data-input=\"true\" name=\"wpforms[fields][6][date]\" required><a title=\"Datum leeren\" data-clear role=\"button\" tabindex=\"0\" class=\"wpforms-datepicker-clear\" aria-label=\"Datum leeren\" style=\"display:none;\"><\/a><\/div><div class=\"wpforms-field-description\">gew\u00fcnschtes Datum f\u00fcr Dein Gastfahrertraining<\/div><\/div><div id=\"wpforms-690-field_5-container\" class=\"wpforms-field wpforms-field-textarea\" data-field-id=\"5\"><label class=\"wpforms-field-label\" for=\"wpforms-690-field_5\">Zus\u00e4tzlicher Kommentar<\/label><textarea id=\"wpforms-690-field_5\" class=\"wpforms-field-medium\" name=\"wpforms[fields][5]\" ><\/textarea><\/div><\/div><!-- .wpforms-field-container --><div class=\"wpforms-recaptcha-container wpforms-is-recaptcha wpforms-is-recaptcha-type-invisible\" ><div class=\"g-recaptcha\" data-sitekey=\"6LfNHsAZAAAAAOILOW9WXHVfcXNvDgJ8Pq3b9gsW\" data-size=\"invisible\"><\/div><\/div><div class=\"wpforms-submit-container\" ><input type=\"hidden\" name=\"wpforms[id]\" value=\"690\"><input type=\"hidden\" name=\"page_title\" value=\"\"><input type=\"hidden\" name=\"page_url\" value=\"https:\/\/msc-schnaitheim.de\/wordpress\/wp-json\/wp\/v2\/pages\/692\"><input type=\"hidden\" name=\"url_referer\" value=\"\"><button type=\"submit\" name=\"wpforms[submit]\" id=\"wpforms-submit-690\" class=\"wpforms-submit\" data-alt-text=\"Senden...\" data-submit-text=\"Anmelden\" aria-live=\"assertive\" value=\"wpforms-submit\">Anmelden<\/button><\/div><\/form><\/div>  <!-- .wpforms-container -->","protected":false},"excerpt":{"rendered":"<p>Aktuell m\u00fcsst ihr euch f\u00fcr das Gastfahrertraining am Mittwoch (17 &#8211; 20Uhr) im Voraus hier anmelden.<\/p>\n","protected":false},"author":1,"featured_media":0,"parent":0,"menu_order":0,"comment_status":"closed","ping_status":"closed","template":"","meta":{"advanced_seo_description":"","jetpack_seo_html_title":"","jetpack_seo_noindex":false,"ngg_post_thumbnail":0,"footnotes":""},"class_list":["post-692","page","type-page","status-publish","hentry"],"jetpack-related-posts":[{"id":1200,"url":"https:\/\/msc-schnaitheim.de\/wordpress\/anmeldung-und-formulare\/","url_meta":{"origin":692,"position":0},"title":"Infos, Anmeldung &#038; Formulare","author":"Markus","date":"5. April 2022","format":false,"excerpt":"Allgemeine Informationen Trainingsinformationen, Trainingszeiten & Trainingsverordnung Tagestrainingspass Lizenzbeihilfe Infos f\u00fcr Einsteiger & Jugendabteilung Ansprechpartner & Vorstand Strecke & Training Anfahrt Mitglied werden Du willst bei uns Mitglied werden? Gerne!F\u00fclle einfach den Mitgliedsantrag aus und das SEPA Lastschriftmandat und bringe es zu den Trainingszeiten in der H\u00fctte vorbei oder sende uns\u2026","rel":"","context":"\u00c4hnlicher Beitrag","block_context":{"text":"\u00c4hnlicher Beitrag","link":""},"img":{"alt_text":"","src":"","width":0,"height":0},"classes":[]},{"id":31,"url":"https:\/\/msc-schnaitheim.de\/wordpress\/strecke-trainingszeiten\/","url_meta":{"origin":692,"position":1},"title":"Strecke &#038; Training","author":"webadministrator","date":"2. Februar 2020","format":false,"excerpt":"Streckenbeschreibung der DM-Strecke \"am Hafnerh\u00e4ule\" Lehmiger Hartboden mit kleinen Steinen. Die Strecke ist durchgehend 6 Meter breit, weitl\u00e4ufig und zeichnet sich zudem durch steile Auf- und Abfahrten aus. Lange und kurze Table, Step-Up, Step-Down und Wellen runden die DM-Strecke ab. Eine anspruchsvolle Stecke, die Hobbyfahrer wie auch Profis begeistert. Streckenverordnung\u2026","rel":"","context":"\u00c4hnlicher Beitrag","block_context":{"text":"\u00c4hnlicher Beitrag","link":""},"img":{"alt_text":"","src":"https:\/\/i0.wp.com\/msc-schnaitheim.de\/wordpress\/wp-content\/uploads\/2020\/05\/2020_Strecke_neu-scaled.jpg?resize=350%2C200&ssl=1","width":350,"height":200,"srcset":"https:\/\/i0.wp.com\/msc-schnaitheim.de\/wordpress\/wp-content\/uploads\/2020\/05\/2020_Strecke_neu-scaled.jpg?resize=350%2C200&ssl=1 1x, https:\/\/i0.wp.com\/msc-schnaitheim.de\/wordpress\/wp-content\/uploads\/2020\/05\/2020_Strecke_neu-scaled.jpg?resize=525%2C300&ssl=1 1.5x, https:\/\/i0.wp.com\/msc-schnaitheim.de\/wordpress\/wp-content\/uploads\/2020\/05\/2020_Strecke_neu-scaled.jpg?resize=700%2C400&ssl=1 2x, https:\/\/i0.wp.com\/msc-schnaitheim.de\/wordpress\/wp-content\/uploads\/2020\/05\/2020_Strecke_neu-scaled.jpg?resize=1050%2C600&ssl=1 3x, https:\/\/i0.wp.com\/msc-schnaitheim.de\/wordpress\/wp-content\/uploads\/2020\/05\/2020_Strecke_neu-scaled.jpg?resize=1400%2C800&ssl=1 4x"},"classes":[]},{"id":2508,"url":"https:\/\/msc-schnaitheim.de\/wordpress\/test\/","url_meta":{"origin":692,"position":2},"title":"Test","author":"Markus","date":"3. Juni 2024","format":false,"excerpt":"","rel":"","context":"\u00c4hnlicher Beitrag","block_context":{"text":"\u00c4hnlicher Beitrag","link":""},"img":{"alt_text":"","src":"","width":0,"height":0},"classes":[]},{"id":61,"url":"https:\/\/msc-schnaitheim.de\/wordpress\/anfahrt\/","url_meta":{"origin":692,"position":3},"title":"Anfahrt","author":"webadministrator","date":"2. Februar 2020","format":false,"excerpt":"Ihr Weg zur Motocross-Strecke \"Hafnerh\u00e4ule\": Auf nach Schnaitheim GPS Koordinaten (Fahrerlager): +48\u00b0 43' 8.40\", +10\u00b0 10' 51.68\" Anfahrtsbeschreibung Der MSC-Schnaitheim hat seine traditionsreiche Rennstrecke in Schnaitheim in der N\u00e4he von Heidenheim. Von der Autobahn A7 kommend nimmt man die Ausfahrt Heidenheim und f\u00e4hrt dann in Richtung Heidenheim.\u00a0Nach ca. 2 km\u2026","rel":"","context":"\u00c4hnlicher Beitrag","block_context":{"text":"\u00c4hnlicher Beitrag","link":""},"img":{"alt_text":"","src":"https:\/\/i0.wp.com\/msc-schnaitheim.de\/wordpress\/wp-content\/uploads\/2020\/02\/header_04.png?fit=960%2C395&ssl=1&resize=350%2C200","width":350,"height":200,"srcset":"https:\/\/i0.wp.com\/msc-schnaitheim.de\/wordpress\/wp-content\/uploads\/2020\/02\/header_04.png?fit=960%2C395&ssl=1&resize=350%2C200 1x, https:\/\/i0.wp.com\/msc-schnaitheim.de\/wordpress\/wp-content\/uploads\/2020\/02\/header_04.png?fit=960%2C395&ssl=1&resize=525%2C300 1.5x, https:\/\/i0.wp.com\/msc-schnaitheim.de\/wordpress\/wp-content\/uploads\/2020\/02\/header_04.png?fit=960%2C395&ssl=1&resize=700%2C400 2x"},"classes":[]},{"id":51,"url":"https:\/\/msc-schnaitheim.de\/wordpress\/wir-ueber-uns\/","url_meta":{"origin":692,"position":4},"title":"Wir \u00fcber uns","author":"webadministrator","date":"2. Februar 2020","format":false,"excerpt":"Tradition seit 1949 Der MSC Schnaitheim e.V. im ADAC ist ein traditionsreicher Verein mit derzeit ca. 360 Mitgliedern, der am 1.10.1949 gegr\u00fcndet wurde. Der Verein kann auf eine erfolgreiche Geschichte zur\u00fcckblicken und hofft auf eine gleichsam erfolgreiche Zukunft.Jahr f\u00fcr Jahr organisieren wir mit unseren tatkr\u00e4ftigen Mitgliedern zahlreiche Motorsportveranstaltungen wie unser\u2026","rel":"","context":"\u00c4hnlicher Beitrag","block_context":{"text":"\u00c4hnlicher Beitrag","link":""},"img":{"alt_text":"","src":"https:\/\/i0.wp.com\/msc-schnaitheim.de\/wordpress\/wp-content\/uploads\/2020\/02\/header_04.png?fit=960%2C395&ssl=1&resize=350%2C200","width":350,"height":200,"srcset":"https:\/\/i0.wp.com\/msc-schnaitheim.de\/wordpress\/wp-content\/uploads\/2020\/02\/header_04.png?fit=960%2C395&ssl=1&resize=350%2C200 1x, https:\/\/i0.wp.com\/msc-schnaitheim.de\/wordpress\/wp-content\/uploads\/2020\/02\/header_04.png?fit=960%2C395&ssl=1&resize=525%2C300 1.5x, https:\/\/i0.wp.com\/msc-schnaitheim.de\/wordpress\/wp-content\/uploads\/2020\/02\/header_04.png?fit=960%2C395&ssl=1&resize=700%2C400 2x"},"classes":[]},{"id":911,"url":"https:\/\/msc-schnaitheim.de\/wordpress\/anmeldung-msc-vereins-teamwettbewerb\/","url_meta":{"origin":692,"position":5},"title":"Anmeldung MSC Vereins-Teamwettbewerb","author":"webadministrator","date":"12. September 2021","format":false,"excerpt":"Team Anmeldung Keine Anmeldung mehr m\u00f6glich. Helfer Anmeldung Wir haben bereits gen\u00fcgend Helfer.","rel":"","context":"\u00c4hnlicher Beitrag","block_context":{"text":"\u00c4hnlicher Beitrag","link":""},"img":{"alt_text":"","src":"https:\/\/i0.wp.com\/msc-schnaitheim.de\/wordpress\/wp-content\/uploads\/2021\/09\/Zeitplan.png?resize=350%2C200&ssl=1","width":350,"height":200,"srcset":"https:\/\/i0.wp.com\/msc-schnaitheim.de\/wordpress\/wp-content\/uploads\/2021\/09\/Zeitplan.png?resize=350%2C200&ssl=1 1x, https:\/\/i0.wp.com\/msc-schnaitheim.de\/wordpress\/wp-content\/uploads\/2021\/09\/Zeitplan.png?resize=525%2C300&ssl=1 1.5x, https:\/\/i0.wp.com\/msc-schnaitheim.de\/wordpress\/wp-content\/uploads\/2021\/09\/Zeitplan.png?resize=700%2C400&ssl=1 2x"},"classes":[]}],"jetpack_sharing_enabled":true,"publishpress_future_action":{"enabled":false,"date":"2026-04-10 23:36:25","action":"change-status","newStatus":"draft","terms":[],"taxonomy":""},"publishpress_future_workflow_manual_trigger":{"enabledWorkflows":[]},"_links":{"self":[{"href":"https:\/\/msc-schnaitheim.de\/wordpress\/wp-json\/wp\/v2\/pages\/692","targetHints":{"allow":["GET"]}}],"collection":[{"href":"https:\/\/msc-schnaitheim.de\/wordpress\/wp-json\/wp\/v2\/pages"}],"about":[{"href":"https:\/\/msc-schnaitheim.de\/wordpress\/wp-json\/wp\/v2\/types\/page"}],"author":[{"embeddable":true,"href":"https:\/\/msc-schnaitheim.de\/wordpress\/wp-json\/wp\/v2\/users\/1"}],"replies":[{"embeddable":true,"href":"https:\/\/msc-schnaitheim.de\/wordpress\/wp-json\/wp\/v2\/comments?post=692"}],"version-history":[{"count":12,"href":"https:\/\/msc-schnaitheim.de\/wordpress\/wp-json\/wp\/v2\/pages\/692\/revisions"}],"predecessor-version":[{"id":1364,"href":"https:\/\/msc-schnaitheim.de\/wordpress\/wp-json\/wp\/v2\/pages\/692\/revisions\/1364"}],"wp:attachment":[{"href":"https:\/\/msc-schnaitheim.de\/wordpress\/wp-json\/wp\/v2\/media?parent=692"}],"curies":[{"name":"wp","href":"https:\/\/api.w.org\/{rel}","templated":true}]}}