{"id":69,"date":"2020-02-02T10:56:34","date_gmt":"2020-02-02T09:56:34","guid":{"rendered":"http:\/\/localhost\/wordpress\/?page_id=69"},"modified":"2024-04-12T09:39:41","modified_gmt":"2024-04-12T07:39:41","slug":"infos-fuer-einsteiger","status":"publish","type":"page","link":"https:\/\/msc-schnaitheim.de\/wordpress\/infos-fuer-einsteiger\/","title":{"rendered":"Infos f\u00fcr Einsteiger und Jugendabteilung"},"content":{"rendered":"\n<div class=\"wp-block-media-text alignwide is-stacked-on-mobile\" style=\"grid-template-columns:28% auto\"><figure class=\"wp-block-media-text__media\"><img data-recalc-dims=\"1\" decoding=\"async\" width=\"750\" height=\"714\" src=\"https:\/\/i0.wp.com\/msc-schnaitheim.de\/wordpress\/wp-content\/uploads\/2024\/04\/Maik-Schretzenmeyer.png?resize=750%2C714&#038;ssl=1\" alt=\"\" class=\"wp-image-2467 size-full\" srcset=\"https:\/\/i0.wp.com\/msc-schnaitheim.de\/wordpress\/wp-content\/uploads\/2024\/04\/Maik-Schretzenmeyer.png?w=929&amp;ssl=1 929w, https:\/\/i0.wp.com\/msc-schnaitheim.de\/wordpress\/wp-content\/uploads\/2024\/04\/Maik-Schretzenmeyer.png?resize=200%2C191&amp;ssl=1 200w, https:\/\/i0.wp.com\/msc-schnaitheim.de\/wordpress\/wp-content\/uploads\/2024\/04\/Maik-Schretzenmeyer.png?resize=150%2C143&amp;ssl=1 150w, https:\/\/i0.wp.com\/msc-schnaitheim.de\/wordpress\/wp-content\/uploads\/2024\/04\/Maik-Schretzenmeyer.png?resize=768%2C732&amp;ssl=1 768w\" sizes=\"(max-width: 750px) 100vw, 750px\" \/><\/figure><div class=\"wp-block-media-text__content\">\n<p class=\"has-large-font-size\"><strong>Jugendleiter <\/strong>Maik Schretzenmayer<\/p>\n\n\n\n<p>Zu erreichen unter: <br><br><a href=\"mailto:jugendleitung@msc-schnaitheim.de\">jugendleitung@msc-schnaitheim.de<\/a><\/p>\n<\/div><\/div>\n\n\n\n<h2 class=\"wp-block-heading\">Einstieg ins Motocross <\/h2>\n\n\n\n<p>Motocross ist ein Extrem-Sport und eine Begleitperson muss immer dabei sein.<br>Die Jugendlichen werden konditionell und im Selbstbewusstsein extrem gefordert und gleichzeitig gest\u00e4rkt.<br>Sicherheit hat oberste Priorit\u00e4t!&nbsp;<br>Die Technik und Ausr\u00fcstung muss immer Top in Ordnung sein. Gesundheitlich und konditionell muss jeder Fahrer fit sein<\/p>\n\n\n\n<h2 class=\"wp-block-heading\">Jugendabteilung<\/h2>\n\n\n\n<p>Informationen zu unserer Jugendabteilung, die &#8220;Rennigel&#8221;, sind hier zu finden: <a href=\"https:\/\/msc-schnaitheim.de\/wordpress\/rennigel\/\" data-type=\"page\" data-id=\"67\">Rennigel<\/a><\/p>\n\n\n\n<h2 class=\"wp-block-heading\">Trainingsregeln<\/h2>\n\n\n\n<p>Die Regeln f\u00fcr die Strecke sind strengstens zu beachten um Unf\u00e4lle zu vermeiden.<br>Hier weitere Informationen zu Trainingszeiten und der Trainingsverordung: <a rel=\"noreferrer noopener\" href=\"https:\/\/msc-schnaitheim.de\/wordpress\/wp-content\/uploads\/2020\/02\/Infoblatt_Trainingsregeln__1_.pdf\" data-type=\"URL\" target=\"_blank\">Trainingsregeln<\/a><\/p>\n\n\n\n<figure class=\"wp-block-image size-large\"><img data-recalc-dims=\"1\" decoding=\"async\" width=\"635\" height=\"499\" src=\"https:\/\/i0.wp.com\/localhost\/wordpress\/wp-content\/uploads\/2020\/02\/jugend1.png?resize=635%2C499\" alt=\"\" class=\"wp-image-230\" srcset=\"https:\/\/i0.wp.com\/msc-schnaitheim.de\/wordpress\/wp-content\/uploads\/2020\/02\/jugend1.png?w=635&amp;ssl=1 635w, https:\/\/i0.wp.com\/msc-schnaitheim.de\/wordpress\/wp-content\/uploads\/2020\/02\/jugend1.png?resize=300%2C236&amp;ssl=1 300w\" sizes=\"(max-width: 635px) 100vw, 635px\" \/><\/figure>\n\n\n\n<figure class=\"wp-block-image size-large\"><img data-recalc-dims=\"1\" decoding=\"async\" width=\"650\" height=\"299\" src=\"https:\/\/i0.wp.com\/localhost\/wordpress\/wp-content\/uploads\/2020\/02\/moto_1.png?resize=650%2C299\" alt=\"\" class=\"wp-image-231\" srcset=\"https:\/\/i0.wp.com\/msc-schnaitheim.de\/wordpress\/wp-content\/uploads\/2020\/02\/moto_1.png?w=650&amp;ssl=1 650w, https:\/\/i0.wp.com\/msc-schnaitheim.de\/wordpress\/wp-content\/uploads\/2020\/02\/moto_1.png?resize=300%2C138&amp;ssl=1 300w\" sizes=\"(max-width: 650px) 100vw, 650px\" \/><\/figure>\n\n\n\n<figure class=\"wp-block-image size-large\"><img data-recalc-dims=\"1\" decoding=\"async\" width=\"650\" height=\"306\" src=\"https:\/\/i0.wp.com\/localhost\/wordpress\/wp-content\/uploads\/2020\/02\/moto_2.png?resize=650%2C306\" alt=\"\" class=\"wp-image-232\" srcset=\"https:\/\/i0.wp.com\/msc-schnaitheim.de\/wordpress\/wp-content\/uploads\/2020\/02\/moto_2.png?w=650&amp;ssl=1 650w, https:\/\/i0.wp.com\/msc-schnaitheim.de\/wordpress\/wp-content\/uploads\/2020\/02\/moto_2.png?resize=300%2C141&amp;ssl=1 300w\" sizes=\"(max-width: 650px) 100vw, 650px\" \/><\/figure>\n\n\n\n<figure class=\"wp-block-image size-large\"><img data-recalc-dims=\"1\" decoding=\"async\" width=\"650\" height=\"507\" src=\"https:\/\/i0.wp.com\/localhost\/wordpress\/wp-content\/uploads\/2020\/02\/moto_3.png?resize=650%2C507\" alt=\"\" class=\"wp-image-233\" srcset=\"https:\/\/i0.wp.com\/msc-schnaitheim.de\/wordpress\/wp-content\/uploads\/2020\/02\/moto_3.png?w=650&amp;ssl=1 650w, https:\/\/i0.wp.com\/msc-schnaitheim.de\/wordpress\/wp-content\/uploads\/2020\/02\/moto_3.png?resize=300%2C234&amp;ssl=1 300w\" sizes=\"(max-width: 650px) 100vw, 650px\" \/><\/figure>\n\n\n\n<figure class=\"wp-block-image size-large\"><img data-recalc-dims=\"1\" decoding=\"async\" width=\"650\" height=\"507\" src=\"https:\/\/i0.wp.com\/localhost\/wordpress\/wp-content\/uploads\/2020\/02\/moto_4.png?resize=650%2C507\" alt=\"\" class=\"wp-image-234\" srcset=\"https:\/\/i0.wp.com\/msc-schnaitheim.de\/wordpress\/wp-content\/uploads\/2020\/02\/moto_4.png?w=650&amp;ssl=1 650w, https:\/\/i0.wp.com\/msc-schnaitheim.de\/wordpress\/wp-content\/uploads\/2020\/02\/moto_4.png?resize=300%2C234&amp;ssl=1 300w\" sizes=\"(max-width: 650px) 100vw, 650px\" \/><\/figure>\n\n\n\n<p><\/p>\n\n\n\n<p><\/p>\n","protected":false},"excerpt":{"rendered":"<p>Jugendleiter Maik Schretzenmayer Zu erreichen unter: jugendleitung@msc-schnaitheim.de Einstieg ins Motocross Motocross ist ein Extrem-Sport und eine Begleitperson muss immer dabei sein.Die Jugendlichen werden konditionell und im Selbstbewusstsein extrem gefordert und gleichzeitig gest\u00e4rkt.Sicherheit hat oberste Priorit\u00e4t!&nbsp;Die Technik und Ausr\u00fcstung muss immer<\/p>\n","protected":false},"author":1,"featured_media":0,"parent":0,"menu_order":0,"comment_status":"closed","ping_status":"closed","template":"","meta":{"advanced_seo_description":"","jetpack_seo_html_title":"","jetpack_seo_noindex":false,"ngg_post_thumbnail":0,"footnotes":""},"class_list":["post-69","page","type-page","status-publish","hentry"],"jetpack-related-posts":[{"id":67,"url":"https:\/\/msc-schnaitheim.de\/wordpress\/rennigel\/","url_meta":{"origin":69,"position":0},"title":"Jugendabteilung &#8220;Rennigel&#8221;","author":"webadministrator","date":"2. Februar 2020","format":false,"excerpt":"Die Rennigel vom Hafnerh\u00e4ule Die Motocrossjugend in Schnaitheim das sind die \"Rennigel\". Eine Gruppe von 60 Jugendlichen im Alter von 6 bis 17 Jahren. Der Umgang mit der Technik, die rasanten Geschwindigkeiten und die tollen Spr\u00fcnge faszinieren Jungs und M\u00e4dels. Wer Lust hat diesen spannenden aber auch anspruchsvollen Sport kennen\u2026","rel":"","context":"\u00c4hnlicher Beitrag","block_context":{"text":"\u00c4hnlicher Beitrag","link":""},"img":{"alt_text":"","src":"https:\/\/i0.wp.com\/msc-schnaitheim.de\/wordpress\/wp-content\/uploads\/2020\/02\/header_Rennigel.png?fit=960%2C395&ssl=1&resize=350%2C200","width":350,"height":200,"srcset":"https:\/\/i0.wp.com\/msc-schnaitheim.de\/wordpress\/wp-content\/uploads\/2020\/02\/header_Rennigel.png?fit=960%2C395&ssl=1&resize=350%2C200 1x, https:\/\/i0.wp.com\/msc-schnaitheim.de\/wordpress\/wp-content\/uploads\/2020\/02\/header_Rennigel.png?fit=960%2C395&ssl=1&resize=525%2C300 1.5x, https:\/\/i0.wp.com\/msc-schnaitheim.de\/wordpress\/wp-content\/uploads\/2020\/02\/header_Rennigel.png?fit=960%2C395&ssl=1&resize=700%2C400 2x"},"classes":[]},{"id":57,"url":"https:\/\/msc-schnaitheim.de\/wordpress\/vorstand\/","url_meta":{"origin":69,"position":1},"title":"Vorstand","author":"webadministrator","date":"2. Februar 2020","format":false,"excerpt":"1.\u00a0Vorsitzender Franz Balle Gerhart-Hauptmann-Weg 7, 73447 OberkochenTel.: \u00a00173-6512541 Mail: vorsitzender@msc-schnaitheim.de 2.\u00a0Vorsitzender Joachim Fischer Mail: zweiter-vorsitzender@msc-schnaitheim.de Kassierer Angela Stelzer Mail: schatzmeister@msc-schnaitheim.de Buchhaltung Angela Stelzer Mail: buchhaltung@msc-schnaitheim.de Sportleiter Markus Kaufmann Mail: rennleitung@msc-schnaitheim.de Jugendleiter Maik Schretzenmeyer Mail: jugendleitung@msc-schnaitheim.de Presse David Neuwerth Mail: presse@msc-schnaitheim.de Streckenwart Andreas Sperrle Mail: streckenwart@msc-schnaitheim.de Marketingbeauftragter Christoph Weichert Mail: info@goldschmied-weichert.de\u2026","rel":"","context":"\u00c4hnlicher Beitrag","block_context":{"text":"\u00c4hnlicher Beitrag","link":""},"img":{"alt_text":"","src":"https:\/\/i0.wp.com\/msc-schnaitheim.de\/wordpress\/wp-content\/uploads\/2025\/03\/DavidNeuwerth.jpg?resize=350%2C200&ssl=1","width":350,"height":200,"srcset":"https:\/\/i0.wp.com\/msc-schnaitheim.de\/wordpress\/wp-content\/uploads\/2025\/03\/DavidNeuwerth.jpg?resize=350%2C200&ssl=1 1x, https:\/\/i0.wp.com\/msc-schnaitheim.de\/wordpress\/wp-content\/uploads\/2025\/03\/DavidNeuwerth.jpg?resize=525%2C300&ssl=1 1.5x, https:\/\/i0.wp.com\/msc-schnaitheim.de\/wordpress\/wp-content\/uploads\/2025\/03\/DavidNeuwerth.jpg?resize=700%2C400&ssl=1 2x"},"classes":[]},{"id":51,"url":"https:\/\/msc-schnaitheim.de\/wordpress\/wir-ueber-uns\/","url_meta":{"origin":69,"position":2},"title":"Wir \u00fcber uns","author":"webadministrator","date":"2. Februar 2020","format":false,"excerpt":"Tradition seit 1949 Der MSC Schnaitheim e.V. im ADAC ist ein traditionsreicher Verein mit derzeit ca. 360 Mitgliedern, der am 1.10.1949 gegr\u00fcndet wurde. Der Verein kann auf eine erfolgreiche Geschichte zur\u00fcckblicken und hofft auf eine gleichsam erfolgreiche Zukunft.Jahr f\u00fcr Jahr organisieren wir mit unseren tatkr\u00e4ftigen Mitgliedern zahlreiche Motorsportveranstaltungen wie unser\u2026","rel":"","context":"\u00c4hnlicher Beitrag","block_context":{"text":"\u00c4hnlicher Beitrag","link":""},"img":{"alt_text":"","src":"https:\/\/i0.wp.com\/msc-schnaitheim.de\/wordpress\/wp-content\/uploads\/2020\/02\/header_04.png?fit=960%2C395&ssl=1&resize=350%2C200","width":350,"height":200,"srcset":"https:\/\/i0.wp.com\/msc-schnaitheim.de\/wordpress\/wp-content\/uploads\/2020\/02\/header_04.png?fit=960%2C395&ssl=1&resize=350%2C200 1x, https:\/\/i0.wp.com\/msc-schnaitheim.de\/wordpress\/wp-content\/uploads\/2020\/02\/header_04.png?fit=960%2C395&ssl=1&resize=525%2C300 1.5x, https:\/\/i0.wp.com\/msc-schnaitheim.de\/wordpress\/wp-content\/uploads\/2020\/02\/header_04.png?fit=960%2C395&ssl=1&resize=700%2C400 2x"},"classes":[]},{"id":53,"url":"https:\/\/msc-schnaitheim.de\/wordpress\/msc-ehrentafel\/","url_meta":{"origin":69,"position":3},"title":"MSC Ehrentafel","author":"webadministrator","date":"2. Februar 2020","format":false,"excerpt":"Motocross Siegfried M\u00fcllerWeltmeister 1980 \/ Deutscher Meister 79, 80Emil SchwarzDeutscher Meister 78Rainer SchittenhelmDeutscher Juniorenmeister 79Wolfgang RohrbacherDeutscher Juniorenmeister 79Wolfgang SteinerDeutscher Juniorenmeister 80Harry PolancDeutscher Juniorenmeister 80Harald OttDeutscher Juniorenmeister 80, 81 \/ Deutscher Meister 88Norbert Kl\u00fcpfelDeutscher Juniorenmeister 84Achim K\u00fcnzelDeutscher Jugendmeister 84, 87J\u00fcrgen K\u00fcnzelDeutscher Jugendmeister 85, 86, 90Marc NemethDeutscher Jugendmeister 86Markus KaufmannDeutscher Jugendmeister 87,\u2026","rel":"","context":"\u00c4hnlicher Beitrag","block_context":{"text":"\u00c4hnlicher Beitrag","link":""},"img":{"alt_text":"","src":"","width":0,"height":0},"classes":[]},{"id":31,"url":"https:\/\/msc-schnaitheim.de\/wordpress\/strecke-trainingszeiten\/","url_meta":{"origin":69,"position":4},"title":"Strecke &#038; Training","author":"webadministrator","date":"2. Februar 2020","format":false,"excerpt":"Streckenbeschreibung der DM-Strecke \"am Hafnerh\u00e4ule\" Lehmiger Hartboden mit kleinen Steinen. Die Strecke ist durchgehend 6 Meter breit, weitl\u00e4ufig und zeichnet sich zudem durch steile Auf- und Abfahrten aus. Lange und kurze Table, Step-Up, Step-Down und Wellen runden die DM-Strecke ab. Eine anspruchsvolle Stecke, die Hobbyfahrer wie auch Profis begeistert. Streckenverordnung\u2026","rel":"","context":"\u00c4hnlicher Beitrag","block_context":{"text":"\u00c4hnlicher Beitrag","link":""},"img":{"alt_text":"","src":"https:\/\/i0.wp.com\/msc-schnaitheim.de\/wordpress\/wp-content\/uploads\/2020\/05\/2020_Strecke_neu-scaled.jpg?resize=350%2C200&ssl=1","width":350,"height":200,"srcset":"https:\/\/i0.wp.com\/msc-schnaitheim.de\/wordpress\/wp-content\/uploads\/2020\/05\/2020_Strecke_neu-scaled.jpg?resize=350%2C200&ssl=1 1x, https:\/\/i0.wp.com\/msc-schnaitheim.de\/wordpress\/wp-content\/uploads\/2020\/05\/2020_Strecke_neu-scaled.jpg?resize=525%2C300&ssl=1 1.5x, https:\/\/i0.wp.com\/msc-schnaitheim.de\/wordpress\/wp-content\/uploads\/2020\/05\/2020_Strecke_neu-scaled.jpg?resize=700%2C400&ssl=1 2x, https:\/\/i0.wp.com\/msc-schnaitheim.de\/wordpress\/wp-content\/uploads\/2020\/05\/2020_Strecke_neu-scaled.jpg?resize=1050%2C600&ssl=1 3x, https:\/\/i0.wp.com\/msc-schnaitheim.de\/wordpress\/wp-content\/uploads\/2020\/05\/2020_Strecke_neu-scaled.jpg?resize=1400%2C800&ssl=1 4x"},"classes":[]},{"id":1200,"url":"https:\/\/msc-schnaitheim.de\/wordpress\/anmeldung-und-formulare\/","url_meta":{"origin":69,"position":5},"title":"Infos, Anmeldung &#038; Formulare","author":"Markus","date":"5. April 2022","format":false,"excerpt":"Allgemeine Informationen Trainingsinformationen, Trainingszeiten & Trainingsverordnung Tagestrainingspass Lizenzbeihilfe Infos f\u00fcr Einsteiger & Jugendabteilung Ansprechpartner & Vorstand Strecke & Training Anfahrt Mitglied werden Du willst bei uns Mitglied werden? Gerne!F\u00fclle einfach den Mitgliedsantrag aus und das SEPA Lastschriftmandat und bringe es zu den Trainingszeiten in der H\u00fctte vorbei oder sende uns\u2026","rel":"","context":"\u00c4hnlicher Beitrag","block_context":{"text":"\u00c4hnlicher Beitrag","link":""},"img":{"alt_text":"","src":"","width":0,"height":0},"classes":[]}],"jetpack_sharing_enabled":true,"publishpress_future_action":{"enabled":false,"date":"2026-04-27 07:31:47","action":"change-status","newStatus":"draft","terms":[],"taxonomy":""},"publishpress_future_workflow_manual_trigger":{"enabledWorkflows":[]},"_links":{"self":[{"href":"https:\/\/msc-schnaitheim.de\/wordpress\/wp-json\/wp\/v2\/pages\/69","targetHints":{"allow":["GET"]}}],"collection":[{"href":"https:\/\/msc-schnaitheim.de\/wordpress\/wp-json\/wp\/v2\/pages"}],"about":[{"href":"https:\/\/msc-schnaitheim.de\/wordpress\/wp-json\/wp\/v2\/types\/page"}],"author":[{"embeddable":true,"href":"https:\/\/msc-schnaitheim.de\/wordpress\/wp-json\/wp\/v2\/users\/1"}],"replies":[{"embeddable":true,"href":"https:\/\/msc-schnaitheim.de\/wordpress\/wp-json\/wp\/v2\/comments?post=69"}],"version-history":[{"count":17,"href":"https:\/\/msc-schnaitheim.de\/wordpress\/wp-json\/wp\/v2\/pages\/69\/revisions"}],"predecessor-version":[{"id":2469,"href":"https:\/\/msc-schnaitheim.de\/wordpress\/wp-json\/wp\/v2\/pages\/69\/revisions\/2469"}],"wp:attachment":[{"href":"https:\/\/msc-schnaitheim.de\/wordpress\/wp-json\/wp\/v2\/media?parent=69"}],"curies":[{"name":"wp","href":"https:\/\/api.w.org\/{rel}","templated":true}]}}