{"id":67,"date":"2020-02-02T10:56:17","date_gmt":"2020-02-02T09:56:17","guid":{"rendered":"http:\/\/localhost\/wordpress\/?page_id=67"},"modified":"2024-03-28T11:02:57","modified_gmt":"2024-03-28T10:02:57","slug":"rennigel","status":"publish","type":"page","link":"https:\/\/msc-schnaitheim.de\/wordpress\/rennigel\/","title":{"rendered":"Jugendabteilung &#8220;Rennigel&#8221;"},"content":{"rendered":"\n<h2 class=\"wp-block-heading\">Die Rennigel vom Hafnerh\u00e4ule<\/h2>\n\n\n\n<p>Die  Motocrossjugend in Schnaitheim das sind die &#8220;Rennigel&#8221;. Eine Gruppe von  60 Jugendlichen im Alter von 6 bis 17 Jahren. Der Umgang mit der  Technik, die rasanten Geschwindigkeiten und die tollen Spr\u00fcnge  faszinieren Jungs und M\u00e4dels. Wer Lust hat diesen spannenden aber auch  anspruchsvollen Sport kennen zu lernen, ist beim MSC Schnaitheim perfekt  aufgehoben. Eine eigene Jugendstrecke und fest definierte Jugendzeiten  bieten viel Raum sein K\u00f6nnen zu perfektionieren. Unser Jugendleiter Maik Schretzenmeyer freut sich \u00fcber jedes neue Mitglied und steht mit Rat und Tat zur Seite.<\/p>\n\n\n\n<h2 class=\"wp-block-heading\">Kontakt<\/h2>\n\n\n\n<p>Jugendleiter: <a href=\"mailto:jugendleitung@msc-schnaitheim.de\">jugendleitung@msc-schnaitheim.de<\/a><\/p>\n\n\n\n<p>Adresse siehe ebenfalls <a href=\"https:\/\/msc-schnaitheim.de\/wordpress\/vorstand\/\" data-type=\"page\" data-id=\"57\">Vorstand<\/a><\/p>\n\n\n\n<h2 class=\"wp-block-heading\">Das bietet der MSC Schnaitheim<\/h2>\n\n\n\n<ul class=\"wp-block-list\">\n<li>Schnupperkurse mit vereinseigenem Motorrad<\/li>\n\n\n\n<li>Trainingslehrg\u00e4nge mit Instruktor<\/li>\n\n\n\n<li>Separate Kinderstrecke<\/li>\n\n\n\n<li>Organisierte Ausfl\u00fcge<\/li>\n\n\n\n<li>Technische und Theoretische Unterweisungen<\/li>\n\n\n\n<li>Jugendtrainingszeiten auf der Hauptstrecke<\/li>\n\n\n\n<li>Trainingslehrg\u00e4nge im In- und Ausland<\/li>\n<\/ul>\n\n\n\n<h2 class=\"wp-block-heading\">Trainingszeiten<\/h2>\n\n\n\n<p>Mittwoch: 17.00 Uhr &nbsp;\u2013 20.00 Uhr<br>Sonntag: 09.00 Uhr \u2013 12.00 Uhr (Sonntags nur f\u00fcr Mitglieder. Schnupperkurse nach Absprache m\u00f6glich)<\/p>\n\n\n\n<p>Au\u00dferhalb den Trainingszeiten d\u00fcrfen keine Motorr\u00e4der gestartet werden, auch nicht im Fahrerlager.<\/p>\n\n\n\n<h2 class=\"wp-block-heading\">Beitrag<\/h2>\n\n\n\n<p>Jahresbeitrag 20\u20ac, Trainingspass&nbsp;25\u20ac\/Jahr + 10 Arbeitsstunden und Pflichtveranstaltung.<br>Ohne Fahrerpass kein Fahren!<\/p>\n","protected":false},"excerpt":{"rendered":"<p>Die Rennigel vom Hafnerh\u00e4ule Die Motocrossjugend in Schnaitheim das sind die &#8220;Rennigel&#8221;. Eine Gruppe von 60 Jugendlichen im Alter von 6 bis 17 Jahren. Der Umgang mit der Technik, die rasanten Geschwindigkeiten und die tollen Spr\u00fcnge faszinieren Jungs und M\u00e4dels.<\/p>\n","protected":false},"author":1,"featured_media":227,"parent":0,"menu_order":0,"comment_status":"closed","ping_status":"closed","template":"","meta":{"advanced_seo_description":"","jetpack_seo_html_title":"","jetpack_seo_noindex":false,"ngg_post_thumbnail":0,"footnotes":""},"class_list":["post-67","page","type-page","status-publish","has-post-thumbnail","hentry"],"jetpack-related-posts":[{"id":69,"url":"https:\/\/msc-schnaitheim.de\/wordpress\/infos-fuer-einsteiger\/","url_meta":{"origin":67,"position":0},"title":"Infos f\u00fcr Einsteiger und Jugendabteilung","author":"webadministrator","date":"2. Februar 2020","format":false,"excerpt":"Jugendleiter Maik Schretzenmayer Zu erreichen unter: jugendleitung@msc-schnaitheim.de Einstieg ins Motocross Motocross ist ein Extrem-Sport und eine Begleitperson muss immer dabei sein.Die Jugendlichen werden konditionell und im Selbstbewusstsein extrem gefordert und gleichzeitig gest\u00e4rkt.Sicherheit hat oberste Priorit\u00e4t!\u00a0Die Technik und Ausr\u00fcstung muss immer Top in Ordnung sein. Gesundheitlich und konditionell muss jeder Fahrer\u2026","rel":"","context":"\u00c4hnlicher Beitrag","block_context":{"text":"\u00c4hnlicher Beitrag","link":""},"img":{"alt_text":"","src":"https:\/\/i0.wp.com\/msc-schnaitheim.de\/wordpress\/wp-content\/uploads\/2024\/04\/Maik-Schretzenmeyer.png?resize=350%2C200&ssl=1","width":350,"height":200,"srcset":"https:\/\/i0.wp.com\/msc-schnaitheim.de\/wordpress\/wp-content\/uploads\/2024\/04\/Maik-Schretzenmeyer.png?resize=350%2C200&ssl=1 1x, https:\/\/i0.wp.com\/msc-schnaitheim.de\/wordpress\/wp-content\/uploads\/2024\/04\/Maik-Schretzenmeyer.png?resize=525%2C300&ssl=1 1.5x, https:\/\/i0.wp.com\/msc-schnaitheim.de\/wordpress\/wp-content\/uploads\/2024\/04\/Maik-Schretzenmeyer.png?resize=700%2C400&ssl=1 2x"},"classes":[]},{"id":57,"url":"https:\/\/msc-schnaitheim.de\/wordpress\/vorstand\/","url_meta":{"origin":67,"position":1},"title":"Vorstand","author":"webadministrator","date":"2. Februar 2020","format":false,"excerpt":"1.\u00a0Vorsitzender Franz Balle Gerhart-Hauptmann-Weg 7, 73447 OberkochenTel.: \u00a00173-6512541 Mail: vorsitzender@msc-schnaitheim.de 2.\u00a0Vorsitzender Joachim Fischer Mail: zweiter-vorsitzender@msc-schnaitheim.de Kassierer Angela Stelzer Mail: schatzmeister@msc-schnaitheim.de Buchhaltung Angela Stelzer Mail: buchhaltung@msc-schnaitheim.de Sportleiter Markus Kaufmann Mail: rennleitung@msc-schnaitheim.de Jugendleiter Maik Schretzenmeyer Mail: jugendleitung@msc-schnaitheim.de Presse David Neuwerth Mail: presse@msc-schnaitheim.de Streckenwart Andreas Sperrle Mail: streckenwart@msc-schnaitheim.de Marketingbeauftragter Christoph Weichert Mail: info@goldschmied-weichert.de\u2026","rel":"","context":"\u00c4hnlicher Beitrag","block_context":{"text":"\u00c4hnlicher Beitrag","link":""},"img":{"alt_text":"","src":"https:\/\/i0.wp.com\/msc-schnaitheim.de\/wordpress\/wp-content\/uploads\/2025\/03\/DavidNeuwerth.jpg?resize=350%2C200&ssl=1","width":350,"height":200,"srcset":"https:\/\/i0.wp.com\/msc-schnaitheim.de\/wordpress\/wp-content\/uploads\/2025\/03\/DavidNeuwerth.jpg?resize=350%2C200&ssl=1 1x, https:\/\/i0.wp.com\/msc-schnaitheim.de\/wordpress\/wp-content\/uploads\/2025\/03\/DavidNeuwerth.jpg?resize=525%2C300&ssl=1 1.5x, https:\/\/i0.wp.com\/msc-schnaitheim.de\/wordpress\/wp-content\/uploads\/2025\/03\/DavidNeuwerth.jpg?resize=700%2C400&ssl=1 2x"},"classes":[]},{"id":1842,"url":"https:\/\/msc-schnaitheim.de\/wordpress\/","url_meta":{"origin":67,"position":2},"title":"MSC Schnaitheim","author":"Markus","date":"2. Oktober 2022","format":false,"excerpt":"Aktuelles 2026 Hallo liebe Motocross-Freunde, liebe Eltern und Jugendliche, der MSC Schnaitheim l\u00e4dt euch herzlich zum Motocross Jugendcamp im Rahmen des Pfingstlagers 2026 ein! \ud83d\udcc5 Datum: 25.05. \u2013 27.05.2026\ud83c\udfcd Klassen: 50 bis 125 ccm\ud83d\udc66\ud83d\udc67 Alter: 6 bis 18 Jahre Freut euch auf drei Tage voller Motocross, Training, Action und Gemeinschaft!Euch\u2026","rel":"","context":"\u00c4hnlicher Beitrag","block_context":{"text":"\u00c4hnlicher Beitrag","link":""},"img":{"alt_text":"","src":"https:\/\/i0.wp.com\/msc-schnaitheim.de\/wordpress\/wp-content\/uploads\/2026\/04\/Jugend-Camp-1.jpeg?resize=350%2C200&ssl=1","width":350,"height":200,"srcset":"https:\/\/i0.wp.com\/msc-schnaitheim.de\/wordpress\/wp-content\/uploads\/2026\/04\/Jugend-Camp-1.jpeg?resize=350%2C200&ssl=1 1x, https:\/\/i0.wp.com\/msc-schnaitheim.de\/wordpress\/wp-content\/uploads\/2026\/04\/Jugend-Camp-1.jpeg?resize=525%2C300&ssl=1 1.5x, https:\/\/i0.wp.com\/msc-schnaitheim.de\/wordpress\/wp-content\/uploads\/2026\/04\/Jugend-Camp-1.jpeg?resize=700%2C400&ssl=1 2x, https:\/\/i0.wp.com\/msc-schnaitheim.de\/wordpress\/wp-content\/uploads\/2026\/04\/Jugend-Camp-1.jpeg?resize=1050%2C600&ssl=1 3x, https:\/\/i0.wp.com\/msc-schnaitheim.de\/wordpress\/wp-content\/uploads\/2026\/04\/Jugend-Camp-1.jpeg?resize=1400%2C800&ssl=1 4x"},"classes":[]},{"id":51,"url":"https:\/\/msc-schnaitheim.de\/wordpress\/wir-ueber-uns\/","url_meta":{"origin":67,"position":3},"title":"Wir \u00fcber uns","author":"webadministrator","date":"2. Februar 2020","format":false,"excerpt":"Tradition seit 1949 Der MSC Schnaitheim e.V. im ADAC ist ein traditionsreicher Verein mit derzeit ca. 360 Mitgliedern, der am 1.10.1949 gegr\u00fcndet wurde. Der Verein kann auf eine erfolgreiche Geschichte zur\u00fcckblicken und hofft auf eine gleichsam erfolgreiche Zukunft.Jahr f\u00fcr Jahr organisieren wir mit unseren tatkr\u00e4ftigen Mitgliedern zahlreiche Motorsportveranstaltungen wie unser\u2026","rel":"","context":"\u00c4hnlicher Beitrag","block_context":{"text":"\u00c4hnlicher Beitrag","link":""},"img":{"alt_text":"","src":"https:\/\/i0.wp.com\/msc-schnaitheim.de\/wordpress\/wp-content\/uploads\/2020\/02\/header_04.png?fit=960%2C395&ssl=1&resize=350%2C200","width":350,"height":200,"srcset":"https:\/\/i0.wp.com\/msc-schnaitheim.de\/wordpress\/wp-content\/uploads\/2020\/02\/header_04.png?fit=960%2C395&ssl=1&resize=350%2C200 1x, https:\/\/i0.wp.com\/msc-schnaitheim.de\/wordpress\/wp-content\/uploads\/2020\/02\/header_04.png?fit=960%2C395&ssl=1&resize=525%2C300 1.5x, https:\/\/i0.wp.com\/msc-schnaitheim.de\/wordpress\/wp-content\/uploads\/2020\/02\/header_04.png?fit=960%2C395&ssl=1&resize=700%2C400 2x"},"classes":[]},{"id":1200,"url":"https:\/\/msc-schnaitheim.de\/wordpress\/anmeldung-und-formulare\/","url_meta":{"origin":67,"position":4},"title":"Infos, Anmeldung &#038; Formulare","author":"Markus","date":"5. April 2022","format":false,"excerpt":"Allgemeine Informationen Trainingsinformationen, Trainingszeiten & Trainingsverordnung Tagestrainingspass Lizenzbeihilfe Infos f\u00fcr Einsteiger & Jugendabteilung Ansprechpartner & Vorstand Strecke & Training Anfahrt Mitglied werden Du willst bei uns Mitglied werden? Gerne!F\u00fclle einfach den Mitgliedsantrag aus und das SEPA Lastschriftmandat und bringe es zu den Trainingszeiten in der H\u00fctte vorbei oder sende uns\u2026","rel":"","context":"\u00c4hnlicher Beitrag","block_context":{"text":"\u00c4hnlicher Beitrag","link":""},"img":{"alt_text":"","src":"","width":0,"height":0},"classes":[]},{"id":53,"url":"https:\/\/msc-schnaitheim.de\/wordpress\/msc-ehrentafel\/","url_meta":{"origin":67,"position":5},"title":"MSC Ehrentafel","author":"webadministrator","date":"2. Februar 2020","format":false,"excerpt":"Motocross Siegfried M\u00fcllerWeltmeister 1980 \/ Deutscher Meister 79, 80Emil SchwarzDeutscher Meister 78Rainer SchittenhelmDeutscher Juniorenmeister 79Wolfgang RohrbacherDeutscher Juniorenmeister 79Wolfgang SteinerDeutscher Juniorenmeister 80Harry PolancDeutscher Juniorenmeister 80Harald OttDeutscher Juniorenmeister 80, 81 \/ Deutscher Meister 88Norbert Kl\u00fcpfelDeutscher Juniorenmeister 84Achim K\u00fcnzelDeutscher Jugendmeister 84, 87J\u00fcrgen K\u00fcnzelDeutscher Jugendmeister 85, 86, 90Marc NemethDeutscher Jugendmeister 86Markus KaufmannDeutscher Jugendmeister 87,\u2026","rel":"","context":"\u00c4hnlicher Beitrag","block_context":{"text":"\u00c4hnlicher Beitrag","link":""},"img":{"alt_text":"","src":"","width":0,"height":0},"classes":[]}],"jetpack_sharing_enabled":true,"publishpress_future_action":{"enabled":false,"date":"2026-04-30 15:47:58","action":"change-status","newStatus":"draft","terms":[],"taxonomy":""},"publishpress_future_workflow_manual_trigger":{"enabledWorkflows":[]},"_links":{"self":[{"href":"https:\/\/msc-schnaitheim.de\/wordpress\/wp-json\/wp\/v2\/pages\/67","targetHints":{"allow":["GET"]}}],"collection":[{"href":"https:\/\/msc-schnaitheim.de\/wordpress\/wp-json\/wp\/v2\/pages"}],"about":[{"href":"https:\/\/msc-schnaitheim.de\/wordpress\/wp-json\/wp\/v2\/types\/page"}],"author":[{"embeddable":true,"href":"https:\/\/msc-schnaitheim.de\/wordpress\/wp-json\/wp\/v2\/users\/1"}],"replies":[{"embeddable":true,"href":"https:\/\/msc-schnaitheim.de\/wordpress\/wp-json\/wp\/v2\/comments?post=67"}],"version-history":[{"count":8,"href":"https:\/\/msc-schnaitheim.de\/wordpress\/wp-json\/wp\/v2\/pages\/67\/revisions"}],"predecessor-version":[{"id":2463,"href":"https:\/\/msc-schnaitheim.de\/wordpress\/wp-json\/wp\/v2\/pages\/67\/revisions\/2463"}],"wp:featuredmedia":[{"embeddable":true,"href":"https:\/\/msc-schnaitheim.de\/wordpress\/wp-json\/wp\/v2\/media\/227"}],"wp:attachment":[{"href":"https:\/\/msc-schnaitheim.de\/wordpress\/wp-json\/wp\/v2\/media?parent=67"}],"curies":[{"name":"wp","href":"https:\/\/api.w.org\/{rel}","templated":true}]}}