{"id":65,"date":"2020-02-02T10:56:03","date_gmt":"2020-02-02T09:56:03","guid":{"rendered":"http:\/\/localhost\/wordpress\/?page_id=65"},"modified":"2022-04-04T23:13:37","modified_gmt":"2022-04-04T21:13:37","slug":"ergebnisse-bw-cup","status":"publish","type":"page","link":"https:\/\/msc-schnaitheim.de\/wordpress\/ergebnisse-bw-cup\/","title":{"rendered":"Ergebnisse BW-Cup"},"content":{"rendered":"\n<h2 class=\"wp-block-heading\">Ergebnisse 2017<\/h2>\n\n\n\n<p> Am 13.5.\n fand in Frankenbach die Auftaktveranstaltung zum ADAC BW-Cup,der \nBaden-w\u00fcrttembergischen Jugend-Motocrossmeisterschaft statt.Auf der 1500\n Meter langen Hartbodenstrecke waren auch einige Starter des MSC \nSchnaitheim und des MSC Gerstetten\n am Start.Bei sch\u00f6nem Fr\u00fchlingswetter,23Grad und Sonnenschein,rollten \nf\u00fcr den MSC Schnaitheim Tim Staab mit der Startnummer 15 in Klasse \n1,Dominik Arnold mit der Startnummer 12 und Cevin Kr\u00f6ner mit der \nStartnummer 32 in Klasse 4 an den Start.F\u00fcr den MSC Gerstetten\n fuhr in Klasse 1 Elena Turi mit der Startnummer 67,in Klasse 2 \nSebastian Haidle mit der Startnummer 28 und Lennox Baum mit der \nStartnummer 66,in Klasse 3<br> Luca Beiermeister mit der Startnummer \n8,Dominik Gollmer mit der Startnummer 14,Simon M\u00e4der mit der Startnummer\n 46,Jonas G\u00f6kelmann mit der Startnummer 64 und Taylan Ilbars mit der \nStartnummer 74,in Klasse 4 warJoshua Thalhofer mit der Startnummer 19 \nund in Klasse 5 Enis Ilbars mit der Startnummer 16.<br> Beim Start zum \nersten Lauf der Klasse 1 hatte Tim Staab vom MSC Schnaitheim Pech,da ein\n neben ihm gestarteter Fahrer st\u00fcrzte und in seine Linie fiel,Tim Staab \nmusste deshalb kurz vom Gas gehen und kam so erst als 14. in die erste \nKurve.F\u00fcr Elena Turi hingegen lief der Start bedeutend besser,sie konnte\n sich auf Platz 4 einreihen und bis zur Zielflagge auch halten.Tim Staab\n zeigte Kampfgeist und fuhr im Rennverlauf Platz um Platz nach vorne.Bei\n seiner Aufholjagd wurde Tim Staab allerdings einige Male durch \nGelbeflaggen und dem damit verbundenen \u00dcberholverbot eingebremst.Am Ende\n des Rennens sah Tim Staab die Zielflagge als 5.<br> Beim Start zum \n2.Lauf wiederholte sich das Szenario aus dem ersten Lauf,wieder st\u00fcrzte \nein Fahrer neben Tim Staab und das Motorrad des gest\u00fcrzten flog vor die \nKTM von Tim Staab,dieser musste diesmal sogar kurz anhalten um einen \nSturz zu vermeiden und kam so als vorletzter durch die erste Kurve.Elena\n Turi hatte wieder einen guten Start und kam auf Position 4 aus der \nersten Runde zur\u00fcck.Im weiteren Rennverlauf konnte Elena Turi noch einen\n Platz gut machen und beendete Lauf 2 als 3.Tim Staab der nach dem Start\n bereits einigen R\u00fcckstand zum Rest des Feldes hatte,blies zum Angriff \nnach der Startkurve zum Angriff.Runde um Runde fuhr er n\u00e4her an die \nSpitze des Feldes heran und nach einigen sehenswerten \u00dcberholman\u00f6vern \nbeendete er den 2. Lauf als 6.<br> Im ersten Lauf der Klasse 2 zeigten Sebastian Haidle und Lennox Baum beide vom MSC Gerstetten gute Leistungen und <br>\n konnten mit Platz 16 (Sebastian Haidle)und Platz 17 (Lennox Baum) \nPunkte f\u00fcr die Meisterschaft einfahren.Im 2. Lauf der Klasse 2 taten \nsich die beiden MSCler auf der anspruchsvollen Strecke etwas schwerer \nund so sah Sebastian Haidle als 19. und Lennox Baum als 20. die \nZielflagge.<br> In Klasse 3 waren 5 Fahrer des MSC Gerstetten\n am Start.Hier konnte Simon M\u00e4der den 1.Lauf als 3.,Luca Beiermeister \nals 5.,Taylan Ilbars als 9. und Jonas G\u00f6ckelmann als 20. beenden und so \njeweils Punkte f\u00fcr die Meisterschaft einfahren.Dominik Gollmer blieb in \nLauf 1 mit Platz 27 leider ohne Punkte.Den 2. Lauf beendete Luca \nBeiermeister auf Platz 5.Taylan Ilbars wurde 14. und Jonas G\u00f6ckelmann \n16. Dominik Gollmer schied auf Grund eines Sturzes im 2.Lauf aus und \nSimon M\u00e4der konnte den 2.Lauf wegen eines technischen Defekts nicht \nbeenden.<br> Im 1. Lauf der Klasse 4 zeigte Cevin Kr\u00f6ner vom MSC \nSchnaitheim am Start die beste Reaktion und konnte sich den Holeshot \n(als erster durch die erste Kurve)sichern.Mit einer fehlerfreien Fahrt \n\u00fcber die Renndistanz von 15 Minuten plus einer Runde gab Cevin Kr\u00f6ner \nPosition 1 auch nicht mehr ab und konnte so einen Start-Ziel Sieg \nfeiern.Joshua Thalhofer vom MSC Gerstetten\n zeigte mit Platz 9 genauso wie Dominik Arnold vom MSC Schnaitheim mit \nPlatz 13 eine tolle Leistung.Im 2. Lauf der Klasse 4 legte Cevin Kr\u00f6ner \nwieder einen tollen Speed an den Tag und konnte auch diesen Lauf f\u00fcr \nsich entscheiden und somit nochmals 25 Punkte f\u00fcr die Meisterschaft \neinfahren.Joshua Thalhofer konnte Lauf 2 als 7. und Dominik Arnold als \n16. beenden.<br> In Klasse 5 stand Enis Ilbars vom MSC Gerstetten hinter dem Startgatter.Er konnte Lauf 1 als 18. beenden.In Lauf 2 sah Enis Ilbars die Zielflagge leider nicht.<\/p>\n","protected":false},"excerpt":{"rendered":"<p>Ergebnisse 2017 Am 13.5. fand in Frankenbach die Auftaktveranstaltung zum ADAC BW-Cup,der Baden-w\u00fcrttembergischen Jugend-Motocrossmeisterschaft statt.Auf der 1500 Meter langen Hartbodenstrecke waren auch einige Starter des MSC Schnaitheim und des MSC Gerstetten am Start.Bei sch\u00f6nem Fr\u00fchlingswetter,23Grad und Sonnenschein,rollten f\u00fcr den MSC<\/p>\n","protected":false},"author":1,"featured_media":136,"parent":0,"menu_order":0,"comment_status":"closed","ping_status":"closed","template":"","meta":{"advanced_seo_description":"","jetpack_seo_html_title":"","jetpack_seo_noindex":false,"ngg_post_thumbnail":0,"footnotes":""},"class_list":["post-65","page","type-page","status-publish","has-post-thumbnail","hentry"],"jetpack-related-posts":[{"id":1842,"url":"https:\/\/msc-schnaitheim.de\/wordpress\/","url_meta":{"origin":65,"position":0},"title":"MSC Schnaitheim","author":"Markus","date":"2. Oktober 2022","format":false,"excerpt":"Aktuelles 2026 Hallo liebe Motocross-Freunde, liebe Eltern und Jugendliche, der MSC Schnaitheim l\u00e4dt euch herzlich zum Motocross Jugendcamp im Rahmen des Pfingstlagers 2026 ein! \ud83d\udcc5 Datum: 25.05. \u2013 27.05.2026\ud83c\udfcd Klassen: 50 bis 125 ccm\ud83d\udc66\ud83d\udc67 Alter: 6 bis 18 Jahre Freut euch auf drei Tage voller Motocross, Training, Action und Gemeinschaft!Euch\u2026","rel":"","context":"\u00c4hnlicher Beitrag","block_context":{"text":"\u00c4hnlicher Beitrag","link":""},"img":{"alt_text":"","src":"https:\/\/i0.wp.com\/msc-schnaitheim.de\/wordpress\/wp-content\/uploads\/2026\/04\/Jugend-Camp-1.jpeg?resize=350%2C200&ssl=1","width":350,"height":200,"srcset":"https:\/\/i0.wp.com\/msc-schnaitheim.de\/wordpress\/wp-content\/uploads\/2026\/04\/Jugend-Camp-1.jpeg?resize=350%2C200&ssl=1 1x, https:\/\/i0.wp.com\/msc-schnaitheim.de\/wordpress\/wp-content\/uploads\/2026\/04\/Jugend-Camp-1.jpeg?resize=525%2C300&ssl=1 1.5x, https:\/\/i0.wp.com\/msc-schnaitheim.de\/wordpress\/wp-content\/uploads\/2026\/04\/Jugend-Camp-1.jpeg?resize=700%2C400&ssl=1 2x, https:\/\/i0.wp.com\/msc-schnaitheim.de\/wordpress\/wp-content\/uploads\/2026\/04\/Jugend-Camp-1.jpeg?resize=1050%2C600&ssl=1 3x, https:\/\/i0.wp.com\/msc-schnaitheim.de\/wordpress\/wp-content\/uploads\/2026\/04\/Jugend-Camp-1.jpeg?resize=1400%2C800&ssl=1 4x"},"classes":[]},{"id":53,"url":"https:\/\/msc-schnaitheim.de\/wordpress\/msc-ehrentafel\/","url_meta":{"origin":65,"position":1},"title":"MSC Ehrentafel","author":"webadministrator","date":"2. Februar 2020","format":false,"excerpt":"Motocross Siegfried M\u00fcllerWeltmeister 1980 \/ Deutscher Meister 79, 80Emil SchwarzDeutscher Meister 78Rainer SchittenhelmDeutscher Juniorenmeister 79Wolfgang RohrbacherDeutscher Juniorenmeister 79Wolfgang SteinerDeutscher Juniorenmeister 80Harry PolancDeutscher Juniorenmeister 80Harald OttDeutscher Juniorenmeister 80, 81 \/ Deutscher Meister 88Norbert Kl\u00fcpfelDeutscher Juniorenmeister 84Achim K\u00fcnzelDeutscher Jugendmeister 84, 87J\u00fcrgen K\u00fcnzelDeutscher Jugendmeister 85, 86, 90Marc NemethDeutscher Jugendmeister 86Markus KaufmannDeutscher Jugendmeister 87,\u2026","rel":"","context":"\u00c4hnlicher Beitrag","block_context":{"text":"\u00c4hnlicher Beitrag","link":""},"img":{"alt_text":"","src":"","width":0,"height":0},"classes":[]},{"id":31,"url":"https:\/\/msc-schnaitheim.de\/wordpress\/strecke-trainingszeiten\/","url_meta":{"origin":65,"position":2},"title":"Strecke &#038; Training","author":"webadministrator","date":"2. Februar 2020","format":false,"excerpt":"Streckenbeschreibung der DM-Strecke \"am Hafnerh\u00e4ule\" Lehmiger Hartboden mit kleinen Steinen. Die Strecke ist durchgehend 6 Meter breit, weitl\u00e4ufig und zeichnet sich zudem durch steile Auf- und Abfahrten aus. Lange und kurze Table, Step-Up, Step-Down und Wellen runden die DM-Strecke ab. Eine anspruchsvolle Stecke, die Hobbyfahrer wie auch Profis begeistert. Streckenverordnung\u2026","rel":"","context":"\u00c4hnlicher Beitrag","block_context":{"text":"\u00c4hnlicher Beitrag","link":""},"img":{"alt_text":"","src":"https:\/\/i0.wp.com\/msc-schnaitheim.de\/wordpress\/wp-content\/uploads\/2020\/05\/2020_Strecke_neu-scaled.jpg?resize=350%2C200&ssl=1","width":350,"height":200,"srcset":"https:\/\/i0.wp.com\/msc-schnaitheim.de\/wordpress\/wp-content\/uploads\/2020\/05\/2020_Strecke_neu-scaled.jpg?resize=350%2C200&ssl=1 1x, https:\/\/i0.wp.com\/msc-schnaitheim.de\/wordpress\/wp-content\/uploads\/2020\/05\/2020_Strecke_neu-scaled.jpg?resize=525%2C300&ssl=1 1.5x, https:\/\/i0.wp.com\/msc-schnaitheim.de\/wordpress\/wp-content\/uploads\/2020\/05\/2020_Strecke_neu-scaled.jpg?resize=700%2C400&ssl=1 2x, https:\/\/i0.wp.com\/msc-schnaitheim.de\/wordpress\/wp-content\/uploads\/2020\/05\/2020_Strecke_neu-scaled.jpg?resize=1050%2C600&ssl=1 3x, https:\/\/i0.wp.com\/msc-schnaitheim.de\/wordpress\/wp-content\/uploads\/2020\/05\/2020_Strecke_neu-scaled.jpg?resize=1400%2C800&ssl=1 4x"},"classes":[]},{"id":2274,"url":"https:\/\/msc-schnaitheim.de\/wordpress\/msc-mitglieder\/","url_meta":{"origin":65,"position":3},"title":"MSC Mitglieder","author":"Markus","date":"19. September 2023","format":false,"excerpt":"[wpforms-views id=\"2273\"]","rel":"","context":"\u00c4hnlicher Beitrag","block_context":{"text":"\u00c4hnlicher Beitrag","link":""},"img":{"alt_text":"","src":"","width":0,"height":0},"classes":[]},{"id":61,"url":"https:\/\/msc-schnaitheim.de\/wordpress\/anfahrt\/","url_meta":{"origin":65,"position":4},"title":"Anfahrt","author":"webadministrator","date":"2. Februar 2020","format":false,"excerpt":"Ihr Weg zur Motocross-Strecke \"Hafnerh\u00e4ule\": Auf nach Schnaitheim GPS Koordinaten (Fahrerlager): +48\u00b0 43' 8.40\", +10\u00b0 10' 51.68\" Anfahrtsbeschreibung Der MSC-Schnaitheim hat seine traditionsreiche Rennstrecke in Schnaitheim in der N\u00e4he von Heidenheim. Von der Autobahn A7 kommend nimmt man die Ausfahrt Heidenheim und f\u00e4hrt dann in Richtung Heidenheim.\u00a0Nach ca. 2 km\u2026","rel":"","context":"\u00c4hnlicher Beitrag","block_context":{"text":"\u00c4hnlicher Beitrag","link":""},"img":{"alt_text":"","src":"https:\/\/i0.wp.com\/msc-schnaitheim.de\/wordpress\/wp-content\/uploads\/2020\/02\/header_04.png?fit=960%2C395&ssl=1&resize=350%2C200","width":350,"height":200,"srcset":"https:\/\/i0.wp.com\/msc-schnaitheim.de\/wordpress\/wp-content\/uploads\/2020\/02\/header_04.png?fit=960%2C395&ssl=1&resize=350%2C200 1x, https:\/\/i0.wp.com\/msc-schnaitheim.de\/wordpress\/wp-content\/uploads\/2020\/02\/header_04.png?fit=960%2C395&ssl=1&resize=525%2C300 1.5x, https:\/\/i0.wp.com\/msc-schnaitheim.de\/wordpress\/wp-content\/uploads\/2020\/02\/header_04.png?fit=960%2C395&ssl=1&resize=700%2C400 2x"},"classes":[]},{"id":911,"url":"https:\/\/msc-schnaitheim.de\/wordpress\/anmeldung-msc-vereins-teamwettbewerb\/","url_meta":{"origin":65,"position":5},"title":"Anmeldung MSC Vereins-Teamwettbewerb","author":"webadministrator","date":"12. September 2021","format":false,"excerpt":"Team Anmeldung Keine Anmeldung mehr m\u00f6glich. Helfer Anmeldung Wir haben bereits gen\u00fcgend Helfer.","rel":"","context":"\u00c4hnlicher Beitrag","block_context":{"text":"\u00c4hnlicher Beitrag","link":""},"img":{"alt_text":"","src":"https:\/\/i0.wp.com\/msc-schnaitheim.de\/wordpress\/wp-content\/uploads\/2021\/09\/Zeitplan.png?resize=350%2C200&ssl=1","width":350,"height":200,"srcset":"https:\/\/i0.wp.com\/msc-schnaitheim.de\/wordpress\/wp-content\/uploads\/2021\/09\/Zeitplan.png?resize=350%2C200&ssl=1 1x, https:\/\/i0.wp.com\/msc-schnaitheim.de\/wordpress\/wp-content\/uploads\/2021\/09\/Zeitplan.png?resize=525%2C300&ssl=1 1.5x, https:\/\/i0.wp.com\/msc-schnaitheim.de\/wordpress\/wp-content\/uploads\/2021\/09\/Zeitplan.png?resize=700%2C400&ssl=1 2x"},"classes":[]}],"jetpack_sharing_enabled":true,"publishpress_future_action":{"enabled":false,"date":"2026-05-12 03:54:31","action":"change-status","newStatus":"draft","terms":[],"taxonomy":""},"publishpress_future_workflow_manual_trigger":{"enabledWorkflows":[]},"_links":{"self":[{"href":"https:\/\/msc-schnaitheim.de\/wordpress\/wp-json\/wp\/v2\/pages\/65","targetHints":{"allow":["GET"]}}],"collection":[{"href":"https:\/\/msc-schnaitheim.de\/wordpress\/wp-json\/wp\/v2\/pages"}],"about":[{"href":"https:\/\/msc-schnaitheim.de\/wordpress\/wp-json\/wp\/v2\/types\/page"}],"author":[{"embeddable":true,"href":"https:\/\/msc-schnaitheim.de\/wordpress\/wp-json\/wp\/v2\/users\/1"}],"replies":[{"embeddable":true,"href":"https:\/\/msc-schnaitheim.de\/wordpress\/wp-json\/wp\/v2\/comments?post=65"}],"version-history":[{"count":2,"href":"https:\/\/msc-schnaitheim.de\/wordpress\/wp-json\/wp\/v2\/pages\/65\/revisions"}],"predecessor-version":[{"id":226,"href":"https:\/\/msc-schnaitheim.de\/wordpress\/wp-json\/wp\/v2\/pages\/65\/revisions\/226"}],"wp:featuredmedia":[{"embeddable":true,"href":"https:\/\/msc-schnaitheim.de\/wordpress\/wp-json\/wp\/v2\/media\/136"}],"wp:attachment":[{"href":"https:\/\/msc-schnaitheim.de\/wordpress\/wp-json\/wp\/v2\/media?parent=65"}],"curies":[{"name":"wp","href":"https:\/\/api.w.org\/{rel}","templated":true}]}}