{"id":61,"date":"2020-02-02T10:54:43","date_gmt":"2020-02-02T09:54:43","guid":{"rendered":"http:\/\/localhost\/wordpress\/?page_id=61"},"modified":"2020-04-07T22:19:18","modified_gmt":"2020-04-07T20:19:18","slug":"anfahrt","status":"publish","type":"page","link":"https:\/\/msc-schnaitheim.de\/wordpress\/anfahrt\/","title":{"rendered":"Anfahrt"},"content":{"rendered":"\n<h2 class=\"wp-block-heading\">Ihr Weg zur Motocross-Strecke &#8220;Hafnerh\u00e4ule&#8221;:<\/h2>\n\n\n\n<h2 class=\"wp-block-heading\">Auf nach Schnaitheim<\/h2>\n\n\n\n<div id=\"map\"><\/div>\n    <script>\n\/\/ Initialize and add the map\nfunction initMap() {\n  \/\/ The location of the MSC Schnaitheim Track\n\/\/ 48.719000, 10.181022\n  var track = {lat: 48.719000, lng: 10.181022};\n  \/\/ The map, centered at MSC Schnaitheim Track\n  var map = new google.maps.Map(\n      document.getElementById('map'), {zoom: 13, center: track});\n  \/\/ The marker, positioned at MSC Schnaitheim Track\n  var marker = new google.maps.Marker({position: track, map: map});\n}\n    <\/script>\n    <!--Load the API from the specified URL\n    * The async attribute allows the browser to render the page while the API loads\n    * The key parameter will contain your own API key (which is not needed for this tutorial)\n    * The callback parameter executes the initMap() function\n    -->\n    <script async=\"\" defer=\"\" src=\"https:\/\/maps.googleapis.com\/maps\/api\/js?key=AIzaSyC01a4uu4hPgQbAU4IQT490NuFe2aH7pP0&amp;callback=initMap\">\n    <\/script>\n\n\n\n<h2 class=\"wp-block-heading\">GPS Koordinaten (Fahrerlager): +48\u00b0 43&#8242; 8.40&#8243;, +10\u00b0 10&#8242; 51.68&#8243;<\/h2>\n\n\n\n<h2 class=\"wp-block-heading\">Anfahrtsbeschreibung<\/h2>\n\n\n\n<p>Der MSC-Schnaitheim hat seine traditionsreiche Rennstrecke in <strong>Schnaitheim in der N\u00e4he von Heidenheim<\/strong>. Von der <strong>Autobahn A7 <\/strong>kommend nimmt man die <strong>Ausfahrt Heidenheim<\/strong> und f\u00e4hrt dann in <strong>Richtung Heidenheim<\/strong>.&nbsp;<br><br>Nach ca. 2 km kommt eine <strong>Kreuzung mit Ampel<\/strong>, an der es <strong>rechts (B19 W\u00fcrzburgerstr.) nach Schnaitheim<\/strong> und links nach Heidenheim geht. Biegt man <strong>rechts in Richtung Schnaitheim<\/strong>,\n so mu\u00df eine Ampel geradeaus \u00fcberquert werden (beim REAL) und dann an \nder zweiten Ampel geht es nach rechts in den Ort. Dort in die <strong>Kapellstr.<\/strong> nach rechts einbiegen. <br>Nach circa 500m gabelt sich die <strong>Kapell-Stra\u00dfe<\/strong>, die Motocross-Strecke liegt <strong>halblinks<\/strong>.\n Also links abbiegen und weiter auf der Kapellstr. Folgt man der \nKapell-Stra\u00dfe bis zum Ortsausgang, so gabelt sich die Stra\u00dfe \nerneut&nbsp;(rechts ist ein Stall). Es ist wieder die halblinke Richtung zu \nw\u00e4hlen&#8230; und immer nach links oben Richtung Wald.<br><br>Nach ca. einem Kilometer am Waldrand gelegen ist die Rennstrecke.<\/p>\n\n\n\n<h2 class=\"wp-block-heading\">Bitte bei der Anfahrt beachten<\/h2>\n\n\n\n<ul class=\"wp-block-list\"><li>Bei der Anfahrt zur Strecke und im Fahrerlager ist die StVO zu beachten.<\/li><li>Bitte in der Kapell- und Lammstrasse die vorgeschriebene Geschwindigkeit von&nbsp;30 km\/h einhalten!<\/li><li>Nicht auf der Zufahrt zur Strecke parken. Trainingsteilnehmer und G\u00e4ste&nbsp;m\u00fcssen im Fahrerlager parken. <br>Ein Befahren der&nbsp;Wiesen und&nbsp;Felder ist strikt verboten!<\/li><\/ul>\n","protected":false},"excerpt":{"rendered":"<p>Ihr Weg zur Motocross-Strecke &#8220;Hafnerh\u00e4ule&#8221;: Auf nach Schnaitheim GPS Koordinaten (Fahrerlager): +48\u00b0 43&#8242; 8.40&#8243;, +10\u00b0 10&#8242; 51.68&#8243; Anfahrtsbeschreibung Der MSC-Schnaitheim hat seine traditionsreiche Rennstrecke in Schnaitheim in der N\u00e4he von Heidenheim. Von der Autobahn A7 kommend nimmt man die Ausfahrt<\/p>\n","protected":false},"author":1,"featured_media":140,"parent":0,"menu_order":0,"comment_status":"closed","ping_status":"closed","template":"","meta":{"advanced_seo_description":"","jetpack_seo_html_title":"","jetpack_seo_noindex":false,"ngg_post_thumbnail":0,"footnotes":""},"class_list":["post-61","page","type-page","status-publish","has-post-thumbnail","hentry"],"jetpack-related-posts":[{"id":2508,"url":"https:\/\/msc-schnaitheim.de\/wordpress\/test\/","url_meta":{"origin":61,"position":0},"title":"Test","author":"Markus","date":"3. Juni 2024","format":false,"excerpt":"","rel":"","context":"\u00c4hnlicher Beitrag","block_context":{"text":"\u00c4hnlicher Beitrag","link":""},"img":{"alt_text":"","src":"","width":0,"height":0},"classes":[]},{"id":1842,"url":"https:\/\/msc-schnaitheim.de\/wordpress\/","url_meta":{"origin":61,"position":1},"title":"MSC Schnaitheim","author":"Markus","date":"2. Oktober 2022","format":false,"excerpt":"Aktuelles","rel":"","context":"\u00c4hnlicher Beitrag","block_context":{"text":"\u00c4hnlicher Beitrag","link":""},"img":{"alt_text":"","src":"https:\/\/i0.wp.com\/msc-schnaitheim.de\/wordpress\/wp-content\/uploads\/2026\/03\/WhatsApp-Image-2026-03-19-at-14.28.38.jpeg?resize=350%2C200&ssl=1","width":350,"height":200,"srcset":"https:\/\/i0.wp.com\/msc-schnaitheim.de\/wordpress\/wp-content\/uploads\/2026\/03\/WhatsApp-Image-2026-03-19-at-14.28.38.jpeg?resize=350%2C200&ssl=1 1x, https:\/\/i0.wp.com\/msc-schnaitheim.de\/wordpress\/wp-content\/uploads\/2026\/03\/WhatsApp-Image-2026-03-19-at-14.28.38.jpeg?resize=525%2C300&ssl=1 1.5x, https:\/\/i0.wp.com\/msc-schnaitheim.de\/wordpress\/wp-content\/uploads\/2026\/03\/WhatsApp-Image-2026-03-19-at-14.28.38.jpeg?resize=700%2C400&ssl=1 2x"},"classes":[]},{"id":65,"url":"https:\/\/msc-schnaitheim.de\/wordpress\/ergebnisse-bw-cup\/","url_meta":{"origin":61,"position":2},"title":"Ergebnisse BW-Cup","author":"webadministrator","date":"2. Februar 2020","format":false,"excerpt":"Ergebnisse 2017 Am 13.5. fand in Frankenbach die Auftaktveranstaltung zum ADAC BW-Cup,der Baden-w\u00fcrttembergischen Jugend-Motocrossmeisterschaft statt.Auf der 1500 Meter langen Hartbodenstrecke waren auch einige Starter des MSC Schnaitheim und des MSC Gerstetten am Start.Bei sch\u00f6nem Fr\u00fchlingswetter,23Grad und Sonnenschein,rollten f\u00fcr den MSC Schnaitheim Tim Staab mit der Startnummer 15 in Klasse 1,Dominik\u2026","rel":"","context":"\u00c4hnlicher Beitrag","block_context":{"text":"\u00c4hnlicher Beitrag","link":""},"img":{"alt_text":"","src":"https:\/\/i0.wp.com\/msc-schnaitheim.de\/wordpress\/wp-content\/uploads\/2020\/02\/header_03.png?fit=960%2C395&ssl=1&resize=350%2C200","width":350,"height":200,"srcset":"https:\/\/i0.wp.com\/msc-schnaitheim.de\/wordpress\/wp-content\/uploads\/2020\/02\/header_03.png?fit=960%2C395&ssl=1&resize=350%2C200 1x, https:\/\/i0.wp.com\/msc-schnaitheim.de\/wordpress\/wp-content\/uploads\/2020\/02\/header_03.png?fit=960%2C395&ssl=1&resize=525%2C300 1.5x, https:\/\/i0.wp.com\/msc-schnaitheim.de\/wordpress\/wp-content\/uploads\/2020\/02\/header_03.png?fit=960%2C395&ssl=1&resize=700%2C400 2x"},"classes":[]},{"id":67,"url":"https:\/\/msc-schnaitheim.de\/wordpress\/rennigel\/","url_meta":{"origin":61,"position":3},"title":"Jugendabteilung &#8220;Rennigel&#8221;","author":"webadministrator","date":"2. Februar 2020","format":false,"excerpt":"Die Rennigel vom Hafnerh\u00e4ule Die Motocrossjugend in Schnaitheim das sind die \"Rennigel\". Eine Gruppe von 60 Jugendlichen im Alter von 6 bis 17 Jahren. Der Umgang mit der Technik, die rasanten Geschwindigkeiten und die tollen Spr\u00fcnge faszinieren Jungs und M\u00e4dels. Wer Lust hat diesen spannenden aber auch anspruchsvollen Sport kennen\u2026","rel":"","context":"\u00c4hnlicher Beitrag","block_context":{"text":"\u00c4hnlicher Beitrag","link":""},"img":{"alt_text":"","src":"https:\/\/i0.wp.com\/msc-schnaitheim.de\/wordpress\/wp-content\/uploads\/2020\/02\/header_Rennigel.png?fit=960%2C395&ssl=1&resize=350%2C200","width":350,"height":200,"srcset":"https:\/\/i0.wp.com\/msc-schnaitheim.de\/wordpress\/wp-content\/uploads\/2020\/02\/header_Rennigel.png?fit=960%2C395&ssl=1&resize=350%2C200 1x, https:\/\/i0.wp.com\/msc-schnaitheim.de\/wordpress\/wp-content\/uploads\/2020\/02\/header_Rennigel.png?fit=960%2C395&ssl=1&resize=525%2C300 1.5x, https:\/\/i0.wp.com\/msc-schnaitheim.de\/wordpress\/wp-content\/uploads\/2020\/02\/header_Rennigel.png?fit=960%2C395&ssl=1&resize=700%2C400 2x"},"classes":[]},{"id":2274,"url":"https:\/\/msc-schnaitheim.de\/wordpress\/msc-mitglieder\/","url_meta":{"origin":61,"position":4},"title":"MSC Mitglieder","author":"Markus","date":"19. September 2023","format":false,"excerpt":"[wpforms-views id=\"2273\"]","rel":"","context":"\u00c4hnlicher Beitrag","block_context":{"text":"\u00c4hnlicher Beitrag","link":""},"img":{"alt_text":"","src":"","width":0,"height":0},"classes":[]},{"id":38,"url":"https:\/\/msc-schnaitheim.de\/wordpress\/aktuelles\/","url_meta":{"origin":61,"position":5},"title":"Aktuelles","author":"webadministrator","date":"2. Februar 2020","format":false,"excerpt":"","rel":"","context":"\u00c4hnlicher Beitrag","block_context":{"text":"\u00c4hnlicher Beitrag","link":""},"img":{"alt_text":"","src":"https:\/\/i0.wp.com\/msc-schnaitheim.de\/wordpress\/wp-content\/uploads\/2020\/02\/Banner.png?fit=1024%2C557&ssl=1&resize=350%2C200","width":350,"height":200,"srcset":"https:\/\/i0.wp.com\/msc-schnaitheim.de\/wordpress\/wp-content\/uploads\/2020\/02\/Banner.png?fit=1024%2C557&ssl=1&resize=350%2C200 1x, https:\/\/i0.wp.com\/msc-schnaitheim.de\/wordpress\/wp-content\/uploads\/2020\/02\/Banner.png?fit=1024%2C557&ssl=1&resize=525%2C300 1.5x, https:\/\/i0.wp.com\/msc-schnaitheim.de\/wordpress\/wp-content\/uploads\/2020\/02\/Banner.png?fit=1024%2C557&ssl=1&resize=700%2C400 2x"},"classes":[]}],"jetpack_sharing_enabled":true,"publishpress_future_action":{"enabled":false,"date":"2026-04-13 13:44:45","action":"change-status","newStatus":"draft","terms":[],"taxonomy":""},"publishpress_future_workflow_manual_trigger":{"enabledWorkflows":[]},"_links":{"self":[{"href":"https:\/\/msc-schnaitheim.de\/wordpress\/wp-json\/wp\/v2\/pages\/61","targetHints":{"allow":["GET"]}}],"collection":[{"href":"https:\/\/msc-schnaitheim.de\/wordpress\/wp-json\/wp\/v2\/pages"}],"about":[{"href":"https:\/\/msc-schnaitheim.de\/wordpress\/wp-json\/wp\/v2\/types\/page"}],"author":[{"embeddable":true,"href":"https:\/\/msc-schnaitheim.de\/wordpress\/wp-json\/wp\/v2\/users\/1"}],"replies":[{"embeddable":true,"href":"https:\/\/msc-schnaitheim.de\/wordpress\/wp-json\/wp\/v2\/comments?post=61"}],"version-history":[{"count":10,"href":"https:\/\/msc-schnaitheim.de\/wordpress\/wp-json\/wp\/v2\/pages\/61\/revisions"}],"predecessor-version":[{"id":225,"href":"https:\/\/msc-schnaitheim.de\/wordpress\/wp-json\/wp\/v2\/pages\/61\/revisions\/225"}],"wp:featuredmedia":[{"embeddable":true,"href":"https:\/\/msc-schnaitheim.de\/wordpress\/wp-json\/wp\/v2\/media\/140"}],"wp:attachment":[{"href":"https:\/\/msc-schnaitheim.de\/wordpress\/wp-json\/wp\/v2\/media?parent=61"}],"curies":[{"name":"wp","href":"https:\/\/api.w.org\/{rel}","templated":true}]}}