{"id":57,"date":"2020-02-02T10:53:29","date_gmt":"2020-02-02T09:53:29","guid":{"rendered":"http:\/\/localhost\/wordpress\/?page_id=57"},"modified":"2026-03-19T14:37:01","modified_gmt":"2026-03-19T13:37:01","slug":"vorstand","status":"publish","type":"page","link":"https:\/\/msc-schnaitheim.de\/wordpress\/vorstand\/","title":{"rendered":"Vorstand"},"content":{"rendered":"\n<div class=\"wp-block-media-text alignwide is-stacked-on-mobile\" style=\"grid-template-columns:20% auto\"><figure class=\"wp-block-media-text__media\"><img data-recalc-dims=\"1\" decoding=\"async\" width=\"215\" height=\"300\" src=\"https:\/\/i0.wp.com\/msc-schnaitheim.de\/wordpress\/wp-content\/uploads\/2020\/06\/Franz_Balle-scaled-e1592124567500-215x300.jpg?resize=215%2C300&#038;ssl=1\" alt=\"\" class=\"wp-image-667 size-medium\" srcset=\"https:\/\/i0.wp.com\/msc-schnaitheim.de\/wordpress\/wp-content\/uploads\/2020\/06\/Franz_Balle-scaled-e1592124567500.jpg?resize=215%2C300&amp;ssl=1 215w, https:\/\/i0.wp.com\/msc-schnaitheim.de\/wordpress\/wp-content\/uploads\/2020\/06\/Franz_Balle-scaled-e1592124567500.jpg?resize=1101%2C1536&amp;ssl=1 1101w, https:\/\/i0.wp.com\/msc-schnaitheim.de\/wordpress\/wp-content\/uploads\/2020\/06\/Franz_Balle-scaled-e1592124567500.jpg?resize=1467%2C2048&amp;ssl=1 1467w, https:\/\/i0.wp.com\/msc-schnaitheim.de\/wordpress\/wp-content\/uploads\/2020\/06\/Franz_Balle-scaled-e1592124567500.jpg?resize=768%2C1072&amp;ssl=1 768w, https:\/\/i0.wp.com\/msc-schnaitheim.de\/wordpress\/wp-content\/uploads\/2020\/06\/Franz_Balle-scaled-e1592124567500.jpg?resize=734%2C1024&amp;ssl=1 734w, https:\/\/i0.wp.com\/msc-schnaitheim.de\/wordpress\/wp-content\/uploads\/2020\/06\/Franz_Balle-scaled-e1592124567500.jpg?w=1779&amp;ssl=1 1779w\" sizes=\"(max-width: 215px) 100vw, 215px\" \/><\/figure><div class=\"wp-block-media-text__content\">\n<p class=\"has-large-font-size\"><strong>1.&nbsp;Vorsitzender <\/strong>Franz Balle<\/p>\n\n\n\n<p>Gerhart-Hauptmann-Weg 7, 73447 Oberkochen<br>Tel.: &nbsp;0173-6512541 <\/p>\n\n\n\n<p>Mail: <a href=\"mailto:vorsitzender@msc-schnaitheim.de\">vorsitzender@msc-schnaitheim.de<\/a><\/p>\n<\/div><\/div>\n\n\n\n<hr class=\"wp-block-separator has-css-opacity\"\/>\n\n\n\n<div class=\"wp-block-media-text alignwide is-stacked-on-mobile is-vertically-aligned-center\" style=\"grid-template-columns:20% auto\"><figure class=\"wp-block-media-text__media\"><img data-recalc-dims=\"1\" decoding=\"async\" width=\"512\" height=\"512\" src=\"https:\/\/i0.wp.com\/msc-schnaitheim.de\/wordpress\/wp-content\/uploads\/2020\/05\/anonym.png?resize=512%2C512&#038;ssl=1\" alt=\"\" class=\"wp-image-466 size-medium\" srcset=\"https:\/\/i0.wp.com\/msc-schnaitheim.de\/wordpress\/wp-content\/uploads\/2020\/05\/anonym.png?w=512&amp;ssl=1 512w, https:\/\/i0.wp.com\/msc-schnaitheim.de\/wordpress\/wp-content\/uploads\/2020\/05\/anonym.png?resize=300%2C300&amp;ssl=1 300w, https:\/\/i0.wp.com\/msc-schnaitheim.de\/wordpress\/wp-content\/uploads\/2020\/05\/anonym.png?resize=150%2C150&amp;ssl=1 150w, https:\/\/i0.wp.com\/msc-schnaitheim.de\/wordpress\/wp-content\/uploads\/2020\/05\/anonym.png?resize=270%2C270&amp;ssl=1 270w, https:\/\/i0.wp.com\/msc-schnaitheim.de\/wordpress\/wp-content\/uploads\/2020\/05\/anonym.png?resize=230%2C230&amp;ssl=1 230w\" sizes=\"(max-width: 512px) 100vw, 512px\" \/><\/figure><div class=\"wp-block-media-text__content\">\n<p class=\"has-large-font-size\"><strong>2.&nbsp;Vorsitzender <\/strong>Joachim Fischer<\/p>\n\n\n\n<p>Mail: <a href=\"mailto:zweiter-vorsitzender@msc-schnaitheim.de\">zweiter-vorsitzender@msc-schnaitheim.de<\/a><\/p>\n<\/div><\/div>\n\n\n\n<hr class=\"wp-block-separator has-css-opacity\"\/>\n\n\n\n<div class=\"wp-block-media-text alignwide is-stacked-on-mobile\" style=\"grid-template-columns:20% auto\"><figure class=\"wp-block-media-text__media\"><img data-recalc-dims=\"1\" decoding=\"async\" width=\"750\" height=\"1333\" src=\"https:\/\/i0.wp.com\/msc-schnaitheim.de\/wordpress\/wp-content\/uploads\/2024\/01\/Snapchat-1953042047.jpg?resize=750%2C1333&#038;ssl=1\" alt=\"\" class=\"wp-image-2347 size-medium\" srcset=\"https:\/\/i0.wp.com\/msc-schnaitheim.de\/wordpress\/wp-content\/uploads\/2024\/01\/Snapchat-1953042047.jpg?resize=1024%2C1820&amp;ssl=1 1024w, https:\/\/i0.wp.com\/msc-schnaitheim.de\/wordpress\/wp-content\/uploads\/2024\/01\/Snapchat-1953042047.jpg?resize=200%2C356&amp;ssl=1 200w, https:\/\/i0.wp.com\/msc-schnaitheim.de\/wordpress\/wp-content\/uploads\/2024\/01\/Snapchat-1953042047.jpg?resize=150%2C267&amp;ssl=1 150w, https:\/\/i0.wp.com\/msc-schnaitheim.de\/wordpress\/wp-content\/uploads\/2024\/01\/Snapchat-1953042047.jpg?resize=768%2C1365&amp;ssl=1 768w, https:\/\/i0.wp.com\/msc-schnaitheim.de\/wordpress\/wp-content\/uploads\/2024\/01\/Snapchat-1953042047.jpg?resize=864%2C1536&amp;ssl=1 864w, https:\/\/i0.wp.com\/msc-schnaitheim.de\/wordpress\/wp-content\/uploads\/2024\/01\/Snapchat-1953042047.jpg?w=1080&amp;ssl=1 1080w\" sizes=\"(max-width: 750px) 100vw, 750px\" \/><\/figure><div class=\"wp-block-media-text__content\">\n<p class=\"has-large-font-size\"><strong>Kassierer<\/strong> Angela Stelzer<\/p>\n\n\n\n<p>Mail: <a href=\"mailto:schatzmeister@msc-schnaitheim.de\">schatzmeister@msc-schnaitheim.de<\/a><\/p>\n<\/div><\/div>\n\n\n\n<hr class=\"wp-block-separator has-css-opacity\"\/>\n\n\n\n<div class=\"wp-block-media-text alignwide is-stacked-on-mobile\" style=\"grid-template-columns:20% auto\"><figure class=\"wp-block-media-text__media\"><img data-recalc-dims=\"1\" decoding=\"async\" width=\"750\" height=\"1333\" src=\"https:\/\/i0.wp.com\/msc-schnaitheim.de\/wordpress\/wp-content\/uploads\/2024\/01\/Snapchat-1953042047.jpg?resize=750%2C1333&#038;ssl=1\" alt=\"\" class=\"wp-image-2347 size-medium\" srcset=\"https:\/\/i0.wp.com\/msc-schnaitheim.de\/wordpress\/wp-content\/uploads\/2024\/01\/Snapchat-1953042047.jpg?resize=1024%2C1820&amp;ssl=1 1024w, https:\/\/i0.wp.com\/msc-schnaitheim.de\/wordpress\/wp-content\/uploads\/2024\/01\/Snapchat-1953042047.jpg?resize=200%2C356&amp;ssl=1 200w, https:\/\/i0.wp.com\/msc-schnaitheim.de\/wordpress\/wp-content\/uploads\/2024\/01\/Snapchat-1953042047.jpg?resize=150%2C267&amp;ssl=1 150w, https:\/\/i0.wp.com\/msc-schnaitheim.de\/wordpress\/wp-content\/uploads\/2024\/01\/Snapchat-1953042047.jpg?resize=768%2C1365&amp;ssl=1 768w, https:\/\/i0.wp.com\/msc-schnaitheim.de\/wordpress\/wp-content\/uploads\/2024\/01\/Snapchat-1953042047.jpg?resize=864%2C1536&amp;ssl=1 864w, https:\/\/i0.wp.com\/msc-schnaitheim.de\/wordpress\/wp-content\/uploads\/2024\/01\/Snapchat-1953042047.jpg?w=1080&amp;ssl=1 1080w\" sizes=\"(max-width: 750px) 100vw, 750px\" \/><\/figure><div class=\"wp-block-media-text__content\">\n<p class=\"has-large-font-size\"><strong>Buchhaltung<\/strong>  Angela Stelzer<\/p>\n\n\n\n<p>Mail: <a href=\"mailto:buchhaltung@msc-schnaitheim.de\">buchhaltung@msc-schnaitheim.de<\/a><\/p>\n<\/div><\/div>\n\n\n\n<hr class=\"wp-block-separator has-css-opacity\"\/>\n\n\n\n<div class=\"wp-block-media-text alignwide is-stacked-on-mobile\" style=\"grid-template-columns:20% auto\"><figure class=\"wp-block-media-text__media\"><img data-recalc-dims=\"1\" decoding=\"async\" width=\"225\" height=\"300\" src=\"https:\/\/i0.wp.com\/msc-schnaitheim.de\/wordpress\/wp-content\/uploads\/2020\/05\/Markus_Kaufmann.jpeg?resize=225%2C300&#038;ssl=1\" alt=\"\" class=\"wp-image-460 size-medium\" srcset=\"https:\/\/i0.wp.com\/msc-schnaitheim.de\/wordpress\/wp-content\/uploads\/2020\/05\/Markus_Kaufmann.jpeg?resize=225%2C300&amp;ssl=1 225w, https:\/\/i0.wp.com\/msc-schnaitheim.de\/wordpress\/wp-content\/uploads\/2020\/05\/Markus_Kaufmann.jpeg?resize=768%2C1024&amp;ssl=1 768w, https:\/\/i0.wp.com\/msc-schnaitheim.de\/wordpress\/wp-content\/uploads\/2020\/05\/Markus_Kaufmann.jpeg?resize=1152%2C1536&amp;ssl=1 1152w, https:\/\/i0.wp.com\/msc-schnaitheim.de\/wordpress\/wp-content\/uploads\/2020\/05\/Markus_Kaufmann.jpeg?w=1200&amp;ssl=1 1200w\" sizes=\"(max-width: 225px) 100vw, 225px\" \/><\/figure><div class=\"wp-block-media-text__content\">\n<p class=\"has-large-font-size\"><strong>Sportleiter<\/strong> Markus Kaufmann<\/p>\n\n\n\n<p>Mail: <a href=\"mailto:rennleitung@msc-schnaitheim.de\">rennleitung@msc-schnaitheim.de<\/a><\/p>\n<\/div><\/div>\n\n\n\n<hr class=\"wp-block-separator has-css-opacity\"\/>\n\n\n\n<div class=\"wp-block-media-text alignwide is-stacked-on-mobile\" style=\"grid-template-columns:20% auto\"><figure class=\"wp-block-media-text__media\"><img data-recalc-dims=\"1\" decoding=\"async\" width=\"750\" height=\"714\" src=\"https:\/\/i0.wp.com\/msc-schnaitheim.de\/wordpress\/wp-content\/uploads\/2024\/04\/Maik-Schretzenmeyer.png?resize=750%2C714&#038;ssl=1\" alt=\"\" class=\"wp-image-2467 size-medium\" srcset=\"https:\/\/i0.wp.com\/msc-schnaitheim.de\/wordpress\/wp-content\/uploads\/2024\/04\/Maik-Schretzenmeyer.png?w=929&amp;ssl=1 929w, https:\/\/i0.wp.com\/msc-schnaitheim.de\/wordpress\/wp-content\/uploads\/2024\/04\/Maik-Schretzenmeyer.png?resize=200%2C191&amp;ssl=1 200w, https:\/\/i0.wp.com\/msc-schnaitheim.de\/wordpress\/wp-content\/uploads\/2024\/04\/Maik-Schretzenmeyer.png?resize=150%2C143&amp;ssl=1 150w, https:\/\/i0.wp.com\/msc-schnaitheim.de\/wordpress\/wp-content\/uploads\/2024\/04\/Maik-Schretzenmeyer.png?resize=768%2C732&amp;ssl=1 768w\" sizes=\"(max-width: 750px) 100vw, 750px\" \/><\/figure><div class=\"wp-block-media-text__content\">\n<p class=\"has-large-font-size\"><strong>Jugendleiter<\/strong> Maik Schretzenmeyer<\/p>\n\n\n\n<p>Mail: <a href=\"mailto:jugendleitung@msc-schnaitheim.de\">jugendleitung@msc-schnaitheim.de<\/a><\/p>\n<\/div><\/div>\n\n\n\n<hr class=\"wp-block-separator has-css-opacity\"\/>\n\n\n\n<div class=\"wp-block-media-text alignwide is-stacked-on-mobile\" style=\"grid-template-columns:20% auto\"><figure class=\"wp-block-media-text__media\"><img data-recalc-dims=\"1\" decoding=\"async\" width=\"750\" height=\"958\" src=\"https:\/\/i0.wp.com\/msc-schnaitheim.de\/wordpress\/wp-content\/uploads\/2025\/03\/DavidNeuwerth.jpg?resize=750%2C958&#038;ssl=1\" alt=\"\" class=\"wp-image-2608 size-medium\" srcset=\"https:\/\/i0.wp.com\/msc-schnaitheim.de\/wordpress\/wp-content\/uploads\/2025\/03\/DavidNeuwerth.jpg?w=851&amp;ssl=1 851w, https:\/\/i0.wp.com\/msc-schnaitheim.de\/wordpress\/wp-content\/uploads\/2025\/03\/DavidNeuwerth.jpg?resize=200%2C255&amp;ssl=1 200w, https:\/\/i0.wp.com\/msc-schnaitheim.de\/wordpress\/wp-content\/uploads\/2025\/03\/DavidNeuwerth.jpg?resize=150%2C192&amp;ssl=1 150w, https:\/\/i0.wp.com\/msc-schnaitheim.de\/wordpress\/wp-content\/uploads\/2025\/03\/DavidNeuwerth.jpg?resize=768%2C981&amp;ssl=1 768w\" sizes=\"(max-width: 750px) 100vw, 750px\" \/><\/figure><div class=\"wp-block-media-text__content\">\n<p class=\"has-large-font-size\"><strong>Presse <\/strong>David Neuwerth<\/p>\n\n\n\n<p>Mail: <a href=\"mailto:presse@msc-schnaitheim.de\">presse@msc-schnaitheim.de<\/a><\/p>\n<\/div><\/div>\n\n\n\n<hr class=\"wp-block-separator has-css-opacity\"\/>\n\n\n\n<div class=\"wp-block-media-text alignwide is-stacked-on-mobile\" style=\"grid-template-columns:20% auto\"><figure class=\"wp-block-media-text__media\"><img data-recalc-dims=\"1\" decoding=\"async\" width=\"750\" height=\"776\" src=\"https:\/\/i0.wp.com\/msc-schnaitheim.de\/wordpress\/wp-content\/uploads\/2023\/05\/Andi-Sperrle.jpg?resize=750%2C776&#038;ssl=1\" alt=\"\" class=\"wp-image-2140 size-medium\" srcset=\"https:\/\/i0.wp.com\/msc-schnaitheim.de\/wordpress\/wp-content\/uploads\/2023\/05\/Andi-Sperrle.jpg?resize=1024%2C1059&amp;ssl=1 1024w, https:\/\/i0.wp.com\/msc-schnaitheim.de\/wordpress\/wp-content\/uploads\/2023\/05\/Andi-Sperrle.jpg?resize=200%2C207&amp;ssl=1 200w, https:\/\/i0.wp.com\/msc-schnaitheim.de\/wordpress\/wp-content\/uploads\/2023\/05\/Andi-Sperrle.jpg?resize=150%2C155&amp;ssl=1 150w, https:\/\/i0.wp.com\/msc-schnaitheim.de\/wordpress\/wp-content\/uploads\/2023\/05\/Andi-Sperrle.jpg?resize=768%2C794&amp;ssl=1 768w, https:\/\/i0.wp.com\/msc-schnaitheim.de\/wordpress\/wp-content\/uploads\/2023\/05\/Andi-Sperrle.jpg?w=1096&amp;ssl=1 1096w\" sizes=\"(max-width: 750px) 100vw, 750px\" \/><\/figure><div class=\"wp-block-media-text__content\">\n<p class=\"has-large-font-size\"><strong>Streckenwart<\/strong> Andreas Sperrle<\/p>\n\n\n\n<p>Mail: <a href=\"mailto:streckenwart@msc-schnaitheim.de\">streckenwart@msc-schnaitheim.de<\/a><\/p>\n<\/div><\/div>\n\n\n\n<hr class=\"wp-block-separator has-css-opacity\"\/>\n\n\n\n<div class=\"wp-block-media-text alignwide is-stacked-on-mobile\" style=\"grid-template-columns:20% auto\"><figure class=\"wp-block-media-text__media\"><img data-recalc-dims=\"1\" decoding=\"async\" width=\"723\" height=\"1024\" src=\"https:\/\/i0.wp.com\/msc-schnaitheim.de\/wordpress\/wp-content\/uploads\/2020\/06\/Christoph_Weichert.jpg?resize=723%2C1024&#038;ssl=1\" alt=\"\" class=\"wp-image-663 size-medium\" srcset=\"https:\/\/i0.wp.com\/msc-schnaitheim.de\/wordpress\/wp-content\/uploads\/2020\/06\/Christoph_Weichert-scaled.jpg?resize=723%2C1024&amp;ssl=1 723w, https:\/\/i0.wp.com\/msc-schnaitheim.de\/wordpress\/wp-content\/uploads\/2020\/06\/Christoph_Weichert-scaled.jpg?resize=212%2C300&amp;ssl=1 212w, https:\/\/i0.wp.com\/msc-schnaitheim.de\/wordpress\/wp-content\/uploads\/2020\/06\/Christoph_Weichert-scaled.jpg?resize=768%2C1088&amp;ssl=1 768w, https:\/\/i0.wp.com\/msc-schnaitheim.de\/wordpress\/wp-content\/uploads\/2020\/06\/Christoph_Weichert-scaled.jpg?resize=1084%2C1536&amp;ssl=1 1084w, https:\/\/i0.wp.com\/msc-schnaitheim.de\/wordpress\/wp-content\/uploads\/2020\/06\/Christoph_Weichert-scaled.jpg?resize=1446%2C2048&amp;ssl=1 1446w, https:\/\/i0.wp.com\/msc-schnaitheim.de\/wordpress\/wp-content\/uploads\/2020\/06\/Christoph_Weichert-scaled.jpg?w=1807&amp;ssl=1 1807w, https:\/\/i0.wp.com\/msc-schnaitheim.de\/wordpress\/wp-content\/uploads\/2020\/06\/Christoph_Weichert-scaled.jpg?w=1500&amp;ssl=1 1500w\" sizes=\"(max-width: 723px) 100vw, 723px\" \/><\/figure><div class=\"wp-block-media-text__content\">\n<p class=\"has-large-font-size\"><strong>Marketingbeauftragter<\/strong> Christoph Weichert<\/p>\n\n\n\n<p>Mail: <a href=\"mailto:info@goldschmied-weichert.de\">info@goldschmied-weichert.de<\/a><\/p>\n<\/div><\/div>\n\n\n\n<hr class=\"wp-block-separator has-css-opacity\"\/>\n\n\n\n<div class=\"wp-block-media-text alignwide is-stacked-on-mobile\" style=\"grid-template-columns:20% auto\"><figure class=\"wp-block-media-text__media\"><img data-recalc-dims=\"1\" decoding=\"async\" width=\"187\" height=\"300\" src=\"https:\/\/i0.wp.com\/msc-schnaitheim.de\/wordpress\/wp-content\/uploads\/2020\/05\/Gerd_Laible-e1590333034282-187x300.jpeg?resize=187%2C300&#038;ssl=1\" alt=\"\" class=\"wp-image-476 size-medium\" srcset=\"https:\/\/i0.wp.com\/msc-schnaitheim.de\/wordpress\/wp-content\/uploads\/2020\/05\/Gerd_Laible-e1590333034282.jpeg?resize=187%2C300&amp;ssl=1 187w, https:\/\/i0.wp.com\/msc-schnaitheim.de\/wordpress\/wp-content\/uploads\/2020\/05\/Gerd_Laible-e1590333034282.jpeg?resize=640%2C1024&amp;ssl=1 640w, https:\/\/i0.wp.com\/msc-schnaitheim.de\/wordpress\/wp-content\/uploads\/2020\/05\/Gerd_Laible-e1590333034282.jpeg?resize=768%2C1229&amp;ssl=1 768w, https:\/\/i0.wp.com\/msc-schnaitheim.de\/wordpress\/wp-content\/uploads\/2020\/05\/Gerd_Laible-e1590333034282.jpeg?w=899&amp;ssl=1 899w\" sizes=\"(max-width: 187px) 100vw, 187px\" \/><\/figure><div class=\"wp-block-media-text__content\">\n<p class=\"has-large-font-size\"><strong>Instandhaltung<\/strong> Gerd Laible<\/p>\n\n\n\n<p>Arbeitsdienstleiter<\/p>\n\n\n\n<p><\/p>\n<\/div><\/div>\n\n\n\n<hr class=\"wp-block-separator has-css-opacity\"\/>\n\n\n\n<div class=\"wp-block-media-text alignwide is-stacked-on-mobile\" style=\"grid-template-columns:20% auto\"><figure class=\"wp-block-media-text__media\"><img data-recalc-dims=\"1\" decoding=\"async\" width=\"512\" height=\"512\" src=\"https:\/\/i0.wp.com\/msc-schnaitheim.de\/wordpress\/wp-content\/uploads\/2020\/05\/anonym.png?resize=512%2C512&#038;ssl=1\" alt=\"\" class=\"wp-image-466 size-medium\" srcset=\"https:\/\/i0.wp.com\/msc-schnaitheim.de\/wordpress\/wp-content\/uploads\/2020\/05\/anonym.png?w=512&amp;ssl=1 512w, https:\/\/i0.wp.com\/msc-schnaitheim.de\/wordpress\/wp-content\/uploads\/2020\/05\/anonym.png?resize=300%2C300&amp;ssl=1 300w, https:\/\/i0.wp.com\/msc-schnaitheim.de\/wordpress\/wp-content\/uploads\/2020\/05\/anonym.png?resize=150%2C150&amp;ssl=1 150w, https:\/\/i0.wp.com\/msc-schnaitheim.de\/wordpress\/wp-content\/uploads\/2020\/05\/anonym.png?resize=270%2C270&amp;ssl=1 270w, https:\/\/i0.wp.com\/msc-schnaitheim.de\/wordpress\/wp-content\/uploads\/2020\/05\/anonym.png?resize=230%2C230&amp;ssl=1 230w\" sizes=\"(max-width: 512px) 100vw, 512px\" \/><\/figure><div class=\"wp-block-media-text__content\">\n<p class=\"has-large-font-size\"><strong>Beisitzer und Strecke<\/strong> Claus Laible<\/p>\n\n\n\n<p>Mail: <a href=\"mailto:claus.laible@web.de\">claus.laible@web.de<\/a><\/p>\n<\/div><\/div>\n\n\n\n<hr class=\"wp-block-separator has-css-opacity\"\/>\n\n\n\n<div class=\"wp-block-media-text alignwide is-stacked-on-mobile\" style=\"grid-template-columns:20% auto\"><figure class=\"wp-block-media-text__media\"><img data-recalc-dims=\"1\" decoding=\"async\" width=\"512\" height=\"512\" src=\"https:\/\/i0.wp.com\/msc-schnaitheim.de\/wordpress\/wp-content\/uploads\/2020\/05\/anonym.png?resize=512%2C512&#038;ssl=1\" alt=\"\" class=\"wp-image-466 size-medium\" srcset=\"https:\/\/i0.wp.com\/msc-schnaitheim.de\/wordpress\/wp-content\/uploads\/2020\/05\/anonym.png?w=512&amp;ssl=1 512w, https:\/\/i0.wp.com\/msc-schnaitheim.de\/wordpress\/wp-content\/uploads\/2020\/05\/anonym.png?resize=300%2C300&amp;ssl=1 300w, https:\/\/i0.wp.com\/msc-schnaitheim.de\/wordpress\/wp-content\/uploads\/2020\/05\/anonym.png?resize=150%2C150&amp;ssl=1 150w, https:\/\/i0.wp.com\/msc-schnaitheim.de\/wordpress\/wp-content\/uploads\/2020\/05\/anonym.png?resize=270%2C270&amp;ssl=1 270w, https:\/\/i0.wp.com\/msc-schnaitheim.de\/wordpress\/wp-content\/uploads\/2020\/05\/anonym.png?resize=230%2C230&amp;ssl=1 230w\" sizes=\"(max-width: 512px) 100vw, 512px\" \/><\/figure><div class=\"wp-block-media-text__content\">\n<p class=\"has-large-font-size\"><strong>Beisitzer<\/strong> Heinz Theilacker<\/p>\n\n\n\n<p>Mail: <a href=\"mailto:heinz-theilacker@t-online.de\">heinz-theilacker@t-online.de<\/a><\/p>\n<\/div><\/div>\n\n\n\n<hr class=\"wp-block-separator has-css-opacity\"\/>\n","protected":false},"excerpt":{"rendered":"<p>1.&nbsp;Vorsitzender Franz Balle Gerhart-Hauptmann-Weg 7, 73447 OberkochenTel.: &nbsp;0173-6512541 Mail: vorsitzender@msc-schnaitheim.de 2.&nbsp;Vorsitzender Joachim Fischer Mail: zweiter-vorsitzender@msc-schnaitheim.de Kassierer Angela Stelzer Mail: schatzmeister@msc-schnaitheim.de Buchhaltung Angela Stelzer Mail: buchhaltung@msc-schnaitheim.de Sportleiter Markus Kaufmann Mail: rennleitung@msc-schnaitheim.de Jugendleiter Maik Schretzenmeyer Mail: jugendleitung@msc-schnaitheim.de Presse David Neuwerth Mail: presse@msc-schnaitheim.de<\/p>\n","protected":false},"author":1,"featured_media":0,"parent":0,"menu_order":0,"comment_status":"closed","ping_status":"closed","template":"","meta":{"advanced_seo_description":"","jetpack_seo_html_title":"","jetpack_seo_noindex":false,"ngg_post_thumbnail":0,"footnotes":""},"class_list":["post-57","page","type-page","status-publish","hentry"],"jetpack-related-posts":[{"id":55,"url":"https:\/\/msc-schnaitheim.de\/wordpress\/historie\/","url_meta":{"origin":57,"position":0},"title":"Historie","author":"webadministrator","date":"2. Februar 2020","format":false,"excerpt":"1949 Es war am 10. Oktober des Jahres 1949, als 14 motorsportbegeisterte M\u00e4nner aus Schnaitheim auf Anregung ihres Kameraden Ernst B\u00e4uerle im Gasthaus \"Eintracht\", dem sp\u00e4teren Friseursalon Knobloch\" den \"Motorsportclub Schnaitheim\" gr\u00fcndeten. Es gibt Aussagen, dass es auch schon vor dem Krieg motorradbegeisterte M\u00e4nner in Schnaitheim gab, aber als Club\u2026","rel":"","context":"\u00c4hnlicher Beitrag","block_context":{"text":"\u00c4hnlicher Beitrag","link":""},"img":{"alt_text":"","src":"https:\/\/i0.wp.com\/msc-schnaitheim.de\/wordpress\/wp-content\/uploads\/2020\/02\/head_Historie.png?fit=960%2C395&ssl=1&resize=350%2C200","width":350,"height":200,"srcset":"https:\/\/i0.wp.com\/msc-schnaitheim.de\/wordpress\/wp-content\/uploads\/2020\/02\/head_Historie.png?fit=960%2C395&ssl=1&resize=350%2C200 1x, https:\/\/i0.wp.com\/msc-schnaitheim.de\/wordpress\/wp-content\/uploads\/2020\/02\/head_Historie.png?fit=960%2C395&ssl=1&resize=525%2C300 1.5x, https:\/\/i0.wp.com\/msc-schnaitheim.de\/wordpress\/wp-content\/uploads\/2020\/02\/head_Historie.png?fit=960%2C395&ssl=1&resize=700%2C400 2x"},"classes":[]},{"id":33,"url":"https:\/\/msc-schnaitheim.de\/wordpress\/bilder\/","url_meta":{"origin":57,"position":1},"title":"Bilder","author":"webadministrator","date":"2. Februar 2020","format":false,"excerpt":"Training vom 24. Mai 2020 Erstes Training 13. Mai 2020 MSC Strecke auf dem Hafnerh\u00e4ule 2020 Luftbildaufnahmen der Strecke vom Mai 2020. Vielen Dank daf\u00fcr an HarTmuT mAIeR. Die Strecke wartet Aufgrund der Corona Pandemie muss die Strecke momentan auf die Fahrer warten Die Jugend beim Training 2019 DM 2019","rel":"","context":"\u00c4hnlicher Beitrag","block_context":{"text":"\u00c4hnlicher Beitrag","link":""},"img":{"alt_text":"","src":"","width":0,"height":0},"classes":[]},{"id":65,"url":"https:\/\/msc-schnaitheim.de\/wordpress\/ergebnisse-bw-cup\/","url_meta":{"origin":57,"position":2},"title":"Ergebnisse BW-Cup","author":"webadministrator","date":"2. Februar 2020","format":false,"excerpt":"Ergebnisse 2017 Am 13.5. fand in Frankenbach die Auftaktveranstaltung zum ADAC BW-Cup,der Baden-w\u00fcrttembergischen Jugend-Motocrossmeisterschaft statt.Auf der 1500 Meter langen Hartbodenstrecke waren auch einige Starter des MSC Schnaitheim und des MSC Gerstetten am Start.Bei sch\u00f6nem Fr\u00fchlingswetter,23Grad und Sonnenschein,rollten f\u00fcr den MSC Schnaitheim Tim Staab mit der Startnummer 15 in Klasse 1,Dominik\u2026","rel":"","context":"\u00c4hnlicher Beitrag","block_context":{"text":"\u00c4hnlicher Beitrag","link":""},"img":{"alt_text":"","src":"https:\/\/i0.wp.com\/msc-schnaitheim.de\/wordpress\/wp-content\/uploads\/2020\/02\/header_03.png?fit=960%2C395&ssl=1&resize=350%2C200","width":350,"height":200,"srcset":"https:\/\/i0.wp.com\/msc-schnaitheim.de\/wordpress\/wp-content\/uploads\/2020\/02\/header_03.png?fit=960%2C395&ssl=1&resize=350%2C200 1x, https:\/\/i0.wp.com\/msc-schnaitheim.de\/wordpress\/wp-content\/uploads\/2020\/02\/header_03.png?fit=960%2C395&ssl=1&resize=525%2C300 1.5x, https:\/\/i0.wp.com\/msc-schnaitheim.de\/wordpress\/wp-content\/uploads\/2020\/02\/header_03.png?fit=960%2C395&ssl=1&resize=700%2C400 2x"},"classes":[]},{"id":67,"url":"https:\/\/msc-schnaitheim.de\/wordpress\/rennigel\/","url_meta":{"origin":57,"position":3},"title":"Jugendabteilung &#8220;Rennigel&#8221;","author":"webadministrator","date":"2. Februar 2020","format":false,"excerpt":"Die Rennigel vom Hafnerh\u00e4ule Die Motocrossjugend in Schnaitheim das sind die \"Rennigel\". Eine Gruppe von 60 Jugendlichen im Alter von 6 bis 17 Jahren. Der Umgang mit der Technik, die rasanten Geschwindigkeiten und die tollen Spr\u00fcnge faszinieren Jungs und M\u00e4dels. Wer Lust hat diesen spannenden aber auch anspruchsvollen Sport kennen\u2026","rel":"","context":"\u00c4hnlicher Beitrag","block_context":{"text":"\u00c4hnlicher Beitrag","link":""},"img":{"alt_text":"","src":"https:\/\/i0.wp.com\/msc-schnaitheim.de\/wordpress\/wp-content\/uploads\/2020\/02\/header_Rennigel.png?fit=960%2C395&ssl=1&resize=350%2C200","width":350,"height":200,"srcset":"https:\/\/i0.wp.com\/msc-schnaitheim.de\/wordpress\/wp-content\/uploads\/2020\/02\/header_Rennigel.png?fit=960%2C395&ssl=1&resize=350%2C200 1x, https:\/\/i0.wp.com\/msc-schnaitheim.de\/wordpress\/wp-content\/uploads\/2020\/02\/header_Rennigel.png?fit=960%2C395&ssl=1&resize=525%2C300 1.5x, https:\/\/i0.wp.com\/msc-schnaitheim.de\/wordpress\/wp-content\/uploads\/2020\/02\/header_Rennigel.png?fit=960%2C395&ssl=1&resize=700%2C400 2x"},"classes":[]},{"id":53,"url":"https:\/\/msc-schnaitheim.de\/wordpress\/msc-ehrentafel\/","url_meta":{"origin":57,"position":4},"title":"MSC Ehrentafel","author":"webadministrator","date":"2. Februar 2020","format":false,"excerpt":"Motocross Siegfried M\u00fcllerWeltmeister 1980 \/ Deutscher Meister 79, 80Emil SchwarzDeutscher Meister 78Rainer SchittenhelmDeutscher Juniorenmeister 79Wolfgang RohrbacherDeutscher Juniorenmeister 79Wolfgang SteinerDeutscher Juniorenmeister 80Harry PolancDeutscher Juniorenmeister 80Harald OttDeutscher Juniorenmeister 80, 81 \/ Deutscher Meister 88Norbert Kl\u00fcpfelDeutscher Juniorenmeister 84Achim K\u00fcnzelDeutscher Jugendmeister 84, 87J\u00fcrgen K\u00fcnzelDeutscher Jugendmeister 85, 86, 90Marc NemethDeutscher Jugendmeister 86Markus KaufmannDeutscher Jugendmeister 87,\u2026","rel":"","context":"\u00c4hnlicher Beitrag","block_context":{"text":"\u00c4hnlicher Beitrag","link":""},"img":{"alt_text":"","src":"","width":0,"height":0},"classes":[]},{"id":83,"url":"https:\/\/msc-schnaitheim.de\/wordpress\/kontakt\/","url_meta":{"origin":57,"position":5},"title":"Kontakt","author":"webadministrator","date":"2. Februar 2020","format":false,"excerpt":"Du hast ein Anliegen, offene Fragen, Anregung, Feedback, Kritik oder m\u00f6chtest zu uns kommen. Dann schreib uns einfach eine Mail an info@msc-schnaitheim.de Du hast ein bestimmtes Anliegen und suchst den richtigen Ansprechpartner bei uns?Einer unserer Vorstandsmitglieder kann dir sicherlich helfen. Schau hier vorbei und finde den Richtigen.","rel":"","context":"\u00c4hnlicher Beitrag","block_context":{"text":"\u00c4hnlicher Beitrag","link":""},"img":{"alt_text":"","src":"","width":0,"height":0},"classes":[]}],"jetpack_sharing_enabled":true,"publishpress_future_action":{"enabled":false,"date":"2026-04-12 22:44:01","action":"change-status","newStatus":"draft","terms":[],"taxonomy":""},"publishpress_future_workflow_manual_trigger":{"enabledWorkflows":[]},"_links":{"self":[{"href":"https:\/\/msc-schnaitheim.de\/wordpress\/wp-json\/wp\/v2\/pages\/57","targetHints":{"allow":["GET"]}}],"collection":[{"href":"https:\/\/msc-schnaitheim.de\/wordpress\/wp-json\/wp\/v2\/pages"}],"about":[{"href":"https:\/\/msc-schnaitheim.de\/wordpress\/wp-json\/wp\/v2\/types\/page"}],"author":[{"embeddable":true,"href":"https:\/\/msc-schnaitheim.de\/wordpress\/wp-json\/wp\/v2\/users\/1"}],"replies":[{"embeddable":true,"href":"https:\/\/msc-schnaitheim.de\/wordpress\/wp-json\/wp\/v2\/comments?post=57"}],"version-history":[{"count":49,"href":"https:\/\/msc-schnaitheim.de\/wordpress\/wp-json\/wp\/v2\/pages\/57\/revisions"}],"predecessor-version":[{"id":3079,"href":"https:\/\/msc-schnaitheim.de\/wordpress\/wp-json\/wp\/v2\/pages\/57\/revisions\/3079"}],"wp:attachment":[{"href":"https:\/\/msc-schnaitheim.de\/wordpress\/wp-json\/wp\/v2\/media?parent=57"}],"curies":[{"name":"wp","href":"https:\/\/api.w.org\/{rel}","templated":true}]}}