{"id":46,"date":"2020-02-02T10:49:26","date_gmt":"2020-02-02T09:49:26","guid":{"rendered":"http:\/\/localhost\/wordpress\/?page_id=46"},"modified":"2026-03-19T16:26:33","modified_gmt":"2026-03-19T15:26:33","slug":"veranstaltungen-termine","status":"publish","type":"page","link":"https:\/\/msc-schnaitheim.de\/wordpress\/veranstaltungen-termine\/","title":{"rendered":"Veranstaltungen &#038; Termine"},"content":{"rendered":"\n<figure class=\"wp-block-image size-full is-resized\"><img data-recalc-dims=\"1\" decoding=\"async\" width=\"750\" height=\"1333\" src=\"https:\/\/i0.wp.com\/msc-schnaitheim.de\/wordpress\/wp-content\/uploads\/2026\/03\/WhatsApp-Image-2026-03-19-at-14.28.38.jpeg?resize=750%2C1333&#038;ssl=1\" alt=\"\" class=\"wp-image-3074\" style=\"aspect-ratio:0.5624999846730918;width:460px;height:auto\" srcset=\"https:\/\/i0.wp.com\/msc-schnaitheim.de\/wordpress\/wp-content\/uploads\/2026\/03\/WhatsApp-Image-2026-03-19-at-14.28.38.jpeg?w=900&amp;ssl=1 900w, https:\/\/i0.wp.com\/msc-schnaitheim.de\/wordpress\/wp-content\/uploads\/2026\/03\/WhatsApp-Image-2026-03-19-at-14.28.38.jpeg?resize=200%2C356&amp;ssl=1 200w, https:\/\/i0.wp.com\/msc-schnaitheim.de\/wordpress\/wp-content\/uploads\/2026\/03\/WhatsApp-Image-2026-03-19-at-14.28.38.jpeg?resize=150%2C267&amp;ssl=1 150w, https:\/\/i0.wp.com\/msc-schnaitheim.de\/wordpress\/wp-content\/uploads\/2026\/03\/WhatsApp-Image-2026-03-19-at-14.28.38.jpeg?resize=768%2C1365&amp;ssl=1 768w, https:\/\/i0.wp.com\/msc-schnaitheim.de\/wordpress\/wp-content\/uploads\/2026\/03\/WhatsApp-Image-2026-03-19-at-14.28.38.jpeg?resize=864%2C1536&amp;ssl=1 864w\" sizes=\"(max-width: 750px) 100vw, 750px\" \/><\/figure>\n\n\n\n<h2 class=\"wp-block-heading\">Termin\u00fcbersicht 2026<\/h2>\n\n\n\n<p>Der aktuelle Terminkalender steht Euch zum Download bereit:<\/p>\n\n\n\n<p class=\"has-luminous-vivid-amber-color has-text-color has-link-color has-medium-font-size wp-elements-9d8aa77736e7dc1ec24a58a1e4b18d05\"><a href=\"https:\/\/msc-schnaitheim.de\/wordpress\/wp-content\/uploads\/2026\/02\/MSC-Jahrestermine.pdf\">MSC Jahrestermine 2026<\/a><\/p>\n\n\n\n<p class=\"has-luminous-vivid-amber-color has-text-color has-link-color has-medium-font-size wp-elements-c5001eef3333efcfa49b2770f312eb75\"><a href=\"https:\/\/msc-schnaitheim.de\/wordpress\/wp-content\/uploads\/2026\/02\/Termine-DM-2026.pdf\">Termine Rennen und Arbeitsdienste 2026<\/a><\/p>\n\n\n\n<p class=\"has-luminous-vivid-amber-color has-text-color has-link-color has-large-font-size wp-elements-77641d90728e584241aac5a3d0da44e4\"><a href=\"https:\/\/app.helferliste.com\/sign-up-events\/1457?key=3ivkoFHLM2Ic84wDyWNq\">Helferliste DMX 12 April 2026 <\/a><\/p>\n\n\n\n<p>N\u00e4heres zu den Arbeitsdiensten und weitere Informationen werden \u00fcber unseren Newsletter bekannt gegeben<\/p>\n\n\n\n<hr class=\"wp-block-separator has-css-opacity\"\/>\n\n\n\n\n","protected":false},"excerpt":{"rendered":"<p>Termin\u00fcbersicht 2026 Der aktuelle Terminkalender steht Euch zum Download bereit: MSC Jahrestermine 2026 Termine Rennen und Arbeitsdienste 2026 Helferliste DMX 12 April 2026 N\u00e4heres zu den Arbeitsdiensten und weitere Informationen werden \u00fcber unseren Newsletter bekannt gegeben<\/p>\n","protected":false},"author":1,"featured_media":0,"parent":0,"menu_order":0,"comment_status":"closed","ping_status":"closed","template":"","meta":{"advanced_seo_description":"MSC Schnaitheim Motocross Termine und Veranstaltungen","jetpack_seo_html_title":"MSC Schnaitheim Motocross","jetpack_seo_noindex":false,"ngg_post_thumbnail":0,"footnotes":""},"class_list":["post-46","page","type-page","status-publish","hentry"],"jetpack-related-posts":[{"id":67,"url":"https:\/\/msc-schnaitheim.de\/wordpress\/rennigel\/","url_meta":{"origin":46,"position":0},"title":"Jugendabteilung &#8220;Rennigel&#8221;","author":"webadministrator","date":"2. Februar 2020","format":false,"excerpt":"Die Rennigel vom Hafnerh\u00e4ule Die Motocrossjugend in Schnaitheim das sind die \"Rennigel\". Eine Gruppe von 60 Jugendlichen im Alter von 6 bis 17 Jahren. Der Umgang mit der Technik, die rasanten Geschwindigkeiten und die tollen Spr\u00fcnge faszinieren Jungs und M\u00e4dels. Wer Lust hat diesen spannenden aber auch anspruchsvollen Sport kennen\u2026","rel":"","context":"\u00c4hnlicher Beitrag","block_context":{"text":"\u00c4hnlicher Beitrag","link":""},"img":{"alt_text":"","src":"https:\/\/i0.wp.com\/msc-schnaitheim.de\/wordpress\/wp-content\/uploads\/2020\/02\/header_Rennigel.png?fit=960%2C395&ssl=1&resize=350%2C200","width":350,"height":200,"srcset":"https:\/\/i0.wp.com\/msc-schnaitheim.de\/wordpress\/wp-content\/uploads\/2020\/02\/header_Rennigel.png?fit=960%2C395&ssl=1&resize=350%2C200 1x, https:\/\/i0.wp.com\/msc-schnaitheim.de\/wordpress\/wp-content\/uploads\/2020\/02\/header_Rennigel.png?fit=960%2C395&ssl=1&resize=525%2C300 1.5x, https:\/\/i0.wp.com\/msc-schnaitheim.de\/wordpress\/wp-content\/uploads\/2020\/02\/header_Rennigel.png?fit=960%2C395&ssl=1&resize=700%2C400 2x"},"classes":[]},{"id":55,"url":"https:\/\/msc-schnaitheim.de\/wordpress\/historie\/","url_meta":{"origin":46,"position":1},"title":"Historie","author":"webadministrator","date":"2. Februar 2020","format":false,"excerpt":"1949 Es war am 10. Oktober des Jahres 1949, als 14 motorsportbegeisterte M\u00e4nner aus Schnaitheim auf Anregung ihres Kameraden Ernst B\u00e4uerle im Gasthaus \"Eintracht\", dem sp\u00e4teren Friseursalon Knobloch\" den \"Motorsportclub Schnaitheim\" gr\u00fcndeten. Es gibt Aussagen, dass es auch schon vor dem Krieg motorradbegeisterte M\u00e4nner in Schnaitheim gab, aber als Club\u2026","rel":"","context":"\u00c4hnlicher Beitrag","block_context":{"text":"\u00c4hnlicher Beitrag","link":""},"img":{"alt_text":"","src":"https:\/\/i0.wp.com\/msc-schnaitheim.de\/wordpress\/wp-content\/uploads\/2020\/02\/head_Historie.png?fit=960%2C395&ssl=1&resize=350%2C200","width":350,"height":200,"srcset":"https:\/\/i0.wp.com\/msc-schnaitheim.de\/wordpress\/wp-content\/uploads\/2020\/02\/head_Historie.png?fit=960%2C395&ssl=1&resize=350%2C200 1x, https:\/\/i0.wp.com\/msc-schnaitheim.de\/wordpress\/wp-content\/uploads\/2020\/02\/head_Historie.png?fit=960%2C395&ssl=1&resize=525%2C300 1.5x, https:\/\/i0.wp.com\/msc-schnaitheim.de\/wordpress\/wp-content\/uploads\/2020\/02\/head_Historie.png?fit=960%2C395&ssl=1&resize=700%2C400 2x"},"classes":[]},{"id":38,"url":"https:\/\/msc-schnaitheim.de\/wordpress\/aktuelles\/","url_meta":{"origin":46,"position":2},"title":"Aktuelles","author":"webadministrator","date":"2. Februar 2020","format":false,"excerpt":"","rel":"","context":"\u00c4hnlicher Beitrag","block_context":{"text":"\u00c4hnlicher Beitrag","link":""},"img":{"alt_text":"","src":"https:\/\/i0.wp.com\/msc-schnaitheim.de\/wordpress\/wp-content\/uploads\/2020\/02\/Banner.png?fit=1024%2C557&ssl=1&resize=350%2C200","width":350,"height":200,"srcset":"https:\/\/i0.wp.com\/msc-schnaitheim.de\/wordpress\/wp-content\/uploads\/2020\/02\/Banner.png?fit=1024%2C557&ssl=1&resize=350%2C200 1x, https:\/\/i0.wp.com\/msc-schnaitheim.de\/wordpress\/wp-content\/uploads\/2020\/02\/Banner.png?fit=1024%2C557&ssl=1&resize=525%2C300 1.5x, https:\/\/i0.wp.com\/msc-schnaitheim.de\/wordpress\/wp-content\/uploads\/2020\/02\/Banner.png?fit=1024%2C557&ssl=1&resize=700%2C400 2x"},"classes":[]},{"id":1842,"url":"https:\/\/msc-schnaitheim.de\/wordpress\/","url_meta":{"origin":46,"position":3},"title":"MSC Schnaitheim","author":"Markus","date":"2. Oktober 2022","format":false,"excerpt":"Aktuelles","rel":"","context":"\u00c4hnlicher Beitrag","block_context":{"text":"\u00c4hnlicher Beitrag","link":""},"img":{"alt_text":"","src":"https:\/\/i0.wp.com\/msc-schnaitheim.de\/wordpress\/wp-content\/uploads\/2026\/03\/WhatsApp-Image-2026-03-19-at-14.28.38.jpeg?resize=350%2C200","width":350,"height":200,"srcset":"https:\/\/i0.wp.com\/msc-schnaitheim.de\/wordpress\/wp-content\/uploads\/2026\/03\/WhatsApp-Image-2026-03-19-at-14.28.38.jpeg?resize=350%2C200 1x, https:\/\/i0.wp.com\/msc-schnaitheim.de\/wordpress\/wp-content\/uploads\/2026\/03\/WhatsApp-Image-2026-03-19-at-14.28.38.jpeg?resize=525%2C300 1.5x, https:\/\/i0.wp.com\/msc-schnaitheim.de\/wordpress\/wp-content\/uploads\/2026\/03\/WhatsApp-Image-2026-03-19-at-14.28.38.jpeg?resize=700%2C400 2x"},"classes":[]},{"id":51,"url":"https:\/\/msc-schnaitheim.de\/wordpress\/wir-ueber-uns\/","url_meta":{"origin":46,"position":4},"title":"Wir \u00fcber uns","author":"webadministrator","date":"2. Februar 2020","format":false,"excerpt":"Tradition seit 1949 Der MSC Schnaitheim e.V. im ADAC ist ein traditionsreicher Verein mit derzeit ca. 360 Mitgliedern, der am 1.10.1949 gegr\u00fcndet wurde. Der Verein kann auf eine erfolgreiche Geschichte zur\u00fcckblicken und hofft auf eine gleichsam erfolgreiche Zukunft.Jahr f\u00fcr Jahr organisieren wir mit unseren tatkr\u00e4ftigen Mitgliedern zahlreiche Motorsportveranstaltungen wie unser\u2026","rel":"","context":"\u00c4hnlicher Beitrag","block_context":{"text":"\u00c4hnlicher Beitrag","link":""},"img":{"alt_text":"","src":"https:\/\/i0.wp.com\/msc-schnaitheim.de\/wordpress\/wp-content\/uploads\/2020\/02\/header_04.png?fit=960%2C395&ssl=1&resize=350%2C200","width":350,"height":200,"srcset":"https:\/\/i0.wp.com\/msc-schnaitheim.de\/wordpress\/wp-content\/uploads\/2020\/02\/header_04.png?fit=960%2C395&ssl=1&resize=350%2C200 1x, https:\/\/i0.wp.com\/msc-schnaitheim.de\/wordpress\/wp-content\/uploads\/2020\/02\/header_04.png?fit=960%2C395&ssl=1&resize=525%2C300 1.5x, https:\/\/i0.wp.com\/msc-schnaitheim.de\/wordpress\/wp-content\/uploads\/2020\/02\/header_04.png?fit=960%2C395&ssl=1&resize=700%2C400 2x"},"classes":[]},{"id":692,"url":"https:\/\/msc-schnaitheim.de\/wordpress\/gastfahrer-anmeldung-2\/","url_meta":{"origin":46,"position":5},"title":"Gastfahrer Anmeldung","author":"webadministrator","date":"16. August 2020","format":false,"excerpt":"Aktuell m\u00fcsst ihr euch f\u00fcr das Gastfahrertraining am Mittwoch (17 - 20Uhr) im Voraus hier anmelden.","rel":"","context":"\u00c4hnlicher Beitrag","block_context":{"text":"\u00c4hnlicher Beitrag","link":""},"img":{"alt_text":"","src":"","width":0,"height":0},"classes":[]}],"jetpack_sharing_enabled":true,"publishpress_future_action":{"enabled":false,"date":"2026-04-19 22:58:12","action":"change-status","newStatus":"draft","terms":[],"taxonomy":""},"publishpress_future_workflow_manual_trigger":{"enabledWorkflows":[]},"_links":{"self":[{"href":"https:\/\/msc-schnaitheim.de\/wordpress\/wp-json\/wp\/v2\/pages\/46","targetHints":{"allow":["GET"]}}],"collection":[{"href":"https:\/\/msc-schnaitheim.de\/wordpress\/wp-json\/wp\/v2\/pages"}],"about":[{"href":"https:\/\/msc-schnaitheim.de\/wordpress\/wp-json\/wp\/v2\/types\/page"}],"author":[{"embeddable":true,"href":"https:\/\/msc-schnaitheim.de\/wordpress\/wp-json\/wp\/v2\/users\/1"}],"replies":[{"embeddable":true,"href":"https:\/\/msc-schnaitheim.de\/wordpress\/wp-json\/wp\/v2\/comments?post=46"}],"version-history":[{"count":59,"href":"https:\/\/msc-schnaitheim.de\/wordpress\/wp-json\/wp\/v2\/pages\/46\/revisions"}],"predecessor-version":[{"id":3096,"href":"https:\/\/msc-schnaitheim.de\/wordpress\/wp-json\/wp\/v2\/pages\/46\/revisions\/3096"}],"wp:attachment":[{"href":"https:\/\/msc-schnaitheim.de\/wordpress\/wp-json\/wp\/v2\/media?parent=46"}],"curies":[{"name":"wp","href":"https:\/\/api.w.org\/{rel}","templated":true}]}}