{"id":2101,"date":"2023-04-11T10:01:27","date_gmt":"2023-04-11T08:01:27","guid":{"rendered":"https:\/\/msc-schnaitheim.de\/wordpress\/?page_id=2101"},"modified":"2025-03-08T21:04:57","modified_gmt":"2025-03-08T20:04:57","slug":"anmeldungen","status":"publish","type":"page","link":"https:\/\/msc-schnaitheim.de\/wordpress\/anmeldungen\/","title":{"rendered":"Anmeldungen"},"content":{"rendered":"\n<h2 class=\"wp-block-heading\">Helfer f\u00fcr die DM Open am 6. April<\/h2>\n\n\n\n<p>Nachfolgend findet Ihr die Liste von allen Anmeldungen.<\/p>\n\n\n\n<p>Aus Datenschutzgr\u00fcnden wird nur der Vorname und der erste Buchstabe des Nachnamens angezeigt.<\/p>\n\n\n<div class=\"wrapper\"><div class=\"header-row\"><span class=\"column-label\">Name<\/span><span class=\"column-label\">Dienst<\/span><\/div><div class=\"entries\"><div class=\"entry-details\"><span class=\"details\">Jonas G.<\/span><span class=\"details\">Montag, Abbau<\/span><\/div><div class=\"entry-details\"><span class=\"details\">Samuel S.<\/span><span class=\"details\">Montag, Abbau<\/span><\/div><div class=\"entry-details\"><span class=\"details\">Felix B.<\/span><span class=\"details\">Montag, Abbau<\/span><\/div><div class=\"entry-details\"><span class=\"details\">Kremer L.<\/span><span class=\"details\">Montag, Abbau<\/span><\/div><div class=\"entry-details\"><span class=\"details\">Wolfgang K.<\/span><span class=\"details\">Montag, Abbau<\/span><\/div><div class=\"entry-details\"><span class=\"details\">Achim K.<\/span><span class=\"details\">Montag, Abbau<\/span><\/div><div class=\"entry-details\"><span class=\"details\">Dennis D.<\/span><span class=\"details\">Montag, Abbau<\/span><\/div><div class=\"entry-details\"><span class=\"details\">Dieter D.<\/span><span class=\"details\">Montag, Abbau<\/span><\/div><div class=\"entry-details\"><span class=\"details\">Kremer S.<\/span><span class=\"details\">Montag, Abbau<\/span><\/div><div class=\"entry-details\"><span class=\"details\">Andre G.<\/span><span class=\"details\">Montag, Abbau<\/span><\/div><div class=\"entry-details\"><span class=\"details\">Hermann G.<\/span><span class=\"details\">Montag, Abbau<\/span><\/div><div class=\"entry-details\"><span class=\"details\">Roland S.<\/span><span class=\"details\">Montag, Abbau<\/span><\/div><div class=\"entry-details\"><span class=\"details\">Reinhard G.<\/span><span class=\"details\">Montag, Abbau<\/span><\/div><div class=\"entry-details\"><span class=\"details\">Holger E.<\/span><span class=\"details\">Montag, Abbau<\/span><\/div><div class=\"entry-details\"><span class=\"details\">Achim G.<\/span><span class=\"details\">Montag, Abbau<\/span><\/div><div class=\"entry-details\"><span class=\"details\">Stefan T.<\/span><span class=\"details\">Montag, Abbau<\/span><\/div><div class=\"entry-details\"><span class=\"details\">Jutta M.<\/span><span class=\"details\">Montag, Abbau<\/span><\/div><div class=\"entry-details\"><span class=\"details\">Andreas S.<\/span><span class=\"details\">Montag, Abbau<\/span><\/div><div class=\"entry-details\"><span class=\"details\">Lukas D.<\/span><span class=\"details\">Samstag, Aufbau<\/span><\/div><div class=\"entry-details\"><span class=\"details\">Robert B.<\/span><span class=\"details\">Samstag, Aufbau<\/span><\/div><div class=\"entry-details\"><span class=\"details\">Patrick M.<\/span><span class=\"details\">Samstag, Aufbau<\/span><\/div><div class=\"entry-details\"><span class=\"details\">Holger E.<\/span><span class=\"details\">Samstag, Aufbau<\/span><\/div><div class=\"entry-details\"><span class=\"details\">Manfred L.<\/span><span class=\"details\">Samstag, Aufbau<\/span><\/div><div class=\"entry-details\"><span class=\"details\">Hermann G.<\/span><span class=\"details\">Samstag, Aufbau<\/span><\/div><div class=\"entry-details\"><span class=\"details\">Roland S.<\/span><span class=\"details\">Samstag, Aufbau<\/span><\/div><div class=\"entry-details\"><span class=\"details\">Jan S.<\/span><span class=\"details\">Samstag, Aufbau<\/span><\/div><div class=\"entry-details\"><span class=\"details\">Kevin F.<\/span><span class=\"details\">Samstag, Aufbau<\/span><\/div><div class=\"entry-details\"><span class=\"details\">Werner A.<\/span><span class=\"details\">Samstag, Aufbau<\/span><\/div><div class=\"entry-details\"><span class=\"details\">Stefan T.<\/span><span class=\"details\">Samstag, Aufbau<\/span><\/div><div class=\"entry-details\"><span class=\"details\">Jonas G.<\/span><span class=\"details\">Samstag, Aufbau<\/span><\/div><div class=\"entry-details\"><span class=\"details\">Bernd B.<\/span><span class=\"details\">Samstag, Aufbau<\/span><\/div><div class=\"entry-details\"><span class=\"details\">Florian W.<\/span><span class=\"details\">Samstag, Fahrerlager<\/span><\/div><div class=\"entry-details\"><span class=\"details\">Lars M.<\/span><span class=\"details\">Samstag, Fahrerlager<\/span><\/div><div class=\"entry-details\"><span class=\"details\">Rolf E.<\/span><span class=\"details\">Samstag, Fahrerlager<\/span><\/div><div class=\"entry-details\"><span class=\"details\">Kevin F.<\/span><span class=\"details\">Samstag, Papierabnahme<\/span><\/div><div class=\"entry-details\"><span class=\"details\">Jutta M.<\/span><span class=\"details\">Samstag, Papierabnahme<\/span><\/div><div class=\"entry-details\"><span class=\"details\">Ernst B.<\/span><span class=\"details\">Sonntag, Eintrittskasse<\/span><\/div><div class=\"entry-details\"><span class=\"details\">Mark B.<\/span><span class=\"details\">Sonntag, Eintrittskasse<\/span><\/div><div class=\"entry-details\"><span class=\"details\">Lea B.<\/span><span class=\"details\">Sonntag, Eintrittskasse<\/span><\/div><div class=\"entry-details\"><span class=\"details\">Gabi B.<\/span><span class=\"details\">Sonntag, Eintrittskasse<\/span><\/div><div class=\"entry-details\"><span class=\"details\">Lukas D.<\/span><span class=\"details\">Sonntag, Eintrittskasse<\/span><\/div><div class=\"entry-details\"><span class=\"details\">Anette N.<\/span><span class=\"details\">Sonntag, Eintrittskasse<\/span><\/div><div class=\"entry-details\"><span class=\"details\">Debora R.<\/span><span class=\"details\">Sonntag, Eintrittskasse<\/span><\/div><div class=\"entry-details\"><span class=\"details\">Claus S.<\/span><span class=\"details\">Sonntag, Eintrittskasse<\/span><\/div><div class=\"entry-details\"><span class=\"details\">Holger E.<\/span><span class=\"details\">Sonntag, Eintrittskasse<\/span><\/div><div class=\"entry-details\"><span class=\"details\">Nils L.<\/span><span class=\"details\">Sonntag, Eintrittskasse<\/span><\/div><div class=\"entry-details\"><span class=\"details\">Jochen L.<\/span><span class=\"details\">Sonntag, Eintrittskasse<\/span><\/div><div class=\"entry-details\"><span class=\"details\">Bettina L.<\/span><span class=\"details\">Sonntag, Eintrittskasse<\/span><\/div><div class=\"entry-details\"><span class=\"details\">Ernst B.<\/span><span class=\"details\">Sonntag, Eintrittskasse<\/span><\/div><div class=\"entry-details\"><span class=\"details\">Gabi B.<\/span><span class=\"details\">Sonntag, Eintrittskasse<\/span><\/div><div class=\"entry-details\"><span class=\"details\">Smilla L.<\/span><span class=\"details\">Sonntag, Kuchenstand (13 - 17 Uhr)<\/span><\/div><div class=\"entry-details\"><span class=\"details\">Jana L.<\/span><span class=\"details\">Sonntag, Kuchenstand (13 - 17 Uhr)<\/span><\/div><div class=\"entry-details\"><span class=\"details\">Erkan H.<\/span><span class=\"details\">Sonntag, Kuchenstand (13 - 17 Uhr)<\/span><\/div><div class=\"entry-details\"><span class=\"details\">Erkan H.<\/span><span class=\"details\">Sonntag, Kuchenstand (8 - 13 Uhr)<\/span><\/div><div class=\"entry-details\"><span class=\"details\">Erkan H.<\/span><span class=\"details\">Sonntag, Kuchenstand (8 - 13 Uhr)<\/span><\/div><div class=\"entry-details\"><span class=\"details\">Nico T.<\/span><span class=\"details\">Sonntag, Kuchenstand (8 - 13 Uhr)<\/span><\/div><div class=\"entry-details\"><span class=\"details\">Daniela T.<\/span><span class=\"details\">Sonntag, Kuchenstand (8 - 13 Uhr)<\/span><\/div><div class=\"entry-details\"><span class=\"details\">Nicole B.<\/span><span class=\"details\">Sonntag, Kuchenstand (8 - 13 Uhr)<\/span><\/div><div class=\"entry-details\"><span class=\"details\">Jutta M.<\/span><span class=\"details\">Sonntag, Papierabnahme<\/span><\/div><div class=\"entry-details\"><span class=\"details\">Tanja K.<\/span><span class=\"details\">Sonntag, Papierabnahme<\/span><\/div><div class=\"entry-details\"><span class=\"details\">Lenny B.<\/span><span class=\"details\">Sonntag, Pommes-Stand (13 - 18 Uhr)<\/span><\/div><div class=\"entry-details\"><span class=\"details\">Werner A.<\/span><span class=\"details\">Sonntag, Pommes-Stand (13 - 18 Uhr)<\/span><\/div><div class=\"entry-details\"><span class=\"details\">Silke A.<\/span><span class=\"details\">Sonntag, Pommes-Stand (13 - 18 Uhr)<\/span><\/div><div class=\"entry-details\"><span class=\"details\">Elena C.<\/span><span class=\"details\">Sonntag, Pommes-Stand (9 - 13 Uhr)<\/span><\/div><div class=\"entry-details\"><span class=\"details\">Achim G.<\/span><span class=\"details\">Sonntag, Pommes-Stand (9 - 13 Uhr)<\/span><\/div><div class=\"entry-details\"><span class=\"details\">Leonard K.<\/span><span class=\"details\">Sonntag, Pommes-Stand (9 - 13 Uhr)<\/span><\/div><div class=\"entry-details\"><span class=\"details\">Markus K.<\/span><span class=\"details\">Sonntag, Pommes-Stand (9 - 13 Uhr)<\/span><\/div><div class=\"entry-details\"><span class=\"details\">Uwe B.<\/span><span class=\"details\">Sonntag, Streckenposten<\/span><\/div><div class=\"entry-details\"><span class=\"details\">Marco U.<\/span><span class=\"details\">Sonntag, Streckenposten<\/span><\/div><div class=\"entry-details\"><span class=\"details\">Markus B.<\/span><span class=\"details\">Sonntag, Streckenposten<\/span><\/div><div class=\"entry-details\"><span class=\"details\">Andreas M.<\/span><span class=\"details\">Sonntag, Streckenposten<\/span><\/div><div class=\"entry-details\"><span class=\"details\">Sven J.<\/span><span class=\"details\">Sonntag, Streckenposten<\/span><\/div><div class=\"entry-details\"><span class=\"details\">Oliver B.<\/span><span class=\"details\">Sonntag, Streckenposten<\/span><\/div><div class=\"entry-details\"><span class=\"details\">Manfred L.<\/span><span class=\"details\">Sonntag, Streckenposten<\/span><\/div><div class=\"entry-details\"><span class=\"details\">Oliver J.<\/span><span class=\"details\">Sonntag, Streckenposten<\/span><\/div><div class=\"entry-details\"><span class=\"details\">Samuel S.<\/span><span class=\"details\">Sonntag, Streckenposten<\/span><\/div><div class=\"entry-details\"><span class=\"details\">Hermann G.<\/span><span class=\"details\">Sonntag, Streckenposten<\/span><\/div><div class=\"entry-details\"><span class=\"details\">G\u00fcnther W.<\/span><span class=\"details\">Sonntag, Streckenposten<\/span><\/div><div class=\"entry-details\"><span class=\"details\">Franz W.<\/span><span class=\"details\">Sonntag, Streckenposten<\/span><\/div><div class=\"entry-details\"><span class=\"details\">Florian W.<\/span><span class=\"details\">Sonntag, Streckenposten<\/span><\/div><div class=\"entry-details\"><span class=\"details\">Michi G.<\/span><span class=\"details\">Sonntag, Streckenposten<\/span><\/div><div class=\"entry-details\"><span class=\"details\">Reinhard G.<\/span><span class=\"details\">Sonntag, Streckenposten<\/span><\/div><div class=\"entry-details\"><span class=\"details\">Patrick P.<\/span><span class=\"details\">Sonntag, Streckenposten<\/span><\/div><div class=\"entry-details\"><span class=\"details\">Fischer S.<\/span><span class=\"details\">Sonntag, Streckenposten<\/span><\/div><div class=\"entry-details\"><span class=\"details\">Reiner E.<\/span><span class=\"details\">Sonntag, Streckenposten<\/span><\/div><div class=\"entry-details\"><span class=\"details\">Rolf E.<\/span><span class=\"details\">Sonntag, Streckenposten<\/span><\/div><div class=\"entry-details\"><span class=\"details\">Samuel E.<\/span><span class=\"details\">Sonntag, Streckenposten<\/span><\/div><div class=\"entry-details\"><span class=\"details\">Frank W.<\/span><span class=\"details\">Sonntag, Streckenposten<\/span><\/div><div class=\"entry-details\"><span class=\"details\">Stefan T.<\/span><span class=\"details\">Sonntag, Streckenposten<\/span><\/div><div class=\"entry-details\"><span class=\"details\">Mark B.<\/span><span class=\"details\">Sonntag, Streckenposten<\/span><\/div><div class=\"entry-details\"><span class=\"details\">Bernd B.<\/span><span class=\"details\">Sonntag, Streckenposten<\/span><\/div><div class=\"entry-details\"><span class=\"details\">Elias J.<\/span><span class=\"details\">Sonntag, Streckenposten<\/span><\/div><div class=\"entry-details\"><span class=\"details\">Matisse G.<\/span><span class=\"details\">Sonntag, Streckenposten<\/span><\/div><div class=\"entry-details\"><span class=\"details\">Michael H.<\/span><span class=\"details\">Sonntag, Streckenposten<\/span><\/div><div class=\"entry-details\"><span class=\"details\">Andreas S.<\/span><span class=\"details\">Sonntag, Streckenposten<\/span><\/div><div class=\"entry-details\"><span class=\"details\">Uschi W.<\/span><span class=\"details\">Sonntag, Streckenposten<\/span><\/div><div class=\"entry-details\"><span class=\"details\">Rudi W.<\/span><span class=\"details\">Sonntag, Streckenposten<\/span><\/div><div class=\"entry-details\"><span class=\"details\">Markus G.<\/span><span class=\"details\">Sonntag, Streckenposten<\/span><\/div><div class=\"entry-details\"><span class=\"details\">Leon F.<\/span><span class=\"details\">Sonntag, Streckenposten<\/span><\/div><div class=\"entry-details\"><span class=\"details\">Harald O.<\/span><span class=\"details\">Sonntag, Waschplatz<\/span><\/div><div class=\"entry-details\"><span class=\"details\">Lars M.<\/span><span class=\"details\">Sonntag, Waschplatz<\/span><\/div><div class=\"entry-details\"><span class=\"details\">Jan S.<\/span><span class=\"details\">Sonntag, Waschplatz<\/span><\/div><\/div><\/div>\n","protected":false},"excerpt":{"rendered":"<p>Helfer f\u00fcr die DM Open am 6. April Nachfolgend findet Ihr die Liste von allen Anmeldungen. Aus Datenschutzgr\u00fcnden wird nur der Vorname und der erste Buchstabe des Nachnamens angezeigt.<\/p>\n","protected":false},"author":6,"featured_media":0,"parent":0,"menu_order":0,"comment_status":"closed","ping_status":"closed","template":"","meta":{"advanced_seo_description":"","jetpack_seo_html_title":"","jetpack_seo_noindex":false,"ngg_post_thumbnail":0,"footnotes":""},"class_list":["post-2101","page","type-page","status-publish","hentry"],"jetpack-related-posts":[{"id":911,"url":"https:\/\/msc-schnaitheim.de\/wordpress\/anmeldung-msc-vereins-teamwettbewerb\/","url_meta":{"origin":2101,"position":0},"title":"Anmeldung MSC Vereins-Teamwettbewerb","author":"webadministrator","date":"12. September 2021","format":false,"excerpt":"Team Anmeldung Keine Anmeldung mehr m\u00f6glich. Helfer Anmeldung Wir haben bereits gen\u00fcgend Helfer.","rel":"","context":"\u00c4hnlicher Beitrag","block_context":{"text":"\u00c4hnlicher Beitrag","link":""},"img":{"alt_text":"","src":"https:\/\/i0.wp.com\/msc-schnaitheim.de\/wordpress\/wp-content\/uploads\/2021\/09\/Zeitplan.png?resize=350%2C200&ssl=1","width":350,"height":200,"srcset":"https:\/\/i0.wp.com\/msc-schnaitheim.de\/wordpress\/wp-content\/uploads\/2021\/09\/Zeitplan.png?resize=350%2C200&ssl=1 1x, https:\/\/i0.wp.com\/msc-schnaitheim.de\/wordpress\/wp-content\/uploads\/2021\/09\/Zeitplan.png?resize=525%2C300&ssl=1 1.5x, https:\/\/i0.wp.com\/msc-schnaitheim.de\/wordpress\/wp-content\/uploads\/2021\/09\/Zeitplan.png?resize=700%2C400&ssl=1 2x"},"classes":[]},{"id":692,"url":"https:\/\/msc-schnaitheim.de\/wordpress\/gastfahrer-anmeldung-2\/","url_meta":{"origin":2101,"position":1},"title":"Gastfahrer Anmeldung","author":"webadministrator","date":"16. August 2020","format":false,"excerpt":"Aktuell m\u00fcsst ihr euch f\u00fcr das Gastfahrertraining am Mittwoch (17 - 20Uhr) im Voraus hier anmelden.","rel":"","context":"\u00c4hnlicher Beitrag","block_context":{"text":"\u00c4hnlicher Beitrag","link":""},"img":{"alt_text":"","src":"","width":0,"height":0},"classes":[]},{"id":1200,"url":"https:\/\/msc-schnaitheim.de\/wordpress\/anmeldung-und-formulare\/","url_meta":{"origin":2101,"position":2},"title":"Infos, Anmeldung &#038; Formulare","author":"Markus","date":"5. April 2022","format":false,"excerpt":"Allgemeine Informationen Trainingsinformationen, Trainingszeiten & Trainingsverordnung Tagestrainingspass Lizenzbeihilfe Infos f\u00fcr Einsteiger & Jugendabteilung Ansprechpartner & Vorstand Strecke & Training Anfahrt Mitglied werden Du willst bei uns Mitglied werden? Gerne!F\u00fclle einfach den Mitgliedsantrag aus und das SEPA Lastschriftmandat und bringe es zu den Trainingszeiten in der H\u00fctte vorbei oder sende uns\u2026","rel":"","context":"\u00c4hnlicher Beitrag","block_context":{"text":"\u00c4hnlicher Beitrag","link":""},"img":{"alt_text":"","src":"","width":0,"height":0},"classes":[]},{"id":1757,"url":"https:\/\/msc-schnaitheim.de\/wordpress\/schwarzes-brett\/","url_meta":{"origin":2101,"position":3},"title":"Schwarzes Brett","author":"Markus","date":"4. Juli 2022","format":false,"excerpt":"Liebe Vereinsmitglieder, auf dieser Seite k\u00f6nnt Ihr gerne Informationen teilen, oder Inserate \u00fcber Gesuche und Verk\u00e4ufe schalten. Daf\u00fcr nutzt Ihr bitte die Kommentarfunkion ganz unten auf dieser Seite. Bitte beachtet, dass diese Kommentare anonym (ohne Anmeldung) abgegeben werden und Ihr f\u00fcr die Inhalte selbst verantwortlich seid. Der MSC \u00fcbernimmt an\u2026","rel":"","context":"Mit 3 Kommentaren","block_context":{"text":"Mit 3 Kommentaren","link":"https:\/\/msc-schnaitheim.de\/wordpress\/schwarzes-brett\/#comments"},"img":{"alt_text":"","src":"","width":0,"height":0},"classes":[]},{"id":2508,"url":"https:\/\/msc-schnaitheim.de\/wordpress\/test\/","url_meta":{"origin":2101,"position":4},"title":"Test","author":"Markus","date":"3. Juni 2024","format":false,"excerpt":"","rel":"","context":"\u00c4hnlicher Beitrag","block_context":{"text":"\u00c4hnlicher Beitrag","link":""},"img":{"alt_text":"","src":"","width":0,"height":0},"classes":[]},{"id":31,"url":"https:\/\/msc-schnaitheim.de\/wordpress\/strecke-trainingszeiten\/","url_meta":{"origin":2101,"position":5},"title":"Strecke &#038; Training","author":"webadministrator","date":"2. Februar 2020","format":false,"excerpt":"Streckenbeschreibung der DM-Strecke \"am Hafnerh\u00e4ule\" Lehmiger Hartboden mit kleinen Steinen. Die Strecke ist durchgehend 6 Meter breit, weitl\u00e4ufig und zeichnet sich zudem durch steile Auf- und Abfahrten aus. Lange und kurze Table, Step-Up, Step-Down und Wellen runden die DM-Strecke ab. Eine anspruchsvolle Stecke, die Hobbyfahrer wie auch Profis begeistert. Streckenverordnung\u2026","rel":"","context":"\u00c4hnlicher Beitrag","block_context":{"text":"\u00c4hnlicher Beitrag","link":""},"img":{"alt_text":"","src":"https:\/\/i0.wp.com\/msc-schnaitheim.de\/wordpress\/wp-content\/uploads\/2020\/05\/2020_Strecke_neu-scaled.jpg?resize=350%2C200&ssl=1","width":350,"height":200,"srcset":"https:\/\/i0.wp.com\/msc-schnaitheim.de\/wordpress\/wp-content\/uploads\/2020\/05\/2020_Strecke_neu-scaled.jpg?resize=350%2C200&ssl=1 1x, https:\/\/i0.wp.com\/msc-schnaitheim.de\/wordpress\/wp-content\/uploads\/2020\/05\/2020_Strecke_neu-scaled.jpg?resize=525%2C300&ssl=1 1.5x, https:\/\/i0.wp.com\/msc-schnaitheim.de\/wordpress\/wp-content\/uploads\/2020\/05\/2020_Strecke_neu-scaled.jpg?resize=700%2C400&ssl=1 2x, https:\/\/i0.wp.com\/msc-schnaitheim.de\/wordpress\/wp-content\/uploads\/2020\/05\/2020_Strecke_neu-scaled.jpg?resize=1050%2C600&ssl=1 3x, https:\/\/i0.wp.com\/msc-schnaitheim.de\/wordpress\/wp-content\/uploads\/2020\/05\/2020_Strecke_neu-scaled.jpg?resize=1400%2C800&ssl=1 4x"},"classes":[]}],"jetpack_sharing_enabled":true,"publishpress_future_action":{"enabled":false,"date":"2026-04-19 11:51:50","action":"change-status","newStatus":"draft","terms":[],"taxonomy":""},"publishpress_future_workflow_manual_trigger":{"enabledWorkflows":[]},"_links":{"self":[{"href":"https:\/\/msc-schnaitheim.de\/wordpress\/wp-json\/wp\/v2\/pages\/2101","targetHints":{"allow":["GET"]}}],"collection":[{"href":"https:\/\/msc-schnaitheim.de\/wordpress\/wp-json\/wp\/v2\/pages"}],"about":[{"href":"https:\/\/msc-schnaitheim.de\/wordpress\/wp-json\/wp\/v2\/types\/page"}],"author":[{"embeddable":true,"href":"https:\/\/msc-schnaitheim.de\/wordpress\/wp-json\/wp\/v2\/users\/6"}],"replies":[{"embeddable":true,"href":"https:\/\/msc-schnaitheim.de\/wordpress\/wp-json\/wp\/v2\/comments?post=2101"}],"version-history":[{"count":5,"href":"https:\/\/msc-schnaitheim.de\/wordpress\/wp-json\/wp\/v2\/pages\/2101\/revisions"}],"predecessor-version":[{"id":2624,"href":"https:\/\/msc-schnaitheim.de\/wordpress\/wp-json\/wp\/v2\/pages\/2101\/revisions\/2624"}],"wp:attachment":[{"href":"https:\/\/msc-schnaitheim.de\/wordpress\/wp-json\/wp\/v2\/media?parent=2101"}],"curies":[{"name":"wp","href":"https:\/\/api.w.org\/{rel}","templated":true}]}}