{"id":1757,"date":"2022-07-04T16:58:04","date_gmt":"2022-07-04T14:58:04","guid":{"rendered":"https:\/\/msc-schnaitheim.de\/wordpress\/?page_id=1757"},"modified":"2026-04-17T17:26:38","modified_gmt":"2026-04-17T15:26:38","slug":"schwarzes-brett","status":"publish","type":"page","link":"https:\/\/msc-schnaitheim.de\/wordpress\/schwarzes-brett\/","title":{"rendered":"Schwarzes Brett"},"content":{"rendered":"\n<p>Liebe Vereinsmitglieder,<\/p>\n\n\n\n<p>auf dieser Seite k\u00f6nnt Ihr gerne Informationen teilen, oder Inserate \u00fcber Gesuche und Verk\u00e4ufe schalten.<\/p>\n\n\n\n<p>Daf\u00fcr nutzt Ihr bitte die Kommentarfunkion ganz unten auf dieser Seite.<\/p>\n\n\n\n<p>Bitte beachtet, dass diese Kommentare anonym (ohne Anmeldung) abgegeben werden und Ihr f\u00fcr die Inhalte selbst verantwortlich seid. Der MSC \u00fcbernimmt an dieser Stelle keine Haftung f\u00fcr die Richtigkeit oder Rechtm\u00e4\u00dfigkeit der Inhalte.<\/p>\n\n\n\n<p>Bitte beachtet auch, dass verfasste Kommentare nachtr\u00e4glich nicht mehr ge\u00e4ndert werden k\u00f6nnen.<\/p>\n","protected":false},"excerpt":{"rendered":"<p>Liebe Vereinsmitglieder, auf dieser Seite k\u00f6nnt Ihr gerne Informationen teilen, oder Inserate \u00fcber Gesuche und Verk\u00e4ufe schalten. Daf\u00fcr nutzt Ihr bitte die Kommentarfunkion ganz unten auf dieser Seite. Bitte beachtet, dass diese Kommentare anonym (ohne Anmeldung) abgegeben werden und Ihr<\/p>\n","protected":false},"author":6,"featured_media":0,"parent":0,"menu_order":0,"comment_status":"open","ping_status":"closed","template":"","meta":{"advanced_seo_description":"","jetpack_seo_html_title":"","jetpack_seo_noindex":false,"ngg_post_thumbnail":0,"footnotes":""},"class_list":["post-1757","page","type-page","status-publish","hentry"],"jetpack-related-posts":[{"id":3,"url":"https:\/\/msc-schnaitheim.de\/wordpress\/datenschutzerklaerung\/","url_meta":{"origin":1757,"position":0},"title":"Datenschutzerkl\u00e4rung","author":"webadministrator","date":"1. Februar 2020","format":false,"excerpt":"Datenschutzerkl\u00e4rung Personenbezogene Daten (nachfolgend zumeist nur \u201eDaten\u201c genannt) werden von uns nur im Rahmen der Erforderlichkeit sowie zum Zwecke der Bereitstellung eines funktionsf\u00e4higen und nutzerfreundlichen Internetauftritts, inklusive seiner Inhalte und der dort angebotenen Leistungen, verarbeitet. Gem\u00e4\u00df Art. 4 Ziffer 1. der Verordnung (EU) 2016\/679, also der Datenschutz-Grundverordnung (nachfolgend nur \u201eDSGVO\u201c\u2026","rel":"","context":"\u00c4hnlicher Beitrag","block_context":{"text":"\u00c4hnlicher Beitrag","link":""},"img":{"alt_text":"","src":"","width":0,"height":0},"classes":[]},{"id":31,"url":"https:\/\/msc-schnaitheim.de\/wordpress\/strecke-trainingszeiten\/","url_meta":{"origin":1757,"position":1},"title":"Strecke &#038; Training","author":"webadministrator","date":"2. Februar 2020","format":false,"excerpt":"Streckenbeschreibung der DM-Strecke \"am Hafnerh\u00e4ule\" Lehmiger Hartboden mit kleinen Steinen. Die Strecke ist durchgehend 6 Meter breit, weitl\u00e4ufig und zeichnet sich zudem durch steile Auf- und Abfahrten aus. Lange und kurze Table, Step-Up, Step-Down und Wellen runden die DM-Strecke ab. Eine anspruchsvolle Stecke, die Hobbyfahrer wie auch Profis begeistert. Streckenverordnung\u2026","rel":"","context":"\u00c4hnlicher Beitrag","block_context":{"text":"\u00c4hnlicher Beitrag","link":""},"img":{"alt_text":"","src":"https:\/\/i0.wp.com\/msc-schnaitheim.de\/wordpress\/wp-content\/uploads\/2020\/05\/2020_Strecke_neu-scaled.jpg?resize=350%2C200&ssl=1","width":350,"height":200,"srcset":"https:\/\/i0.wp.com\/msc-schnaitheim.de\/wordpress\/wp-content\/uploads\/2020\/05\/2020_Strecke_neu-scaled.jpg?resize=350%2C200&ssl=1 1x, https:\/\/i0.wp.com\/msc-schnaitheim.de\/wordpress\/wp-content\/uploads\/2020\/05\/2020_Strecke_neu-scaled.jpg?resize=525%2C300&ssl=1 1.5x, https:\/\/i0.wp.com\/msc-schnaitheim.de\/wordpress\/wp-content\/uploads\/2020\/05\/2020_Strecke_neu-scaled.jpg?resize=700%2C400&ssl=1 2x, https:\/\/i0.wp.com\/msc-schnaitheim.de\/wordpress\/wp-content\/uploads\/2020\/05\/2020_Strecke_neu-scaled.jpg?resize=1050%2C600&ssl=1 3x, https:\/\/i0.wp.com\/msc-schnaitheim.de\/wordpress\/wp-content\/uploads\/2020\/05\/2020_Strecke_neu-scaled.jpg?resize=1400%2C800&ssl=1 4x"},"classes":[]},{"id":1200,"url":"https:\/\/msc-schnaitheim.de\/wordpress\/anmeldung-und-formulare\/","url_meta":{"origin":1757,"position":2},"title":"Infos, Anmeldung &#038; Formulare","author":"Markus","date":"5. April 2022","format":false,"excerpt":"Allgemeine Informationen Trainingsinformationen, Trainingszeiten & Trainingsverordnung Tagestrainingspass Lizenzbeihilfe Infos f\u00fcr Einsteiger & Jugendabteilung Ansprechpartner & Vorstand Strecke & Training Anfahrt Mitglied werden Du willst bei uns Mitglied werden? Gerne!F\u00fclle einfach den Mitgliedsantrag aus und das SEPA Lastschriftmandat und bringe es zu den Trainingszeiten in der H\u00fctte vorbei oder sende uns\u2026","rel":"","context":"\u00c4hnlicher Beitrag","block_context":{"text":"\u00c4hnlicher Beitrag","link":""},"img":{"alt_text":"","src":"","width":0,"height":0},"classes":[]},{"id":51,"url":"https:\/\/msc-schnaitheim.de\/wordpress\/wir-ueber-uns\/","url_meta":{"origin":1757,"position":3},"title":"Wir \u00fcber uns","author":"webadministrator","date":"2. Februar 2020","format":false,"excerpt":"Tradition seit 1949 Der MSC Schnaitheim e.V. im ADAC ist ein traditionsreicher Verein mit derzeit ca. 360 Mitgliedern, der am 1.10.1949 gegr\u00fcndet wurde. Der Verein kann auf eine erfolgreiche Geschichte zur\u00fcckblicken und hofft auf eine gleichsam erfolgreiche Zukunft.Jahr f\u00fcr Jahr organisieren wir mit unseren tatkr\u00e4ftigen Mitgliedern zahlreiche Motorsportveranstaltungen wie unser\u2026","rel":"","context":"\u00c4hnlicher Beitrag","block_context":{"text":"\u00c4hnlicher Beitrag","link":""},"img":{"alt_text":"","src":"https:\/\/i0.wp.com\/msc-schnaitheim.de\/wordpress\/wp-content\/uploads\/2020\/02\/header_04.png?fit=960%2C395&ssl=1&resize=350%2C200","width":350,"height":200,"srcset":"https:\/\/i0.wp.com\/msc-schnaitheim.de\/wordpress\/wp-content\/uploads\/2020\/02\/header_04.png?fit=960%2C395&ssl=1&resize=350%2C200 1x, https:\/\/i0.wp.com\/msc-schnaitheim.de\/wordpress\/wp-content\/uploads\/2020\/02\/header_04.png?fit=960%2C395&ssl=1&resize=525%2C300 1.5x, https:\/\/i0.wp.com\/msc-schnaitheim.de\/wordpress\/wp-content\/uploads\/2020\/02\/header_04.png?fit=960%2C395&ssl=1&resize=700%2C400 2x"},"classes":[]},{"id":61,"url":"https:\/\/msc-schnaitheim.de\/wordpress\/anfahrt\/","url_meta":{"origin":1757,"position":4},"title":"Anfahrt","author":"webadministrator","date":"2. Februar 2020","format":false,"excerpt":"Ihr Weg zur Motocross-Strecke \"Hafnerh\u00e4ule\": Auf nach Schnaitheim GPS Koordinaten (Fahrerlager): +48\u00b0 43' 8.40\", +10\u00b0 10' 51.68\" Anfahrtsbeschreibung Der MSC-Schnaitheim hat seine traditionsreiche Rennstrecke in Schnaitheim in der N\u00e4he von Heidenheim. Von der Autobahn A7 kommend nimmt man die Ausfahrt Heidenheim und f\u00e4hrt dann in Richtung Heidenheim.\u00a0Nach ca. 2 km\u2026","rel":"","context":"\u00c4hnlicher Beitrag","block_context":{"text":"\u00c4hnlicher Beitrag","link":""},"img":{"alt_text":"","src":"https:\/\/i0.wp.com\/msc-schnaitheim.de\/wordpress\/wp-content\/uploads\/2020\/02\/header_04.png?fit=960%2C395&ssl=1&resize=350%2C200","width":350,"height":200,"srcset":"https:\/\/i0.wp.com\/msc-schnaitheim.de\/wordpress\/wp-content\/uploads\/2020\/02\/header_04.png?fit=960%2C395&ssl=1&resize=350%2C200 1x, https:\/\/i0.wp.com\/msc-schnaitheim.de\/wordpress\/wp-content\/uploads\/2020\/02\/header_04.png?fit=960%2C395&ssl=1&resize=525%2C300 1.5x, https:\/\/i0.wp.com\/msc-schnaitheim.de\/wordpress\/wp-content\/uploads\/2020\/02\/header_04.png?fit=960%2C395&ssl=1&resize=700%2C400 2x"},"classes":[]},{"id":2487,"url":"https:\/\/msc-schnaitheim.de\/wordpress\/trackopen-sicherheitskopie-bitte-nicht-bearbeiten\/","url_meta":{"origin":1757,"position":5},"title":"TrackOpen &#8211; Sicherheitskopie &#8211; bitte nicht bearbeiten","author":"Markus","date":"21. April 2025","format":false,"excerpt":"offen Woche 1 frei Woche 2 frei Woche 3 frei Woche 4 frei Woche 5 frei","rel":"","context":"\u00c4hnlicher Beitrag","block_context":{"text":"\u00c4hnlicher Beitrag","link":""},"img":{"alt_text":"","src":"","width":0,"height":0},"classes":[]}],"jetpack_sharing_enabled":true,"publishpress_future_action":{"enabled":false,"date":"2026-04-27 04:12:16","action":"change-status","newStatus":"draft","terms":[],"taxonomy":""},"publishpress_future_workflow_manual_trigger":{"enabledWorkflows":[]},"_links":{"self":[{"href":"https:\/\/msc-schnaitheim.de\/wordpress\/wp-json\/wp\/v2\/pages\/1757","targetHints":{"allow":["GET"]}}],"collection":[{"href":"https:\/\/msc-schnaitheim.de\/wordpress\/wp-json\/wp\/v2\/pages"}],"about":[{"href":"https:\/\/msc-schnaitheim.de\/wordpress\/wp-json\/wp\/v2\/types\/page"}],"author":[{"embeddable":true,"href":"https:\/\/msc-schnaitheim.de\/wordpress\/wp-json\/wp\/v2\/users\/6"}],"replies":[{"embeddable":true,"href":"https:\/\/msc-schnaitheim.de\/wordpress\/wp-json\/wp\/v2\/comments?post=1757"}],"version-history":[{"count":5,"href":"https:\/\/msc-schnaitheim.de\/wordpress\/wp-json\/wp\/v2\/pages\/1757\/revisions"}],"predecessor-version":[{"id":1768,"href":"https:\/\/msc-schnaitheim.de\/wordpress\/wp-json\/wp\/v2\/pages\/1757\/revisions\/1768"}],"wp:attachment":[{"href":"https:\/\/msc-schnaitheim.de\/wordpress\/wp-json\/wp\/v2\/media?parent=1757"}],"curies":[{"name":"wp","href":"https:\/\/api.w.org\/{rel}","templated":true}]}}