{"id":1524,"date":"2022-05-03T19:16:49","date_gmt":"2022-05-03T17:16:49","guid":{"rendered":"https:\/\/msc-schnaitheim.de\/wordpress\/?page_id=1524"},"modified":"2022-05-03T19:33:12","modified_gmt":"2022-05-03T17:33:12","slug":"suche","status":"publish","type":"page","link":"https:\/\/msc-schnaitheim.de\/wordpress\/suche\/","title":{"rendered":"Suche"},"content":{"rendered":"\n<h2 class=\"wp-block-heading\">Volltextsuche<\/h2>\n\n\n<form role=\"search\" method=\"get\" action=\"https:\/\/msc-schnaitheim.de\/wordpress\/\" class=\"wp-block-search__button-outside wp-block-search__icon-button wp-block-search\"    ><label class=\"wp-block-search__label screen-reader-text\" for=\"wp-block-search__input-1\" >Search<\/label><div class=\"wp-block-search__inside-wrapper\" ><input class=\"wp-block-search__input\" id=\"wp-block-search__input-1\" placeholder=\"\" value=\"\" type=\"search\" name=\"s\" required \/><button aria-label=\"Search\" class=\"wp-block-search__button has-icon wp-element-button\" type=\"submit\" ><svg class=\"search-icon\" viewBox=\"0 0 24 24\" width=\"24\" height=\"24\">\n\t\t\t\t\t<path d=\"M13 5c-3.3 0-6 2.7-6 6 0 1.4.5 2.7 1.3 3.7l-3.8 3.8 1.1 1.1 3.8-3.8c1 .8 2.3 1.3 3.7 1.3 3.3 0 6-2.7 6-6S16.3 5 13 5zm0 10.5c-2.5 0-4.5-2-4.5-4.5s2-4.5 4.5-4.5 4.5 2 4.5 4.5-2 4.5-4.5 4.5z\"><\/path>\n\t\t\t\t<\/svg><\/button><\/div><\/form>\n\n\n<hr class=\"wp-block-separator\"\/>\n\n\n\n<div class=\"wp-block-columns is-layout-flex wp-container-core-columns-is-layout-9d6595d7 wp-block-columns-is-layout-flex\">\n<div class=\"wp-block-column is-layout-flow wp-block-column-is-layout-flow\">\n<h2 class=\"wp-block-heading\">Kategorien<\/h2>\n\n\n<p class=\"wp-block-tag-cloud\"><a href=\"https:\/\/msc-schnaitheim.de\/wordpress\/category\/allgemein\/\" class=\"tag-cloud-link tag-link-1 tag-link-position-1\" style=\"font-size: 8pt;\" aria-label=\"Aktuelles (1\u00a0Eintrag)\">Aktuelles<\/a>\n<a href=\"https:\/\/msc-schnaitheim.de\/wordpress\/category\/veranstaltung\/bwcup\/\" class=\"tag-cloud-link tag-link-19 tag-link-position-2\" style=\"font-size: 13.490196078431pt;\" aria-label=\"BWCup (4\u00a0Eintr\u00e4ge)\">BWCup<\/a>\n<a href=\"https:\/\/msc-schnaitheim.de\/wordpress\/category\/veranstaltung\/bwpokal\/\" class=\"tag-cloud-link tag-link-20 tag-link-position-3\" style=\"font-size: 13.490196078431pt;\" aria-label=\"BWPokal (4\u00a0Eintr\u00e4ge)\">BWPokal<\/a>\n<a href=\"https:\/\/msc-schnaitheim.de\/wordpress\/category\/veranstaltung\/dm\/\" class=\"tag-cloud-link tag-link-6 tag-link-position-4\" style=\"font-size: 18.156862745098pt;\" aria-label=\"DM (10\u00a0Eintr\u00e4ge)\">DM<\/a>\n<a href=\"https:\/\/msc-schnaitheim.de\/wordpress\/category\/gastfahrer\/\" class=\"tag-cloud-link tag-link-12 tag-link-position-5\" style=\"font-size: 13.490196078431pt;\" aria-label=\"Gastfahrer (4\u00a0Eintr\u00e4ge)\">Gastfahrer<\/a>\n<a href=\"https:\/\/msc-schnaitheim.de\/wordpress\/category\/vereinsintern\/hauptversammlung\/\" class=\"tag-cloud-link tag-link-5 tag-link-position-6\" style=\"font-size: 12.117647058824pt;\" aria-label=\"Hauptversammlung (3\u00a0Eintr\u00e4ge)\">Hauptversammlung<\/a>\n<a href=\"https:\/\/msc-schnaitheim.de\/wordpress\/category\/vereinsintern\/helferaufruf\/\" class=\"tag-cloud-link tag-link-21 tag-link-position-7\" style=\"font-size: 10.470588235294pt;\" aria-label=\"Helferaufruf (2\u00a0Eintr\u00e4ge)\">Helferaufruf<\/a>\n<a href=\"https:\/\/msc-schnaitheim.de\/wordpress\/category\/vereinsintern\/jahresabschlussfeier\/\" class=\"tag-cloud-link tag-link-31 tag-link-position-8\" style=\"font-size: 8pt;\" aria-label=\"Jahresabschlussfeier (1\u00a0Eintrag)\">Jahresabschlussfeier<\/a>\n<a href=\"https:\/\/msc-schnaitheim.de\/wordpress\/category\/jugend\/\" class=\"tag-cloud-link tag-link-11 tag-link-position-9\" style=\"font-size: 18.156862745098pt;\" aria-label=\"Jugend (10\u00a0Eintr\u00e4ge)\">Jugend<\/a>\n<a href=\"https:\/\/msc-schnaitheim.de\/wordpress\/category\/veranstaltung\/oldtimertag\/\" class=\"tag-cloud-link tag-link-33 tag-link-position-10\" style=\"font-size: 8pt;\" aria-label=\"Oldtimertag (1\u00a0Eintrag)\">Oldtimertag<\/a>\n<a href=\"https:\/\/msc-schnaitheim.de\/wordpress\/category\/termine\/\" class=\"tag-cloud-link tag-link-14 tag-link-position-11\" style=\"font-size: 20.352941176471pt;\" aria-label=\"Termine (15\u00a0Eintr\u00e4ge)\">Termine<\/a>\n<a href=\"https:\/\/msc-schnaitheim.de\/wordpress\/category\/training\/\" class=\"tag-cloud-link tag-link-8 tag-link-position-12\" style=\"font-size: 19.666666666667pt;\" aria-label=\"Training (13\u00a0Eintr\u00e4ge)\">Training<\/a>\n<a href=\"https:\/\/msc-schnaitheim.de\/wordpress\/category\/trainingslager\/\" class=\"tag-cloud-link tag-link-9 tag-link-position-13\" style=\"font-size: 15.549019607843pt;\" aria-label=\"Trainingslager (6\u00a0Eintr\u00e4ge)\">Trainingslager<\/a>\n<a href=\"https:\/\/msc-schnaitheim.de\/wordpress\/category\/veranstaltung\/\" class=\"tag-cloud-link tag-link-7 tag-link-position-14\" style=\"font-size: 22pt;\" aria-label=\"Veranstaltung (20\u00a0Eintr\u00e4ge)\">Veranstaltung<\/a>\n<a href=\"https:\/\/msc-schnaitheim.de\/wordpress\/category\/vereinsintern\/\" class=\"tag-cloud-link tag-link-10 tag-link-position-15\" style=\"font-size: 20.764705882353pt;\" aria-label=\"Vereinsintern (16\u00a0Eintr\u00e4ge)\">Vereinsintern<\/a>\n<a href=\"https:\/\/msc-schnaitheim.de\/wordpress\/category\/veranstaltung\/wildsaupokal\/\" class=\"tag-cloud-link tag-link-13 tag-link-position-16\" style=\"font-size: 12.117647058824pt;\" aria-label=\"Wildsaupokal (3\u00a0Eintr\u00e4ge)\">Wildsaupokal<\/a><\/p><\/div>\n\n\n\n<div class=\"wp-block-column is-layout-flow wp-block-column-is-layout-flow\">\n<h2 class=\"wp-block-heading\">Stichw\u00f6rter \/ Tags<\/h2>\n\n\n<p class=\"wp-block-tag-cloud\"><a href=\"https:\/\/msc-schnaitheim.de\/wordpress\/tag\/abschlussfeier\/\" class=\"tag-cloud-link tag-link-25 tag-link-position-1\" style=\"font-size: 11.405405405405pt;\" aria-label=\"Abschlussfeier (2\u00a0Eintr\u00e4ge)\">Abschlussfeier<\/a>\n<a href=\"https:\/\/msc-schnaitheim.de\/wordpress\/tag\/abschlusstraining\/\" class=\"tag-cloud-link tag-link-24 tag-link-position-2\" style=\"font-size: 8pt;\" aria-label=\"Abschlusstraining (1\u00a0Eintrag)\">Abschlusstraining<\/a>\n<a href=\"https:\/\/msc-schnaitheim.de\/wordpress\/tag\/bwcup\/\" class=\"tag-cloud-link tag-link-16 tag-link-position-3\" style=\"font-size: 13.675675675676pt;\" aria-label=\"BWCup (3\u00a0Eintr\u00e4ge)\">BWCup<\/a>\n<a href=\"https:\/\/msc-schnaitheim.de\/wordpress\/tag\/bwpokal\/\" class=\"tag-cloud-link tag-link-17 tag-link-position-4\" style=\"font-size: 13.675675675676pt;\" aria-label=\"BWPokal (3\u00a0Eintr\u00e4ge)\">BWPokal<\/a>\n<a href=\"https:\/\/msc-schnaitheim.de\/wordpress\/tag\/dm\/\" class=\"tag-cloud-link tag-link-18 tag-link-position-5\" style=\"font-size: 22pt;\" aria-label=\"DM (10\u00a0Eintr\u00e4ge)\">DM<\/a>\n<a href=\"https:\/\/msc-schnaitheim.de\/wordpress\/tag\/dmx-open\/\" class=\"tag-cloud-link tag-link-35 tag-link-position-6\" style=\"font-size: 8pt;\" aria-label=\"DMX-Open (1\u00a0Eintrag)\">DMX-Open<\/a>\n<a href=\"https:\/\/msc-schnaitheim.de\/wordpress\/tag\/dmx-seitenwagen\/\" class=\"tag-cloud-link tag-link-37 tag-link-position-7\" style=\"font-size: 8pt;\" aria-label=\"DMX-Seitenwagen (1\u00a0Eintrag)\">DMX-Seitenwagen<\/a>\n<a href=\"https:\/\/msc-schnaitheim.de\/wordpress\/tag\/gastfahrer\/\" class=\"tag-cloud-link tag-link-26 tag-link-position-8\" style=\"font-size: 13.675675675676pt;\" aria-label=\"Gastfahrer (3\u00a0Eintr\u00e4ge)\">Gastfahrer<\/a>\n<a href=\"https:\/\/msc-schnaitheim.de\/wordpress\/tag\/hauptversammlung\/\" class=\"tag-cloud-link tag-link-22 tag-link-position-9\" style=\"font-size: 13.675675675676pt;\" aria-label=\"Hauptversammlung (3\u00a0Eintr\u00e4ge)\">Hauptversammlung<\/a>\n<a href=\"https:\/\/msc-schnaitheim.de\/wordpress\/tag\/helferaufruf\/\" class=\"tag-cloud-link tag-link-15 tag-link-position-10\" style=\"font-size: 11.405405405405pt;\" aria-label=\"Helferaufruf (2\u00a0Eintr\u00e4ge)\">Helferaufruf<\/a>\n<a href=\"https:\/\/msc-schnaitheim.de\/wordpress\/tag\/jugend\/\" class=\"tag-cloud-link tag-link-28 tag-link-position-11\" style=\"font-size: 21.243243243243pt;\" aria-label=\"Jugend (9\u00a0Eintr\u00e4ge)\">Jugend<\/a>\n<a href=\"https:\/\/msc-schnaitheim.de\/wordpress\/tag\/mx-cup-senioren\/\" class=\"tag-cloud-link tag-link-39 tag-link-position-12\" style=\"font-size: 8pt;\" aria-label=\"MX-Cup-Senioren (1\u00a0Eintrag)\">MX-Cup-Senioren<\/a>\n<a href=\"https:\/\/msc-schnaitheim.de\/wordpress\/tag\/mx-quad\/\" class=\"tag-cloud-link tag-link-36 tag-link-position-13\" style=\"font-size: 8pt;\" aria-label=\"MX-Quad (1\u00a0Eintrag)\">MX-Quad<\/a>\n<a href=\"https:\/\/msc-schnaitheim.de\/wordpress\/tag\/oldtimertag\/\" class=\"tag-cloud-link tag-link-34 tag-link-position-14\" style=\"font-size: 8pt;\" aria-label=\"Oldtimertag (1\u00a0Eintrag)\">Oldtimertag<\/a>\n<a href=\"https:\/\/msc-schnaitheim.de\/wordpress\/tag\/trainingslager\/\" class=\"tag-cloud-link tag-link-23 tag-link-position-15\" style=\"font-size: 18.405405405405pt;\" aria-label=\"Trainingslager (6\u00a0Eintr\u00e4ge)\">Trainingslager<\/a>\n<a href=\"https:\/\/msc-schnaitheim.de\/wordpress\/tag\/veranstaltung\/\" class=\"tag-cloud-link tag-link-38 tag-link-position-16\" style=\"font-size: 8pt;\" aria-label=\"Veranstaltung (1\u00a0Eintrag)\">Veranstaltung<\/a>\n<a href=\"https:\/\/msc-schnaitheim.de\/wordpress\/tag\/vereinsintern\/\" class=\"tag-cloud-link tag-link-30 tag-link-position-17\" style=\"font-size: 13.675675675676pt;\" aria-label=\"vereinsintern (3\u00a0Eintr\u00e4ge)\">vereinsintern<\/a>\n<a href=\"https:\/\/msc-schnaitheim.de\/wordpress\/tag\/wildsaupokal\/\" class=\"tag-cloud-link tag-link-27 tag-link-position-18\" style=\"font-size: 13.675675675676pt;\" aria-label=\"Wildsaupokal (3\u00a0Eintr\u00e4ge)\">Wildsaupokal<\/a><\/p><\/div>\n<\/div>\n","protected":false},"excerpt":{"rendered":"<p>Volltextsuche Kategorien Stichw\u00f6rter \/ Tags<\/p>\n","protected":false},"author":6,"featured_media":0,"parent":0,"menu_order":0,"comment_status":"closed","ping_status":"closed","template":"","meta":{"advanced_seo_description":"","jetpack_seo_html_title":"","jetpack_seo_noindex":false,"ngg_post_thumbnail":0,"footnotes":""},"class_list":["post-1524","page","type-page","status-publish","hentry"],"jetpack-related-posts":[{"id":83,"url":"https:\/\/msc-schnaitheim.de\/wordpress\/kontakt\/","url_meta":{"origin":1524,"position":0},"title":"Kontakt","author":"webadministrator","date":"2. Februar 2020","format":false,"excerpt":"Du hast ein Anliegen, offene Fragen, Anregung, Feedback, Kritik oder m\u00f6chtest zu uns kommen. Dann schreib uns einfach eine Mail an info@msc-schnaitheim.de Du hast ein bestimmtes Anliegen und suchst den richtigen Ansprechpartner bei uns?Einer unserer Vorstandsmitglieder kann dir sicherlich helfen. Schau hier vorbei und finde den Richtigen.","rel":"","context":"\u00c4hnlicher Beitrag","block_context":{"text":"\u00c4hnlicher Beitrag","link":""},"img":{"alt_text":"","src":"","width":0,"height":0},"classes":[]},{"id":3,"url":"https:\/\/msc-schnaitheim.de\/wordpress\/datenschutzerklaerung\/","url_meta":{"origin":1524,"position":1},"title":"Datenschutzerkl\u00e4rung","author":"webadministrator","date":"1. Februar 2020","format":false,"excerpt":"Datenschutzerkl\u00e4rung Personenbezogene Daten (nachfolgend zumeist nur \u201eDaten\u201c genannt) werden von uns nur im Rahmen der Erforderlichkeit sowie zum Zwecke der Bereitstellung eines funktionsf\u00e4higen und nutzerfreundlichen Internetauftritts, inklusive seiner Inhalte und der dort angebotenen Leistungen, verarbeitet. Gem\u00e4\u00df Art. 4 Ziffer 1. der Verordnung (EU) 2016\/679, also der Datenschutz-Grundverordnung (nachfolgend nur \u201eDSGVO\u201c\u2026","rel":"","context":"\u00c4hnlicher Beitrag","block_context":{"text":"\u00c4hnlicher Beitrag","link":""},"img":{"alt_text":"","src":"","width":0,"height":0},"classes":[]},{"id":51,"url":"https:\/\/msc-schnaitheim.de\/wordpress\/wir-ueber-uns\/","url_meta":{"origin":1524,"position":2},"title":"Wir \u00fcber uns","author":"webadministrator","date":"2. Februar 2020","format":false,"excerpt":"Tradition seit 1949 Der MSC Schnaitheim e.V. im ADAC ist ein traditionsreicher Verein mit derzeit ca. 360 Mitgliedern, der am 1.10.1949 gegr\u00fcndet wurde. Der Verein kann auf eine erfolgreiche Geschichte zur\u00fcckblicken und hofft auf eine gleichsam erfolgreiche Zukunft.Jahr f\u00fcr Jahr organisieren wir mit unseren tatkr\u00e4ftigen Mitgliedern zahlreiche Motorsportveranstaltungen wie unser\u2026","rel":"","context":"\u00c4hnlicher Beitrag","block_context":{"text":"\u00c4hnlicher Beitrag","link":""},"img":{"alt_text":"","src":"https:\/\/i0.wp.com\/msc-schnaitheim.de\/wordpress\/wp-content\/uploads\/2020\/02\/header_04.png?fit=960%2C395&ssl=1&resize=350%2C200","width":350,"height":200,"srcset":"https:\/\/i0.wp.com\/msc-schnaitheim.de\/wordpress\/wp-content\/uploads\/2020\/02\/header_04.png?fit=960%2C395&ssl=1&resize=350%2C200 1x, https:\/\/i0.wp.com\/msc-schnaitheim.de\/wordpress\/wp-content\/uploads\/2020\/02\/header_04.png?fit=960%2C395&ssl=1&resize=525%2C300 1.5x, https:\/\/i0.wp.com\/msc-schnaitheim.de\/wordpress\/wp-content\/uploads\/2020\/02\/header_04.png?fit=960%2C395&ssl=1&resize=700%2C400 2x"},"classes":[]},{"id":1757,"url":"https:\/\/msc-schnaitheim.de\/wordpress\/schwarzes-brett\/","url_meta":{"origin":1524,"position":3},"title":"Schwarzes Brett","author":"Markus","date":"4. Juli 2022","format":false,"excerpt":"Liebe Vereinsmitglieder, auf dieser Seite k\u00f6nnt Ihr gerne Informationen teilen, oder Inserate \u00fcber Gesuche und Verk\u00e4ufe schalten. Daf\u00fcr nutzt Ihr bitte die Kommentarfunkion ganz unten auf dieser Seite. Bitte beachtet, dass diese Kommentare anonym (ohne Anmeldung) abgegeben werden und Ihr f\u00fcr die Inhalte selbst verantwortlich seid. Der MSC \u00fcbernimmt an\u2026","rel":"","context":"Mit 3 Kommentaren","block_context":{"text":"Mit 3 Kommentaren","link":"https:\/\/msc-schnaitheim.de\/wordpress\/schwarzes-brett\/#comments"},"img":{"alt_text":"","src":"","width":0,"height":0},"classes":[]},{"id":55,"url":"https:\/\/msc-schnaitheim.de\/wordpress\/historie\/","url_meta":{"origin":1524,"position":4},"title":"Historie","author":"webadministrator","date":"2. Februar 2020","format":false,"excerpt":"1949 Es war am 10. Oktober des Jahres 1949, als 14 motorsportbegeisterte M\u00e4nner aus Schnaitheim auf Anregung ihres Kameraden Ernst B\u00e4uerle im Gasthaus \"Eintracht\", dem sp\u00e4teren Friseursalon Knobloch\" den \"Motorsportclub Schnaitheim\" gr\u00fcndeten. Es gibt Aussagen, dass es auch schon vor dem Krieg motorradbegeisterte M\u00e4nner in Schnaitheim gab, aber als Club\u2026","rel":"","context":"\u00c4hnlicher Beitrag","block_context":{"text":"\u00c4hnlicher Beitrag","link":""},"img":{"alt_text":"","src":"https:\/\/i0.wp.com\/msc-schnaitheim.de\/wordpress\/wp-content\/uploads\/2020\/02\/head_Historie.png?fit=960%2C395&ssl=1&resize=350%2C200","width":350,"height":200,"srcset":"https:\/\/i0.wp.com\/msc-schnaitheim.de\/wordpress\/wp-content\/uploads\/2020\/02\/head_Historie.png?fit=960%2C395&ssl=1&resize=350%2C200 1x, https:\/\/i0.wp.com\/msc-schnaitheim.de\/wordpress\/wp-content\/uploads\/2020\/02\/head_Historie.png?fit=960%2C395&ssl=1&resize=525%2C300 1.5x, https:\/\/i0.wp.com\/msc-schnaitheim.de\/wordpress\/wp-content\/uploads\/2020\/02\/head_Historie.png?fit=960%2C395&ssl=1&resize=700%2C400 2x"},"classes":[]},{"id":59,"url":"https:\/\/msc-schnaitheim.de\/wordpress\/mitglied-werden\/","url_meta":{"origin":1524,"position":5},"title":"Mitglied werden","author":"webadministrator","date":"2. Februar 2020","format":false,"excerpt":"Du willst bei uns Mitglied werden?Gerne!F\u00fclle einfach den Mitgliedsantrag aus und das SEPA Lastschrift Mandat und bringe es zu den Trainingszeiten in der H\u00fctte vorbei oder sende uns den Antrag per Mail.Die Trainingsverordnung und -Zeiten findest du auch hier: MitgliedsantragHaftungsverzichtTagestrainingspassSEPA LastschriftmandatTrainingsinformation","rel":"","context":"\u00c4hnlicher Beitrag","block_context":{"text":"\u00c4hnlicher Beitrag","link":""},"img":{"alt_text":"","src":"","width":0,"height":0},"classes":[]}],"jetpack_sharing_enabled":true,"publishpress_future_action":{"enabled":false,"date":"2026-04-27 04:29:02","action":"change-status","newStatus":"draft","terms":[],"taxonomy":""},"publishpress_future_workflow_manual_trigger":{"enabledWorkflows":[]},"_links":{"self":[{"href":"https:\/\/msc-schnaitheim.de\/wordpress\/wp-json\/wp\/v2\/pages\/1524","targetHints":{"allow":["GET"]}}],"collection":[{"href":"https:\/\/msc-schnaitheim.de\/wordpress\/wp-json\/wp\/v2\/pages"}],"about":[{"href":"https:\/\/msc-schnaitheim.de\/wordpress\/wp-json\/wp\/v2\/types\/page"}],"author":[{"embeddable":true,"href":"https:\/\/msc-schnaitheim.de\/wordpress\/wp-json\/wp\/v2\/users\/6"}],"replies":[{"embeddable":true,"href":"https:\/\/msc-schnaitheim.de\/wordpress\/wp-json\/wp\/v2\/comments?post=1524"}],"version-history":[{"count":8,"href":"https:\/\/msc-schnaitheim.de\/wordpress\/wp-json\/wp\/v2\/pages\/1524\/revisions"}],"predecessor-version":[{"id":1536,"href":"https:\/\/msc-schnaitheim.de\/wordpress\/wp-json\/wp\/v2\/pages\/1524\/revisions\/1536"}],"wp:attachment":[{"href":"https:\/\/msc-schnaitheim.de\/wordpress\/wp-json\/wp\/v2\/media?parent=1524"}],"curies":[{"name":"wp","href":"https:\/\/api.w.org\/{rel}","templated":true}]}}