{"id":1200,"date":"2022-04-05T17:15:53","date_gmt":"2022-04-05T15:15:53","guid":{"rendered":"https:\/\/msc-schnaitheim.de\/wordpress\/?page_id=1200"},"modified":"2026-04-15T08:30:07","modified_gmt":"2026-04-15T06:30:07","slug":"anmeldung-und-formulare","status":"publish","type":"page","link":"https:\/\/msc-schnaitheim.de\/wordpress\/anmeldung-und-formulare\/","title":{"rendered":"Infos, Anmeldung &#038; Formulare"},"content":{"rendered":"\n<h2 class=\"wp-block-heading\">Allgemeine Informationen<\/h2>\n\n\n\n<ul class=\"wp-block-list\">\n<li><a href=\"https:\/\/msc-schnaitheim.de\/wordpress\/wp-content\/uploads\/2023\/05\/Infoblatt_Trainingsregeln.pdf\" target=\"_blank\" rel=\"noreferrer noopener\">Trainingsinformationen, Trainingszeiten &amp; Trainingsverordnung<\/a><\/li>\n\n\n\n<li><a href=\"https:\/\/msc-schnaitheim.de\/wordpress\/wp-content\/uploads\/2023\/05\/Tagestrainingspass.pdf\" target=\"_blank\" rel=\"noreferrer noopener\">Tagestrainingspass<\/a><\/li>\n\n\n\n<li><a href=\"https:\/\/msc-schnaitheim.de\/wordpress\/wp-content\/uploads\/2023\/05\/Lizenzbeihilfe.pdf\">Lizenzbeihilfe<\/a><\/li>\n\n\n\n<li><a href=\"https:\/\/msc-schnaitheim.de\/wordpress\/infos-fuer-einsteiger\/\">Infos f\u00fcr Einsteiger &amp; Jugendabteilung<\/a><\/li>\n\n\n\n<li><a href=\"https:\/\/msc-schnaitheim.de\/wordpress\/vorstand\/\">Ansprechpartner &amp; Vorstand<\/a><\/li>\n\n\n\n<li><a href=\"https:\/\/msc-schnaitheim.de\/wordpress\/strecke-trainingszeiten\/\" data-type=\"page\" data-id=\"31\">Strecke &amp; Training<\/a><\/li>\n\n\n\n<li><a href=\"https:\/\/msc-schnaitheim.de\/wordpress\/anfahrt\/\" data-type=\"page\" data-id=\"61\">Anfahrt<\/a><\/li>\n<\/ul>\n\n\n\n<hr>\n\n\n\n<h2 class=\"wp-block-heading\">Mitglied werden<\/h2>\n\n\n\n<p>Du willst bei uns Mitglied werden? Gerne!<br>F\u00fclle einfach den Mitgliedsantrag aus und das SEPA Lastschriftmandat und bringe es zu den Trainingszeiten in der H\u00fctte vorbei oder sende uns den Antrag per Mail.<br>Die Trainingsverordnung und -Zeiten findest du auch hier:<\/p>\n\n\n\n<ul class=\"wp-block-list\">\n<li><a href=\"https:\/\/msc-schnaitheim.de\/wordpress\/wp-content\/uploads\/2023\/05\/AufnahmeAntrag.pdf\" target=\"_blank\" rel=\"noreferrer noopener\">Mitgliedsantrag<\/a><\/li>\n\n\n\n<li><a href=\"https:\/\/msc-schnaitheim.de\/wordpress\/wp-content\/uploads\/2024\/01\/Neuaufnahme-Informationen.pdf\" target=\"_blank\" rel=\"noreferrer noopener\">Informationen zur  Neuaufnahme<\/a><\/li>\n\n\n\n<li><a href=\"https:\/\/msc-schnaitheim.de\/wordpress\/wp-content\/uploads\/2023\/05\/Haftungsverzicht.pdf\" target=\"_blank\" rel=\"noreferrer noopener\">Haftungsverzicht<\/a><\/li>\n\n\n\n<li><a href=\"https:\/\/msc-schnaitheim.de\/wordpress\/wp-content\/uploads\/2023\/05\/SepaLastschriftMandat.pdf\" target=\"_blank\" rel=\"noreferrer noopener\">SEPA Lastschriftsmandat<\/a><\/li>\n<\/ul>\n\n\n\n<h2 class=\"wp-block-heading\">Trainingszeiten<\/h2>\n\n\n\n<p>Trainingszeiten f\u00fcr Gastfahrer und Mitglieder:<\/p>\n\n\n\n<p><strong>Mittwoch, 17:00 Uhr bis 20:00 Uhr<\/strong><\/p>\n\n\n\n<p class=\"has-small-font-size\"><em>(bitte die Jugendzeiten beachten, siehe Info an Streckeneinfahrt)<\/em><\/p>\n\n\n\n<ul class=\"wp-block-list\">\n<li class=\"has-text-color has-link-color wp-elements-2550a493ff778a519fe43b1aefb977b0\" style=\"color:#f5ecb0\">16:45 Uhr \u2013 17:10 Uhr Jugend<\/li>\n\n\n\n<li>17:10 Uhr \u2013 17:55 Uhr Erwachsene<\/li>\n\n\n\n<li class=\"has-text-color has-link-color wp-elements-c6b71cae7e2e49ffef939a33c2de038a\" style=\"color:#f5ecb0\">17:55 Uhr \u2013 18:15 Uhr Jugend<\/li>\n\n\n\n<li>18:15 Uhr \u2013 18:55 Uhr Erwachsene<\/li>\n\n\n\n<li class=\"has-text-color has-link-color wp-elements-8da4e2fdcae2b4f0b889592202cf00ec\" style=\"color:#f5ecb0\">18:55 Uhr \u2013 19:15 Uhr Jugend<\/li>\n\n\n\n<li>19:15 Uhr &#8211; 19:55 Uhr Erwachsene<\/li>\n\n\n\n<li class=\"has-text-color has-link-color wp-elements-4c4835a2fefcdd2f2bceb25e6a07e751\" style=\"color:#f5ecb0\">19:55 Uhr \u2013 20:10 Uhr Jugend<\/li>\n<\/ul>\n\n\n\n<p>Trainingszeiten f\u00fcr Mitglieder:<\/p>\n\n\n\n<p><strong>Sonntag, 09:00 Uhr bis 12:00 Uhr<\/strong><\/p>\n\n\n\n<p class=\"has-small-font-size\"><em>(bitte die Jugendzeiten beachten, siehe Info an Streckeneinfahrt)<\/em><\/p>\n\n\n\n<ul class=\"wp-block-list\">\n<li class=\"has-text-color has-link-color wp-elements-7cdf671919670268f6d2d3f098ab8c50\" style=\"color:#f5ecb0\">9:00 Uhr \u2013 9:15 Uhr Jugend<\/li>\n\n\n\n<li>9:15 Uhr \u2013 9:55 Uhr Erwachsene<\/li>\n\n\n\n<li class=\"has-text-color has-link-color wp-elements-dc6d1a753241106339d1f7b4a4a049c8\" style=\"color:#f5ecb0\">9:55 Uhr \u2013 10:15 Uhr Jugend<\/li>\n\n\n\n<li>10:15 Uhr \u2013 10:55 Uhr Erwachsene<\/li>\n\n\n\n<li class=\"has-text-color has-link-color wp-elements-c7a9c0dc34427a6408a39d89f1645835\" style=\"color:#f5ecb0\">10:55 Uhr \u2013 11:15 Uhr Jugend<\/li>\n\n\n\n<li>11:15 Uhr &#8211; 11:55 Uhr Erwachsene<\/li>\n\n\n\n<li class=\"has-text-color has-link-color wp-elements-e85461c2f45cb8fbd31cf39abe24ab7e\" style=\"color:#f5ecb0\">11:55 Uhr \u2013 12:10 Uhr Jugend<\/li>\n<\/ul>\n\n\n\n<p>Jugend = bis 85ccm, Erwachsene = ab 85ccm<\/p>\n\n\n\n<hr>\n\n\n\n<h2 class=\"wp-block-heading\">Gastfahrer Anmeldung<\/h2>\n\n\n\n<p class=\"has-text-color has-link-color wp-elements-2d044bfa3b7a1c0faaf5d598394bc12e\" style=\"color:#b03d88\"><strong><mark style=\"background-color:rgba(0, 0, 0, 0);color:#b03d88\" class=\"has-inline-color\">Ab sofort kann die Gastfahreranmeldung auch \u00fcber das MX-Tickets-Portal gebucht werden.<\/mark><\/strong><\/p>\n\n\n\n<p>\u2192 <a href=\"https:\/\/mx-tickets.com\/mscschnaitheim\/events\" target=\"_blank\" rel=\"noreferrer noopener\">MX Tickets &#8211; MSC Schnaitheim<\/a> \u2190<\/p>\n\n\n\n<p class=\"has-text-color has-link-color wp-elements-b040b3ba8dd475243c03c8e1c973ed2c\" style=\"color:#b03d88\"><strong><mark style=\"background-color:rgba(0, 0, 0, 0);color:#b03d88\" class=\"has-inline-color\">Wenn also m\u00f6glich bitte diese Variante w\u00e4hlen.<\/mark><\/strong><\/p>\n\n\n\n<p>Trainingszeiten f\u00fcr Gastfahrer und Mitglieder:<\/p>\n\n\n\n<p><strong><strong><strong><strong>Mittwoch und Sonntag<\/strong><\/strong><\/strong><\/strong><\/p>\n\n\n\n<p><em>(bitte die Jugendzeiten beachten, siehe Info an Streckeneinfahrt)<\/em><\/p>\n\n\n\n<figure class=\"wp-block-table is-style-regular\"><table style=\"border:0px;\"><tbody><tr><td>Geb\u00fchr Erwachsene<\/td><td>20 Euro<\/td><\/tr><tr><td>Geb\u00fchr Jugendliche<\/td><td>10 Euro<\/td><\/tr><\/tbody><\/table><\/figure>\n\n\n\n<p>Aktuell m\u00fcsst ihr euch f\u00fcr das Gastfahrertraining am Mittwoch (17 &#8211; 20Uhr) im Voraus hier anmelden.<\/p>\n\n\n\n<p>Vor dem Training ist zwingend ein <a href=\"https:\/\/msc-schnaitheim.de\/wordpress\/wp-content\/uploads\/2023\/05\/Tagestrainingspass.pdf\" target=\"_blank\" rel=\"noreferrer noopener\">Haftungsverzicht<\/a> zu unterschreiben.<\/p>\n\n\n<div class=\"wpforms-container wpforms-container-full wpforms-block wpforms-block-b53c0fe4-e0b7-45b2-8f26-36566c76062b\" id=\"wpforms-690\"><form id=\"wpforms-form-690\" class=\"wpforms-validate wpforms-form\" data-formid=\"690\" method=\"post\" enctype=\"multipart\/form-data\" action=\"\/wordpress\/wp-json\/wp\/v2\/pages\/1200\" data-token=\"3aff1f691066a3d50f0ac898f39dc39b\" data-token-time=\"1776650677\"><noscript class=\"wpforms-error-noscript\">Bitte aktiviere JavaScript in deinem Browser, um dieses Formular fertigzustellen.<\/noscript><div class=\"wpforms-field-container\"><div id=\"wpforms-690-field_0-container\" class=\"wpforms-field wpforms-field-name\" data-field-id=\"0\"><label class=\"wpforms-field-label\">Name <span class=\"wpforms-required-label\">*<\/span><\/label><div class=\"wpforms-field-row wpforms-field-medium\"><div class=\"wpforms-field-row-block wpforms-first wpforms-one-half\"><input type=\"text\" id=\"wpforms-690-field_0\" class=\"wpforms-field-name-first wpforms-field-required\" name=\"wpforms[fields][0][first]\" required><label for=\"wpforms-690-field_0\" class=\"wpforms-field-sublabel after\">Vorname<\/label><\/div><div class=\"wpforms-field-row-block wpforms-one-half\"><input type=\"text\" id=\"wpforms-690-field_0-last\" class=\"wpforms-field-name-last wpforms-field-required\" name=\"wpforms[fields][0][last]\" required><label for=\"wpforms-690-field_0-last\" class=\"wpforms-field-sublabel after\">Nachname<\/label><\/div><\/div><\/div><div id=\"wpforms-690-field_1-container\" class=\"wpforms-field wpforms-field-email\" data-field-id=\"1\"><label class=\"wpforms-field-label\" for=\"wpforms-690-field_1\">E-Mail <span class=\"wpforms-required-label\">*<\/span><\/label><input type=\"email\" id=\"wpforms-690-field_1\" class=\"wpforms-field-medium wpforms-field-required\" name=\"wpforms[fields][1]\" spellcheck=\"false\" required><\/div><div id=\"wpforms-690-field_6-container\" class=\"wpforms-field wpforms-field-date-time\" data-field-id=\"6\"><label class=\"wpforms-field-label\" for=\"wpforms-690-field_6\">Trainings-Datum <span class=\"wpforms-required-label\">*<\/span><\/label><div class=\"wpforms-datepicker-wrap\"><input type=\"text\" id=\"wpforms-690-field_6\" class=\"wpforms-field-date-time-date wpforms-datepicker wpforms-field-required wpforms-field-medium\" data-date-format=\"d\/m\/Y\" data-limit-days=\"wed\" data-disable-past-dates=\"1\" data-disable-todays-date=\"0\" data-input=\"true\" name=\"wpforms[fields][6][date]\" required><a title=\"Datum leeren\" data-clear role=\"button\" tabindex=\"0\" class=\"wpforms-datepicker-clear\" aria-label=\"Datum leeren\" style=\"display:none;\"><\/a><\/div><div class=\"wpforms-field-description\">gew\u00fcnschtes Datum f\u00fcr Dein Gastfahrertraining<\/div><\/div><div id=\"wpforms-690-field_5-container\" class=\"wpforms-field wpforms-field-textarea\" data-field-id=\"5\"><label class=\"wpforms-field-label\" for=\"wpforms-690-field_5\">Zus\u00e4tzlicher Kommentar<\/label><textarea id=\"wpforms-690-field_5\" class=\"wpforms-field-medium\" name=\"wpforms[fields][5]\" ><\/textarea><\/div><\/div><!-- .wpforms-field-container --><div class=\"wpforms-recaptcha-container wpforms-is-recaptcha wpforms-is-recaptcha-type-invisible\" ><div class=\"g-recaptcha\" data-sitekey=\"6LfNHsAZAAAAAOILOW9WXHVfcXNvDgJ8Pq3b9gsW\" data-size=\"invisible\"><\/div><\/div><div class=\"wpforms-submit-container\" ><input type=\"hidden\" name=\"wpforms[id]\" value=\"690\"><input type=\"hidden\" name=\"page_title\" value=\"\"><input type=\"hidden\" name=\"page_url\" value=\"https:\/\/msc-schnaitheim.de\/wordpress\/wp-json\/wp\/v2\/pages\/1200\"><input type=\"hidden\" name=\"url_referer\" value=\"\"><button type=\"submit\" name=\"wpforms[submit]\" id=\"wpforms-submit-690\" class=\"wpforms-submit\" data-alt-text=\"Senden...\" data-submit-text=\"Anmelden\" aria-live=\"assertive\" value=\"wpforms-submit\">Anmelden<\/button><\/div><\/form><\/div>  <!-- .wpforms-container -->","protected":false},"excerpt":{"rendered":"<p>Allgemeine Informationen Mitglied werden Du willst bei uns Mitglied werden? Gerne!F\u00fclle einfach den Mitgliedsantrag aus und das SEPA Lastschriftmandat und bringe es zu den Trainingszeiten in der H\u00fctte vorbei oder sende uns den Antrag per Mail.Die Trainingsverordnung und -Zeiten findest<\/p>\n","protected":false},"author":6,"featured_media":0,"parent":0,"menu_order":0,"comment_status":"closed","ping_status":"closed","template":"","meta":{"advanced_seo_description":"","jetpack_seo_html_title":"","jetpack_seo_noindex":false,"ngg_post_thumbnail":0,"footnotes":""},"class_list":["post-1200","page","type-page","status-publish","hentry"],"jetpack-related-posts":[{"id":69,"url":"https:\/\/msc-schnaitheim.de\/wordpress\/infos-fuer-einsteiger\/","url_meta":{"origin":1200,"position":0},"title":"Infos f\u00fcr Einsteiger und Jugendabteilung","author":"webadministrator","date":"2. Februar 2020","format":false,"excerpt":"Jugendleiter Maik Schretzenmayer Zu erreichen unter: jugendleitung@msc-schnaitheim.de Einstieg ins Motocross Motocross ist ein Extrem-Sport und eine Begleitperson muss immer dabei sein.Die Jugendlichen werden konditionell und im Selbstbewusstsein extrem gefordert und gleichzeitig gest\u00e4rkt.Sicherheit hat oberste Priorit\u00e4t!\u00a0Die Technik und Ausr\u00fcstung muss immer Top in Ordnung sein. Gesundheitlich und konditionell muss jeder Fahrer\u2026","rel":"","context":"\u00c4hnlicher Beitrag","block_context":{"text":"\u00c4hnlicher Beitrag","link":""},"img":{"alt_text":"","src":"https:\/\/i0.wp.com\/msc-schnaitheim.de\/wordpress\/wp-content\/uploads\/2024\/04\/Maik-Schretzenmeyer.png?resize=350%2C200&ssl=1","width":350,"height":200,"srcset":"https:\/\/i0.wp.com\/msc-schnaitheim.de\/wordpress\/wp-content\/uploads\/2024\/04\/Maik-Schretzenmeyer.png?resize=350%2C200&ssl=1 1x, https:\/\/i0.wp.com\/msc-schnaitheim.de\/wordpress\/wp-content\/uploads\/2024\/04\/Maik-Schretzenmeyer.png?resize=525%2C300&ssl=1 1.5x, https:\/\/i0.wp.com\/msc-schnaitheim.de\/wordpress\/wp-content\/uploads\/2024\/04\/Maik-Schretzenmeyer.png?resize=700%2C400&ssl=1 2x"},"classes":[]},{"id":59,"url":"https:\/\/msc-schnaitheim.de\/wordpress\/mitglied-werden\/","url_meta":{"origin":1200,"position":1},"title":"Mitglied werden","author":"webadministrator","date":"2. Februar 2020","format":false,"excerpt":"Du willst bei uns Mitglied werden?Gerne!F\u00fclle einfach den Mitgliedsantrag aus und das SEPA Lastschrift Mandat und bringe es zu den Trainingszeiten in der H\u00fctte vorbei oder sende uns den Antrag per Mail.Die Trainingsverordnung und -Zeiten findest du auch hier: MitgliedsantragHaftungsverzichtTagestrainingspassSEPA LastschriftmandatTrainingsinformation","rel":"","context":"\u00c4hnlicher Beitrag","block_context":{"text":"\u00c4hnlicher Beitrag","link":""},"img":{"alt_text":"","src":"","width":0,"height":0},"classes":[]},{"id":31,"url":"https:\/\/msc-schnaitheim.de\/wordpress\/strecke-trainingszeiten\/","url_meta":{"origin":1200,"position":2},"title":"Strecke &#038; Training","author":"webadministrator","date":"2. Februar 2020","format":false,"excerpt":"Streckenbeschreibung der DM-Strecke \"am Hafnerh\u00e4ule\" Lehmiger Hartboden mit kleinen Steinen. Die Strecke ist durchgehend 6 Meter breit, weitl\u00e4ufig und zeichnet sich zudem durch steile Auf- und Abfahrten aus. Lange und kurze Table, Step-Up, Step-Down und Wellen runden die DM-Strecke ab. Eine anspruchsvolle Stecke, die Hobbyfahrer wie auch Profis begeistert. Streckenverordnung\u2026","rel":"","context":"\u00c4hnlicher Beitrag","block_context":{"text":"\u00c4hnlicher Beitrag","link":""},"img":{"alt_text":"","src":"https:\/\/i0.wp.com\/msc-schnaitheim.de\/wordpress\/wp-content\/uploads\/2020\/05\/2020_Strecke_neu-scaled.jpg?resize=350%2C200&ssl=1","width":350,"height":200,"srcset":"https:\/\/i0.wp.com\/msc-schnaitheim.de\/wordpress\/wp-content\/uploads\/2020\/05\/2020_Strecke_neu-scaled.jpg?resize=350%2C200&ssl=1 1x, https:\/\/i0.wp.com\/msc-schnaitheim.de\/wordpress\/wp-content\/uploads\/2020\/05\/2020_Strecke_neu-scaled.jpg?resize=525%2C300&ssl=1 1.5x, https:\/\/i0.wp.com\/msc-schnaitheim.de\/wordpress\/wp-content\/uploads\/2020\/05\/2020_Strecke_neu-scaled.jpg?resize=700%2C400&ssl=1 2x, https:\/\/i0.wp.com\/msc-schnaitheim.de\/wordpress\/wp-content\/uploads\/2020\/05\/2020_Strecke_neu-scaled.jpg?resize=1050%2C600&ssl=1 3x, https:\/\/i0.wp.com\/msc-schnaitheim.de\/wordpress\/wp-content\/uploads\/2020\/05\/2020_Strecke_neu-scaled.jpg?resize=1400%2C800&ssl=1 4x"},"classes":[]},{"id":67,"url":"https:\/\/msc-schnaitheim.de\/wordpress\/rennigel\/","url_meta":{"origin":1200,"position":3},"title":"Jugendabteilung &#8220;Rennigel&#8221;","author":"webadministrator","date":"2. Februar 2020","format":false,"excerpt":"Die Rennigel vom Hafnerh\u00e4ule Die Motocrossjugend in Schnaitheim das sind die \"Rennigel\". Eine Gruppe von 60 Jugendlichen im Alter von 6 bis 17 Jahren. Der Umgang mit der Technik, die rasanten Geschwindigkeiten und die tollen Spr\u00fcnge faszinieren Jungs und M\u00e4dels. Wer Lust hat diesen spannenden aber auch anspruchsvollen Sport kennen\u2026","rel":"","context":"\u00c4hnlicher Beitrag","block_context":{"text":"\u00c4hnlicher Beitrag","link":""},"img":{"alt_text":"","src":"https:\/\/i0.wp.com\/msc-schnaitheim.de\/wordpress\/wp-content\/uploads\/2020\/02\/header_Rennigel.png?fit=960%2C395&ssl=1&resize=350%2C200","width":350,"height":200,"srcset":"https:\/\/i0.wp.com\/msc-schnaitheim.de\/wordpress\/wp-content\/uploads\/2020\/02\/header_Rennigel.png?fit=960%2C395&ssl=1&resize=350%2C200 1x, https:\/\/i0.wp.com\/msc-schnaitheim.de\/wordpress\/wp-content\/uploads\/2020\/02\/header_Rennigel.png?fit=960%2C395&ssl=1&resize=525%2C300 1.5x, https:\/\/i0.wp.com\/msc-schnaitheim.de\/wordpress\/wp-content\/uploads\/2020\/02\/header_Rennigel.png?fit=960%2C395&ssl=1&resize=700%2C400 2x"},"classes":[]},{"id":33,"url":"https:\/\/msc-schnaitheim.de\/wordpress\/bilder\/","url_meta":{"origin":1200,"position":4},"title":"Bilder","author":"webadministrator","date":"2. Februar 2020","format":false,"excerpt":"Training vom 24. Mai 2020 Erstes Training 13. Mai 2020 MSC Strecke auf dem Hafnerh\u00e4ule 2020 Luftbildaufnahmen der Strecke vom Mai 2020. Vielen Dank daf\u00fcr an HarTmuT mAIeR. Die Strecke wartet Aufgrund der Corona Pandemie muss die Strecke momentan auf die Fahrer warten Die Jugend beim Training 2019 DM 2019","rel":"","context":"\u00c4hnlicher Beitrag","block_context":{"text":"\u00c4hnlicher Beitrag","link":""},"img":{"alt_text":"","src":"","width":0,"height":0},"classes":[]},{"id":51,"url":"https:\/\/msc-schnaitheim.de\/wordpress\/wir-ueber-uns\/","url_meta":{"origin":1200,"position":5},"title":"Wir \u00fcber uns","author":"webadministrator","date":"2. Februar 2020","format":false,"excerpt":"Tradition seit 1949 Der MSC Schnaitheim e.V. im ADAC ist ein traditionsreicher Verein mit derzeit ca. 360 Mitgliedern, der am 1.10.1949 gegr\u00fcndet wurde. Der Verein kann auf eine erfolgreiche Geschichte zur\u00fcckblicken und hofft auf eine gleichsam erfolgreiche Zukunft.Jahr f\u00fcr Jahr organisieren wir mit unseren tatkr\u00e4ftigen Mitgliedern zahlreiche Motorsportveranstaltungen wie unser\u2026","rel":"","context":"\u00c4hnlicher Beitrag","block_context":{"text":"\u00c4hnlicher Beitrag","link":""},"img":{"alt_text":"","src":"https:\/\/i0.wp.com\/msc-schnaitheim.de\/wordpress\/wp-content\/uploads\/2020\/02\/header_04.png?fit=960%2C395&ssl=1&resize=350%2C200","width":350,"height":200,"srcset":"https:\/\/i0.wp.com\/msc-schnaitheim.de\/wordpress\/wp-content\/uploads\/2020\/02\/header_04.png?fit=960%2C395&ssl=1&resize=350%2C200 1x, https:\/\/i0.wp.com\/msc-schnaitheim.de\/wordpress\/wp-content\/uploads\/2020\/02\/header_04.png?fit=960%2C395&ssl=1&resize=525%2C300 1.5x, https:\/\/i0.wp.com\/msc-schnaitheim.de\/wordpress\/wp-content\/uploads\/2020\/02\/header_04.png?fit=960%2C395&ssl=1&resize=700%2C400 2x"},"classes":[]}],"jetpack_sharing_enabled":true,"publishpress_future_action":{"enabled":false,"date":"2026-04-27 04:04:38","action":"change-status","newStatus":"draft","terms":[],"taxonomy":""},"publishpress_future_workflow_manual_trigger":{"enabledWorkflows":[]},"_links":{"self":[{"href":"https:\/\/msc-schnaitheim.de\/wordpress\/wp-json\/wp\/v2\/pages\/1200","targetHints":{"allow":["GET"]}}],"collection":[{"href":"https:\/\/msc-schnaitheim.de\/wordpress\/wp-json\/wp\/v2\/pages"}],"about":[{"href":"https:\/\/msc-schnaitheim.de\/wordpress\/wp-json\/wp\/v2\/types\/page"}],"author":[{"embeddable":true,"href":"https:\/\/msc-schnaitheim.de\/wordpress\/wp-json\/wp\/v2\/users\/6"}],"replies":[{"embeddable":true,"href":"https:\/\/msc-schnaitheim.de\/wordpress\/wp-json\/wp\/v2\/comments?post=1200"}],"version-history":[{"count":58,"href":"https:\/\/msc-schnaitheim.de\/wordpress\/wp-json\/wp\/v2\/pages\/1200\/revisions"}],"predecessor-version":[{"id":3126,"href":"https:\/\/msc-schnaitheim.de\/wordpress\/wp-json\/wp\/v2\/pages\/1200\/revisions\/3126"}],"wp:attachment":[{"href":"https:\/\/msc-schnaitheim.de\/wordpress\/wp-json\/wp\/v2\/media?parent=1200"}],"curies":[{"name":"wp","href":"https:\/\/api.w.org\/{rel}","templated":true}]}}